{"id":48979,"date":"2025-09-18T19:37:40","date_gmt":"2025-09-18T19:37:40","guid":{"rendered":"https:\/\/smartyplantsnursery.com\/product\/mantillo-de-corteza-de-pino\/"},"modified":"2026-03-07T13:49:47","modified_gmt":"2026-03-07T13:49:47","slug":"mantillo-de-corteza-de-pino","status":"publish","type":"product","link":"https:\/\/smartyplantsnursery.com\/es\/product\/mantillo-de-corteza-de-pino\/","title":{"rendered":"Mantillo de corteza de pino"},"content":{"rendered":"<p>Cubre 24 pies cuadrados extendido a 1 pulgada de ancho  <\/p>\n<p>Cubre 12 pies cuadrados extendido a 2 pulgadas de ancho <\/p>\n<p>&nbsp;<\/p>\n<div class=\"sui-flex sui-flex-col sui-gap-2\">\n<p>Los trozos de corteza de pino Timberline 2.0 cu. ft. aportan un aspecto natural y r\u00fastico a parterres, jardines, paseos y senderos. Estos trozos grandes y decorativos ayudan a retener la humedad del suelo, a frenar las malas hierbas y a mejorar la circulaci\u00f3n del aire en comparaci\u00f3n con el mantillo triturado, favoreciendo unas ra\u00edces m\u00e1s sanas. Su color marr\u00f3n oscuro aporta un acento marcado que realza el atractivo exterior y combina con cualquier dise\u00f1o de paisajismo. Los trozos de corteza de pino son ideales para zonas grandes y parterres donde la durabilidad y una cobertura de larga duraci\u00f3n son importantes. Adem\u00e1s de su atractivo est\u00e9tico, ayudan a regular la temperatura del suelo y a reducir la evaporaci\u00f3n, lo que los convierte en una opci\u00f3n pr\u00e1ctica para mantener la salud del suelo. Los trozos de corteza de pino Timberline cuentan con la certificaci\u00f3n del Mulch and Soil Council, lo que garantiza calidad y rendimiento para tus proyectos de paisajismo.       <\/p>\n<\/div>\n<div>\n<h3 class=\"sui-h3-bold sui-line-clamp-unset sui-font-normal sui-text-primary\">Destacados<\/h3>\n<ul class=\"sui-w-full sui-list-disc sui-px-6 sui-flex sui-flex-col sui-gap-2 sui-mt-2\" data-testid=\"bullet-list\">\n<li data-testid=\"bullet-list-item\">Aporta un toque decorativo a parterres y paseos<\/li>\n<li data-testid=\"bullet-list-item\">Ayuda a retener la humedad del suelo y a reducir la necesidad de riego<\/li>\n<li data-testid=\"bullet-list-item\">Fabricado con madera 100 % natural para un acolchado eficaz<\/li>\n<li data-testid=\"bullet-list-item\">Certificado por el Mulch and Soil Council para garantizar la calidad<\/li>\n<li data-testid=\"bullet-list-item\">Plantas, flores y borduras no incluidas<\/li>\n<\/ul>\n<\/div>\n","protected":false},"excerpt":{"rendered":"<p>Cubre 24 pies cuadrados extendido a 1 pulgada de ancho Cubre 12 pies cuadrados extendido a 2 pulgadas de ancho &nbsp; Los trozos de corteza de pino Timberline 2.0 cu. ft. aportan un aspecto natural y r\u00fastico a parterres, jardines, paseos y senderos. Estos trozos grandes y decorativos ayudan a retener la humedad del suelo, [&hellip;]<\/p>\n","protected":false},"featured_media":48975,"comment_status":"open","ping_status":"closed","template":"","meta":[],"product_brand":[],"product_cat":[421],"product_tag":[],"class_list":{"0":"post-48979","1":"product","2":"type-product","3":"status-publish","4":"has-post-thumbnail","6":"product_cat-suministros-para-jardineria","9":"first","10":"instock","11":"taxable","12":"shipping-taxable","13":"purchasable","14":"product-type-variable"},"aioseo_notices":[],"_links":{"self":[{"href":"https:\/\/smartyplantsnursery.com\/es\/wp-json\/wp\/v2\/product\/48979","targetHints":{"allow":["GET"]}}],"collection":[{"href":"https:\/\/smartyplantsnursery.com\/es\/wp-json\/wp\/v2\/product"}],"about":[{"href":"https:\/\/smartyplantsnursery.com\/es\/wp-json\/wp\/v2\/types\/product"}],"replies":[{"embeddable":true,"href":"https:\/\/smartyplantsnursery.com\/es\/wp-json\/wp\/v2\/comments?post=48979"}],"wp:featuredmedia":[{"embeddable":true,"href":"https:\/\/smartyplantsnursery.com\/es\/wp-json\/wp\/v2\/media\/48975"}],"wp:attachment":[{"href":"https:\/\/smartyplantsnursery.com\/es\/wp-json\/wp\/v2\/media?parent=48979"}],"wp:term":[{"taxonomy":"product_brand","embeddable":true,"href":"https:\/\/smartyplantsnursery.com\/es\/wp-json\/wp\/v2\/product_brand?post=48979"},{"taxonomy":"product_cat","embeddable":true,"href":"https:\/\/smartyplantsnursery.com\/es\/wp-json\/wp\/v2\/product_cat?post=48979"},{"taxonomy":"product_tag","embeddable":true,"href":"https:\/\/smartyplantsnursery.com\/es\/wp-json\/wp\/v2\/product_tag?post=48979"}],"curies":[{"name":"wp","href":"https:\/\/api.w.org\/{rel}","templated":true}]}}