{"id":49498,"date":"2025-10-03T17:42:52","date_gmt":"2025-10-03T17:42:52","guid":{"rendered":"https:\/\/smartyplantsnursery.com\/product\/rosa-del-desierto-adenium-arabicum\/"},"modified":"2026-04-07T13:16:03","modified_gmt":"2026-04-07T13:16:03","slug":"rosa-del-desierto-adenium-arabicum","status":"publish","type":"product","link":"https:\/\/smartyplantsnursery.com\/es\/product\/rosa-del-desierto-adenium-arabicum\/","title":{"rendered":"Rosa del desierto &#8211; adenium arabicum"},"content":{"rendered":"<p><b>Usos generales en el paisaje: <\/b>Planta ornamental, contenedor, jardines de rocas, interior, xerojardiner\u00eda<\/p>\n<p><b>Notas sobre restauraci\u00f3n ecol\u00f3gica: <\/b>Xerojardiner\u00eda, restauraci\u00f3n de terrenos \u00e1ridos, jardines des\u00e9rticos ornamentales<\/p>\n<p><b>Descripci\u00f3n: <\/b>Arbusto suculento o \u00e1rbol peque\u00f1o.<\/p>\n<p><b>Dimensiones: <\/b>Altura 1 &#8211; 3 m; Extensi\u00f3n 0,6 &#8211; 1,8 m.<\/p>\n<p><b>Tasa de crecimiento:<\/b> Moderada a lenta<\/p>\n<p><b>Distribuci\u00f3n nativa: <\/b>Pen\u00ednsula ar\u00e1biga<\/p>\n<p><b>H\u00e1bitats nativos: <\/b>Laderas rocosas, pendientes secas y llanuras arenosas<\/p>\n<p><b>Suelos: <\/b>Bien drenados, arena, grava, pH neutro a alcalino<\/p>\n<p><b>Requisitos nutricionales:<\/b> De bajos a moderados<\/p>\n<p><b>Tolerancia al agua salada:<\/b> De baja a moderada<\/p>\n<p><b>Tolerancia al viento salado:<\/b> moderada<\/p>\n<p><b>Tolerancia a la sequ\u00eda:<\/b> alta<\/p>\n<p><b>Requisitos de luz:<\/b> Pleno sol<\/p>\n<p><b>Color de la flor: <\/b>Rosa, rojo, blanco<\/p>\n<p><b>Caracter\u00edsticas de la flor:<\/b> llamativa<\/p>\n<p><b>Temporada de floraci\u00f3n:<\/b> De primavera a oto\u00f1o<\/p>\n<p><b>Fruto: <\/b>Fol\u00edculos gemelos delgados que comienzan verdes y se vuelven marrones cuando maduran<\/p>\n<p><b>Vida silvestre y ecolog\u00eda:<\/b> Atrae a los polinizadores<\/p>\n<p><b>Notas de horticultura:<\/b> Cultivado a partir de semillas, esquejes, injertos<\/p>\n<p><b>Comentarios:<\/b><\/p>\n","protected":false},"excerpt":{"rendered":"<p><img fetchpriority=\"high\" decoding=\"async\" class=\"alignnone size-medium wp-image-54744\" src=\"https:\/\/smartyplantsnursery.com\/wp-content\/uploads\/2023\/04\/Screenshot-2026-03-03-at-2.22.47-PM-300x185.webp\" alt=\"\" width=\"300\" height=\"185\"><\/p>\n<div class=\"container\">\n<div class=\"table-container\">\n<table>\n<thead>\n<tr>\n<th>Tama\u00f1o de la maceta<\/th>\n<th>Altura media plantada (desde la tierra hasta la parte superior de la planta)<\/th>\n<\/tr>\n<\/thead>\n<tbody>\n<tr>\n<td>3 galones\/10&#8243;<\/td>\n<td>1 &#8211; 2 pies<\/td>\n<\/tr>\n<\/tbody>\n<\/table>\n<\/div>\n<\/div>\n","protected":false},"featured_media":49495,"comment_status":"open","ping_status":"closed","template":"","meta":[],"product_brand":[],"product_cat":[380,340,359,357,311,310,317,315,302,379,305,306,324,361,326,360,309,345,308,314,335,323,330,419,339,307,342],"product_tag":[318,350,352],"class_list":{"0":"post-49498","1":"product","2":"type-product","3":"status-publish","4":"has-post-thumbnail","6":"product_cat-alcalino","7":"product_cat-alta","8":"product_cat-arena","9":"product_cat-baja-es-3","10":"product_cat-baja","11":"product_cat-bien-drenado","12":"product_cat-contenedor","13":"product_cat-esquejes","14":"product_cat-exotica","15":"product_cat-injerto","16":"product_cat-interior","17":"product_cat-lenta","18":"product_cat-llamativo","19":"product_cat-moderada-es-4","20":"product_cat-moderada-es-2","21":"product_cat-moderada-es-3","22":"product_cat-moderada","23":"product_cat-neutro","24":"product_cat-otono","25":"product_cat-planta-de-especimen","26":"product_cat-pleno-sol","27":"product_cat-primavera","28":"product_cat-semilla","29":"product_cat-sin-categorizar","30":"product_cat-suculenta","31":"product_cat-verano","32":"product_cat-xerojardin","33":"product_tag-blanco","34":"product_tag-rojo","35":"product_tag-rosa","36":"pa_pot-size-3-galones-10","39":"first","40":"instock","41":"taxable","42":"shipping-taxable","43":"purchasable","44":"product-type-variable"},"aioseo_notices":[],"_links":{"self":[{"href":"https:\/\/smartyplantsnursery.com\/es\/wp-json\/wp\/v2\/product\/49498","targetHints":{"allow":["GET"]}}],"collection":[{"href":"https:\/\/smartyplantsnursery.com\/es\/wp-json\/wp\/v2\/product"}],"about":[{"href":"https:\/\/smartyplantsnursery.com\/es\/wp-json\/wp\/v2\/types\/product"}],"replies":[{"embeddable":true,"href":"https:\/\/smartyplantsnursery.com\/es\/wp-json\/wp\/v2\/comments?post=49498"}],"wp:featuredmedia":[{"embeddable":true,"href":"https:\/\/smartyplantsnursery.com\/es\/wp-json\/wp\/v2\/media\/49495"}],"wp:attachment":[{"href":"https:\/\/smartyplantsnursery.com\/es\/wp-json\/wp\/v2\/media?parent=49498"}],"wp:term":[{"taxonomy":"product_brand","embeddable":true,"href":"https:\/\/smartyplantsnursery.com\/es\/wp-json\/wp\/v2\/product_brand?post=49498"},{"taxonomy":"product_cat","embeddable":true,"href":"https:\/\/smartyplantsnursery.com\/es\/wp-json\/wp\/v2\/product_cat?post=49498"},{"taxonomy":"product_tag","embeddable":true,"href":"https:\/\/smartyplantsnursery.com\/es\/wp-json\/wp\/v2\/product_tag?post=49498"}],"curies":[{"name":"wp","href":"https:\/\/api.w.org\/{rel}","templated":true}]}}