{"id":49647,"date":"2025-10-04T15:25:12","date_gmt":"2025-10-04T15:25:12","guid":{"rendered":"https:\/\/smartyplantsnursery.com\/product\/arbol-de-trompeta-dorada-tabebuia-chrysotricha\/"},"modified":"2025-12-19T21:51:52","modified_gmt":"2025-12-19T21:51:52","slug":"arbol-de-trompeta-dorada-tabebuia-chrysotricha","status":"publish","type":"product","link":"https:\/\/smartyplantsnursery.com\/es\/product\/arbol-de-trompeta-dorada-tabebuia-chrysotricha\/","title":{"rendered":"\u00c1rbol de trompeta dorada &#8211; tabebuia chrysotricha"},"content":{"rendered":"<p><b>Usos generales en el paisaje: <\/b>\u00c1rbol ornamental, planta decorativa, jardines de polinizadores<\/p>\n<p><b>Notas sobre la restauraci\u00f3n ecol\u00f3gica: <\/b>No debe utilizarse fuera de Brasil<\/p>\n<p><b>Descripci\u00f3n: <\/b>Un \u00e1rbol caducifolio de tama\u00f1o peque\u00f1o a mediano<\/p>\n<p><b>Dimensiones: <\/b>Altura 20 &#8211; 35 pies; Extensi\u00f3n 15 &#8211; 25 pies<\/p>\n<p><b>Tasa de crecimiento:<\/b> moderada<\/p>\n<p><b>Distribuci\u00f3n nativa:<\/b> Brasil<\/p>\n<p><b>H\u00e1bitats nativos: <\/b>Bosques estacionalmente secos, bosques abiertos, laderas<\/p>\n<p><b>Suelos: <\/b>Bien drenados, arena, marga, pH de \u00e1cido a neutro<\/p>\n<p><b>Requisitos nutricionales:<\/b> De bajos a moderados<\/p>\n<p><b>Tolerancia al agua salada:<\/b> baja<\/p>\n<p><b>Tolerancia al viento salado:<\/b> moderada<\/p>\n<p><b>Tolerancia a la sequ\u00eda:<\/b> Moderada a alta<\/p>\n<p><b>Requisitos de luz:<\/b> Pleno sol<\/p>\n<p><b>Color de la flor:<\/b> amarillo<\/p>\n<p><b>Caracter\u00edsticas de la flor: <\/b>En racimo, con forma de trompeta<\/p>\n<p><b>Temporada de floraci\u00f3n: <\/b>Invierno a primavera<\/p>\n<p><b>Fruto: <\/b>Vainas largas y delgadas, verdes cuando son j\u00f3venes y marrones cuando maduran<\/p>\n<p><b>Vida silvestre y ecolog\u00eda: <\/b>N\u00e9ctar de temporada temprana para polinizadores<\/p>\n<p><b>Notas de horticultura:<\/b> Cultivado a partir de semillas, esquejes, injertos<\/p>\n<p><b>Comentarios:<\/b><\/p>\n","protected":false},"excerpt":{"rendered":"<p><img decoding=\"async\" class=\"alignnone size-medium wp-image-31863\" src=\"https:\/\/smartyplantsnursery.com\/wp-content\/uploads\/2023\/04\/Screen-Shot-2023-04-22-at-11.28.02-PM-300x134.png\" alt=\"Compre con confianza en el vivero Smarty Plants.\" width=\"300\" height=\"134\"><\/p>\n<div class=\"container\">\n<div class=\"table-container\">\n<table>\n<thead>\n<tr>\n<th>Tama\u00f1o de la maceta<\/th>\n<th>Altura media plantada (desde la tierra hasta la parte superior de la planta)<\/th>\n<th>Calibre<\/th>\n<\/tr>\n<\/thead>\n<tbody>\n<tr>\n<td>3 galones\/10&#8243;<\/td>\n<td>0,6 &#8211; 1,2 m<\/td>\n<td><\/td>\n<\/tr>\n<tr>\n<td>7 galones\/14&#8243;<\/td>\n<td>1,2 &#8211; 1,8 m<\/td>\n<td><\/td>\n<\/tr>\n<tr>\n<td>15 galones\/17&#8243;<\/td>\n<td>6 &#8211; 8 pies<\/td>\n<td><\/td>\n<\/tr>\n<tr>\n<td>25 galones\/21&#8243;<\/td>\n<td>8 &#8211; 10 pies<\/td>\n<td>1,5 &#8211; 2 pulg.<\/td>\n<\/tr>\n<\/tbody>\n<\/table>\n<\/div>\n<\/div>\n","protected":false},"featured_media":49646,"comment_status":"open","ping_status":"closed","template":"","meta":[],"product_brand":[],"product_cat":[343,340,344,359,311,357,310,315,302,369,379,355,361,326,313,309,345,334,314,358,335,323,372,330],"product_tag":[319],"class_list":{"0":"post-49647","1":"product","2":"type-product","3":"status-publish","4":"has-post-thumbnail","6":"product_cat-acido","7":"product_cat-alta","8":"product_cat-arbol","9":"product_cat-arena","10":"product_cat-baja","11":"product_cat-baja-es-3","12":"product_cat-bien-drenado","13":"product_cat-esquejes","14":"product_cat-exotica","15":"product_cat-franco","16":"product_cat-injerto","17":"product_cat-invierno","18":"product_cat-moderada-es-4","19":"product_cat-moderada-es-2","20":"product_cat-moderada-es","21":"product_cat-moderada","22":"product_cat-neutro","23":"product_cat-planta-de-acento","24":"product_cat-planta-de-especimen","25":"product_cat-plantas-para-mariposas-plantas-para-polinizadores","26":"product_cat-pleno-sol","27":"product_cat-primavera","28":"product_cat-racimo","29":"product_cat-semilla","30":"product_tag-amarillo","31":"pa_pot-size-15-galones-17","32":"pa_pot-size-25-galones-21","33":"pa_pot-size-3-galones-10","34":"pa_pot-size-7-galones-14","37":"first","38":"instock","39":"taxable","40":"shipping-taxable","41":"purchasable","42":"product-type-variable"},"aioseo_notices":[],"_links":{"self":[{"href":"https:\/\/smartyplantsnursery.com\/es\/wp-json\/wp\/v2\/product\/49647","targetHints":{"allow":["GET"]}}],"collection":[{"href":"https:\/\/smartyplantsnursery.com\/es\/wp-json\/wp\/v2\/product"}],"about":[{"href":"https:\/\/smartyplantsnursery.com\/es\/wp-json\/wp\/v2\/types\/product"}],"replies":[{"embeddable":true,"href":"https:\/\/smartyplantsnursery.com\/es\/wp-json\/wp\/v2\/comments?post=49647"}],"wp:featuredmedia":[{"embeddable":true,"href":"https:\/\/smartyplantsnursery.com\/es\/wp-json\/wp\/v2\/media\/49646"}],"wp:attachment":[{"href":"https:\/\/smartyplantsnursery.com\/es\/wp-json\/wp\/v2\/media?parent=49647"}],"wp:term":[{"taxonomy":"product_brand","embeddable":true,"href":"https:\/\/smartyplantsnursery.com\/es\/wp-json\/wp\/v2\/product_brand?post=49647"},{"taxonomy":"product_cat","embeddable":true,"href":"https:\/\/smartyplantsnursery.com\/es\/wp-json\/wp\/v2\/product_cat?post=49647"},{"taxonomy":"product_tag","embeddable":true,"href":"https:\/\/smartyplantsnursery.com\/es\/wp-json\/wp\/v2\/product_tag?post=49647"}],"curies":[{"name":"wp","href":"https:\/\/api.w.org\/{rel}","templated":true}]}}