{"id":50329,"date":"2025-10-15T23:39:37","date_gmt":"2025-10-15T23:39:37","guid":{"rendered":"https:\/\/smartyplantsnursery.com\/product\/helecho-artilleria-pilea-microphylla\/"},"modified":"2026-03-05T16:07:19","modified_gmt":"2026-03-05T16:07:19","slug":"helecho-artilleria-pilea-microphylla","status":"publish","type":"product","link":"https:\/\/smartyplantsnursery.com\/es\/product\/helecho-artilleria-pilea-microphylla\/","title":{"rendered":"Helecho Artiller\u00eda &#8211; pilea microphylla"},"content":{"rendered":"<p><b>Usos generales en el paisaje: <\/b>Cobertura del suelo, interior<\/p>\n<p><b>Notas sobre la restauraci\u00f3n ecol\u00f3gica:<\/b> No recomendado<\/p>\n<p><b>Descripci\u00f3n: <\/b>herb\u00e1ceo<\/p>\n<p><b>Dimensiones: <\/b>altura 15 &#8211; 30 cm.<\/p>\n<p><b>Tasa de crecimiento:<\/b> r\u00e1pida<\/p>\n<p><b>Distribuci\u00f3n nativa: <\/b>Desde M\u00e9xico hasta Sudam\u00e9rica<\/p>\n<p><b>H\u00e1bitats nativos: <\/b>Sotobosques, afloramientos rocosos, tierras bajas tropicales h\u00famedas, acantilados de piedra caliza sombreados o bordes de bosques perturbados<\/p>\n<p><b>Suelos:<\/b> Bien drenados<\/p>\n<p><b>Requisitos nutricionales:<\/b> moderados<\/p>\n<p><b>Tolerancia al agua salada:<\/b> baja<\/p>\n<p><b>Tolerancia al viento salado:<\/b> baja<\/p>\n<p><b>Tolerancia a la sequ\u00eda:<\/b> De baja a moderada<\/p>\n<p><b>Requisitos de luz:<\/b> Sol parcial<\/p>\n<p><b>Color de la flor:<\/b> verdoso<\/p>\n<p><b>Caracter\u00edsticas de la flor: <\/b>Las flores masculinas peque\u00f1as expulsan el polen con un peque\u00f1o sonido de &#8220;soplo&#8221; (de ah\u00ed el nombre de planta de artiller\u00eda)<\/p>\n<p><b>Temporada de floraci\u00f3n:<\/b> Todo el a\u00f1o<\/p>\n<p><b>Fruto: <\/b>Aquenio seco de una sola semilla, peque\u00f1o, de color verde p\u00e1lido a marr\u00f3n claro cuando est\u00e1 maduro<\/p>\n<p><b>Vida silvestre y ecolog\u00eda: <\/b>microh\u00e1bitat<\/p>\n<p><b>Notas de horticultura: <\/b>Cultivado a partir de semillas, esquejes, divisi\u00f3n<\/p>\n<p><b>Comentarios:<\/b><\/p>\n","protected":false},"excerpt":{"rendered":"<p><img fetchpriority=\"high\" decoding=\"async\" class=\"alignnone size-medium wp-image-54744\" src=\"https:\/\/smartyplantsnursery.com\/wp-content\/uploads\/2023\/04\/Screenshot-2026-03-03-at-2.22.47-PM-300x185.png\" alt=\"\" width=\"300\" height=\"185\"><\/p>\n<div class=\"container\">\n<div class=\"table-container\">\n<table>\n<thead>\n<tr>\n<th>Tama\u00f1o de la maceta<\/th>\n<th>Altura media plantada (desde la tierra hasta la parte superior de la planta)<\/th>\n<\/tr>\n<\/thead>\n<tbody>\n<tr>\n<td>1 gal\u00f3n\/6&#8243;<\/td>\n<td>15 cm &#8211; 30 cm<\/td>\n<\/tr>\n<\/tbody>\n<\/table>\n<\/div>\n<\/div>\n","protected":false},"featured_media":50326,"comment_status":"open","ping_status":"closed","template":"","meta":[],"product_brand":[],"product_cat":[329,311,312,310,321,331,315,302,305,355,309,313,308,316,323,322,330,303,307],"product_tag":[327],"class_list":{"0":"post-50329","1":"product","2":"type-product","3":"status-publish","4":"has-post-thumbnail","6":"product_cat-baja-es-2","7":"product_cat-baja","8":"product_cat-baja-es","9":"product_cat-bien-drenado","10":"product_cat-cobertura-del-suelo","11":"product_cat-division-es","12":"product_cat-esquejes","13":"product_cat-exotica","14":"product_cat-interior","15":"product_cat-invierno","16":"product_cat-moderada","17":"product_cat-moderada-es","18":"product_cat-otono","19":"product_cat-pequena","20":"product_cat-primavera","21":"product_cat-rapido","22":"product_cat-semilla","23":"product_cat-sol-parcial","24":"product_cat-verano","25":"product_tag-verde","26":"pa_pot-size-1-galon-6","29":"first","30":"instock","31":"taxable","32":"shipping-taxable","33":"purchasable","34":"product-type-variable"},"aioseo_notices":[],"_links":{"self":[{"href":"https:\/\/smartyplantsnursery.com\/es\/wp-json\/wp\/v2\/product\/50329","targetHints":{"allow":["GET"]}}],"collection":[{"href":"https:\/\/smartyplantsnursery.com\/es\/wp-json\/wp\/v2\/product"}],"about":[{"href":"https:\/\/smartyplantsnursery.com\/es\/wp-json\/wp\/v2\/types\/product"}],"replies":[{"embeddable":true,"href":"https:\/\/smartyplantsnursery.com\/es\/wp-json\/wp\/v2\/comments?post=50329"}],"wp:featuredmedia":[{"embeddable":true,"href":"https:\/\/smartyplantsnursery.com\/es\/wp-json\/wp\/v2\/media\/50326"}],"wp:attachment":[{"href":"https:\/\/smartyplantsnursery.com\/es\/wp-json\/wp\/v2\/media?parent=50329"}],"wp:term":[{"taxonomy":"product_brand","embeddable":true,"href":"https:\/\/smartyplantsnursery.com\/es\/wp-json\/wp\/v2\/product_brand?post=50329"},{"taxonomy":"product_cat","embeddable":true,"href":"https:\/\/smartyplantsnursery.com\/es\/wp-json\/wp\/v2\/product_cat?post=50329"},{"taxonomy":"product_tag","embeddable":true,"href":"https:\/\/smartyplantsnursery.com\/es\/wp-json\/wp\/v2\/product_tag?post=50329"}],"curies":[{"name":"wp","href":"https:\/\/api.w.org\/{rel}","templated":true}]}}