{"id":50412,"date":"2025-10-19T23:43:51","date_gmt":"2025-10-19T23:43:51","guid":{"rendered":"https:\/\/smartyplantsnursery.com\/product\/arbusto-de-arandano-japones-enano-elaeocarpus-decipiens-little-emperor\/"},"modified":"2026-04-07T13:45:07","modified_gmt":"2026-04-07T13:45:07","slug":"arbusto-de-arandano-japones-enano-elaeocarpus-decipiens-little-emperor","status":"publish","type":"product","link":"https:\/\/smartyplantsnursery.com\/es\/product\/arbusto-de-arandano-japones-enano-elaeocarpus-decipiens-little-emperor\/","title":{"rendered":"Arbusto de ar\u00e1ndano japon\u00e9s enano &#8211; elaeocarpus decipiens &#8216;Little emperor&#8217;"},"content":{"rendered":"<p><b>Usos generales en el paisajismo:<\/b> Borde, contenedor, pantalla, planta ornamental, sotobosque<\/p>\n<p><b>Notas sobre restauraci\u00f3n ecol\u00f3gica:<\/b> Restauraci\u00f3n de h\u00e1bitats, control de la erosi\u00f3n, mejora de la biodiversidad, reforestaci\u00f3n, zona de amortiguamiento<\/p>\n<p><b>Descripci\u00f3n:<\/b> \u00c1rbol de hoja perenne<\/p>\n<p><b>Dimensiones:<\/b> Altura 2,4 &#8211; 3,7 m; Extensi\u00f3n 1,8 &#8211; 3 m<\/p>\n<p><b>Tasa de crecimiento:<\/b> lenta<\/p>\n<p><b>Distribuci\u00f3n nativa:<\/b> Jap\u00f3n, sur de China, Taiw\u00e1n<\/p>\n<p><b>H\u00e1bitats nativos:<\/b> Regiones c\u00e1lidas y boscosas<\/p>\n<p><b>Suelos:<\/b> Bien drenados, \u00e1cidos<\/p>\n<p><b>Requisitos nutricionales:<\/b> moderados<\/p>\n<p><b>Tolerancia al agua salada:<\/b> baja<\/p>\n<p><b>Tolerancia al viento salado:<\/b> baja<\/p>\n<p><b>Tolerancia a la sequ\u00eda:<\/b> moderada<\/p>\n<p><b>Requisitos de luz:<\/b> Pleno sol a sol parcial<\/p>\n<p><b>Color de la flor:<\/b> Blanco<\/p>\n<p><b>Caracter\u00edsticas de la flor:<\/b> Discretas, peque\u00f1as<\/p>\n<p><b>Temporada de floraci\u00f3n:<\/b> Primavera, verano<\/p>\n<p><b>Fruto:<\/b> Bayas peque\u00f1as que cambian de verde a negro azulado oscuro y acerado<\/p>\n<p><b>Fauna y ecolog\u00eda:<\/b> Las flores atraen a los polinizadores y el fruto atrae a las aves.<\/p>\n<p><b>Notas de horticultura:<\/b> Se propaga por esquejes, injertos, cultivo de tejidos<\/p>\n<p><b>Comentarios:<\/b><\/p>\n","protected":false},"excerpt":{"rendered":"<p><img fetchpriority=\"high\" decoding=\"async\" class=\"alignnone size-medium wp-image-54744\" src=\"https:\/\/smartyplantsnursery.com\/wp-content\/uploads\/2023\/04\/Screenshot-2026-03-03-at-2.22.47-PM-300x185.webp\" alt=\"\" width=\"300\" height=\"185\"><\/p>\n<div class=\"container\">\n<div class=\"table-container\">\n<table>\n<thead>\n<tr>\n<th>Tama\u00f1o de la maceta<\/th>\n<th>Altura media plantada (desde la tierra hasta la parte superior de la planta)<\/th>\n<\/tr>\n<\/thead>\n<tbody>\n<tr>\n<td>25 galones\/21&#8243;<\/td>\n<td>3 &#8211; 3,6 m<\/td>\n<\/tr>\n<\/tbody>\n<\/table>\n<\/div>\n<\/div>\n","protected":false},"featured_media":50409,"comment_status":"open","ping_status":"closed","template":"","meta":[],"product_brand":[],"product_cat":[343,344,311,312,310,375,317,399,315,302,365,379,306,309,313,378,316,314,335,323,303,377,307],"product_tag":[318],"class_list":{"0":"post-50412","1":"product","2":"type-product","3":"status-publish","4":"has-post-thumbnail","6":"product_cat-acido","7":"product_cat-arbol","8":"product_cat-baja","9":"product_cat-baja-es","10":"product_cat-bien-drenado","11":"product_cat-borde","12":"product_cat-contenedor","13":"product_cat-cultivo-de-tejidos","14":"product_cat-esquejes","15":"product_cat-exotica","16":"product_cat-inconspicuo","17":"product_cat-injerto","18":"product_cat-lenta","19":"product_cat-moderada","20":"product_cat-moderada-es","21":"product_cat-pantalla","22":"product_cat-pequena","23":"product_cat-planta-de-especimen","24":"product_cat-pleno-sol","25":"product_cat-primavera","26":"product_cat-sol-parcial","27":"product_cat-sotobosque","28":"product_cat-verano","29":"product_tag-blanco","30":"pa_pot-size-25-galones-21","33":"first","34":"instock","35":"taxable","36":"shipping-taxable","37":"purchasable","38":"product-type-variable"},"aioseo_notices":[],"_links":{"self":[{"href":"https:\/\/smartyplantsnursery.com\/es\/wp-json\/wp\/v2\/product\/50412","targetHints":{"allow":["GET"]}}],"collection":[{"href":"https:\/\/smartyplantsnursery.com\/es\/wp-json\/wp\/v2\/product"}],"about":[{"href":"https:\/\/smartyplantsnursery.com\/es\/wp-json\/wp\/v2\/types\/product"}],"replies":[{"embeddable":true,"href":"https:\/\/smartyplantsnursery.com\/es\/wp-json\/wp\/v2\/comments?post=50412"}],"wp:featuredmedia":[{"embeddable":true,"href":"https:\/\/smartyplantsnursery.com\/es\/wp-json\/wp\/v2\/media\/50409"}],"wp:attachment":[{"href":"https:\/\/smartyplantsnursery.com\/es\/wp-json\/wp\/v2\/media?parent=50412"}],"wp:term":[{"taxonomy":"product_brand","embeddable":true,"href":"https:\/\/smartyplantsnursery.com\/es\/wp-json\/wp\/v2\/product_brand?post=50412"},{"taxonomy":"product_cat","embeddable":true,"href":"https:\/\/smartyplantsnursery.com\/es\/wp-json\/wp\/v2\/product_cat?post=50412"},{"taxonomy":"product_tag","embeddable":true,"href":"https:\/\/smartyplantsnursery.com\/es\/wp-json\/wp\/v2\/product_tag?post=50412"}],"curies":[{"name":"wp","href":"https:\/\/api.w.org\/{rel}","templated":true}]}}