{"id":50424,"date":"2025-10-20T00:08:37","date_gmt":"2025-10-20T00:08:37","guid":{"rendered":"https:\/\/smartyplantsnursery.com\/product\/almendro-tropical-terminalia-catappa\/"},"modified":"2026-03-07T14:05:21","modified_gmt":"2026-03-07T14:05:21","slug":"almendro-tropical-terminalia-catappa","status":"publish","type":"product","link":"https:\/\/smartyplantsnursery.com\/es\/product\/almendro-tropical-terminalia-catappa\/","title":{"rendered":"Almendro tropical &#8211; terminalia catappa"},"content":{"rendered":"<p><b>Usos generales en el paisaje: <\/b>\u00c1rbol de sombra, nuez comestible<\/p>\n<p><b>Notas sobre restauraci\u00f3n ecol\u00f3gica: <\/b>Estabilizaci\u00f3n costera, proveedor de h\u00e1bitat, fuente de alimento, especie pionera, ciclo de nutrientes<\/p>\n<p><b>Descripci\u00f3n: <\/b>Un \u00e1rbol grande, tropical y caducifolio, famoso por su distintiva estructura de ramificaci\u00f3n en capas, similar a una pagoda, y sus hojas anchas y brillantes que se tornan en brillantes tonos de rojo y carmes\u00ed antes de caer.<\/p>\n<p><b>Dimensiones: <\/b>Altura 15 &#8211; 27 m.<\/p>\n<p><b>Tasa de crecimiento:<\/b> r\u00e1pida<\/p>\n<p><b>Distribuci\u00f3n nativa: <\/b>Regiones costeras de Asia tropical, norte de Australia e islas del Pac\u00edfico.<\/p>\n<p><b>H\u00e1bitats nativos: <\/b>Playas y orillas costeras, bosques costeros de tierras bajas, riberas de r\u00edos y estuarios<\/p>\n<p><b>Suelos: <\/b>Arena, bien drenado<\/p>\n<p><b>Requisitos nutricionales:<\/b> De bajos a moderados<\/p>\n<p><b>Tolerancia al agua salada:<\/b> alta<\/p>\n<p><b>Tolerancia al viento salado:<\/b> alta<\/p>\n<p><b>Tolerancia a la sequ\u00eda:<\/b> alta<\/p>\n<p><b>Requisitos de luz:<\/b> Pleno sol<\/p>\n<p><b>Color de la flor:<\/b> Blanco verdoso<\/p>\n<p><b>Caracter\u00edsticas de la flor:<\/b> Discretas, peque\u00f1as<\/p>\n<p><b>Temporada de floraci\u00f3n:<\/b> Primavera a verano<\/p>\n<p><b>Fruto: <\/b>Una nuez con un exterior fibroso y carnoso. El fruto tiene forma de almendra, mide 5-7,5 cm de largo y es de color verde, madurando a amarillo o rojo. <\/p>\n<p><b>Fauna y ecolog\u00eda: <\/b>Su fruto se dispersa por el agua (es flotante) y por murci\u00e9lagos frug\u00edvoros, lo que le ayuda a colonizar nuevas costas.<\/p>\n<p><b>Notas de horticultura:<\/b> Se cultiva a partir de semillas, esquejes<\/p>\n<p><b>Comentarios:<\/b><\/p>\n","protected":false},"excerpt":{"rendered":"<p><img decoding=\"async\" class=\"alignnone size-medium wp-image-31863\" src=\"https:\/\/smartyplantsnursery.com\/wp-content\/uploads\/2023\/04\/Screen-Shot-2023-04-22-at-11.28.02-PM-300x134.png\" alt=\"Compre con confianza en el vivero Smarty Plants.\" width=\"300\" height=\"134\"><\/p>\n<div class=\"container\">\n<div class=\"table-container\">\n<table>\n<thead>\n<tr>\n<th>Tama\u00f1o de la maceta<\/th>\n<th>Altura media plantada (desde la tierra hasta la parte superior de la planta)<\/th>\n<\/tr>\n<\/thead>\n<tbody>\n<tr>\n<td>7 galones\/14&#8243;<\/td>\n<td>2 &#8211; 4 pies<\/td>\n<\/tr>\n<\/tbody>\n<\/table>\n<\/div>\n<\/div>\n","protected":false},"featured_media":50682,"comment_status":"open","ping_status":"closed","template":"","meta":[],"product_brand":[],"product_cat":[340,376,362,344,371,359,357,310,353,315,302,365,309,316,335,323,322,330,307],"product_tag":[318,327],"class_list":{"0":"post-50424","1":"product","2":"type-product","3":"status-publish","4":"has-post-thumbnail","6":"product_cat-alta","7":"product_cat-alta-es-3","8":"product_cat-alta-es-2","9":"product_cat-arbol","10":"product_cat-arbol-de-sombra","11":"product_cat-arena","12":"product_cat-baja-es-3","13":"product_cat-bien-drenado","14":"product_cat-comestible","15":"product_cat-esquejes","16":"product_cat-exotica","17":"product_cat-inconspicuo","18":"product_cat-moderada","19":"product_cat-pequena","20":"product_cat-pleno-sol","21":"product_cat-primavera","22":"product_cat-rapido","23":"product_cat-semilla","24":"product_cat-verano","25":"product_tag-blanco","26":"product_tag-verde","27":"pa_pot-size-7-galones-14","30":"first","31":"instock","32":"taxable","33":"shipping-taxable","34":"purchasable","35":"product-type-variable"},"aioseo_notices":[],"_links":{"self":[{"href":"https:\/\/smartyplantsnursery.com\/es\/wp-json\/wp\/v2\/product\/50424","targetHints":{"allow":["GET"]}}],"collection":[{"href":"https:\/\/smartyplantsnursery.com\/es\/wp-json\/wp\/v2\/product"}],"about":[{"href":"https:\/\/smartyplantsnursery.com\/es\/wp-json\/wp\/v2\/types\/product"}],"replies":[{"embeddable":true,"href":"https:\/\/smartyplantsnursery.com\/es\/wp-json\/wp\/v2\/comments?post=50424"}],"wp:featuredmedia":[{"embeddable":true,"href":"https:\/\/smartyplantsnursery.com\/es\/wp-json\/wp\/v2\/media\/50682"}],"wp:attachment":[{"href":"https:\/\/smartyplantsnursery.com\/es\/wp-json\/wp\/v2\/media?parent=50424"}],"wp:term":[{"taxonomy":"product_brand","embeddable":true,"href":"https:\/\/smartyplantsnursery.com\/es\/wp-json\/wp\/v2\/product_brand?post=50424"},{"taxonomy":"product_cat","embeddable":true,"href":"https:\/\/smartyplantsnursery.com\/es\/wp-json\/wp\/v2\/product_cat?post=50424"},{"taxonomy":"product_tag","embeddable":true,"href":"https:\/\/smartyplantsnursery.com\/es\/wp-json\/wp\/v2\/product_tag?post=50424"}],"curies":[{"name":"wp","href":"https:\/\/api.w.org\/{rel}","templated":true}]}}