{"id":50559,"date":"2025-10-22T20:49:09","date_gmt":"2025-10-22T20:49:09","guid":{"rendered":"https:\/\/smartyplantsnursery.com\/?post_type=product&#038;p=50559"},"modified":"2026-03-13T14:57:38","modified_gmt":"2026-03-13T14:57:38","slug":"brazilian-beautyleaf-calophyllum-brasiliense-copy","status":"publish","type":"product","link":"https:\/\/smartyplantsnursery.com\/es\/product\/brazilian-beautyleaf-calophyllum-brasiliense-copy\/","title":{"rendered":"Calophyllum brasiliense (arbusto) &#8211; calophyllum brasiliense"},"content":{"rendered":"<p class=\"\" style=\"text-align: left;\"><b class=\"\">Usos generales en el paisajismo:<\/b> Uso ornamental, seto, jardines de lluvia y zonas ribere\u00f1as, h\u00e1bitat de vida silvestre, proyectos de reforestaci\u00f3n y restauraci\u00f3n, amortiguador ambiental<\/p>\n<p class=\"\" style=\"text-align: left;\"><b class=\"\">Notas sobre restauraci\u00f3n ecol\u00f3gica:<\/b> Resiliencia al \u00e1rbol ambiental, control de la erosi\u00f3n y estabilizaci\u00f3n del suelo, secuestro de carbono, apoyo a la biodiversidad, reforestaci\u00f3n y conectividad forestal, restauraci\u00f3n de ecosistemas ribere\u00f1os<\/p>\n<p class=\"\" style=\"text-align: left;\"><b class=\"\">Descripci\u00f3n:<\/b> \u00c1rbol tropical de hoja perenne.<\/p>\n<p class=\"\" style=\"text-align: left;\"><b class=\"\">Dimensiones:<\/b> Altura 30 &#8211; 40 pies; Extensi\u00f3n 40 &#8211; 50 pies.<\/p>\n<p class=\"\" style=\"text-align: left;\"><b class=\"\">Tasa de crecimiento:<\/b> moderada<\/p>\n<p class=\"\" style=\"text-align: left;\"><b class=\"\">Distribuci\u00f3n nativa:<\/b> Centro y Sudam\u00e9rica<\/p>\n<p class=\"\" style=\"text-align: left;\"><b class=\"\">H\u00e1bitats nativos:<\/b> Bosques tropicales de tierras bajas y \u00e1reas pantanosas.<\/p>\n<p class=\"\" style=\"text-align: left;\"><b class=\"\">Suelos:<\/b> arcilloso; arenoso; franco; alcalino; \u00e1cido; bien drenado<\/p>\n<p class=\"\" style=\"text-align: left;\"><b class=\"\">Requisitos nutricionales:<\/b> de moderados a bajos<\/p>\n<p class=\"\" style=\"text-align: left;\"><b class=\"\">Tolerancia al agua salada:<\/b> moderada<\/p>\n<p class=\"\" style=\"text-align: left;\"><b class=\"\">Tolerancia al viento salado:<\/b> alta<\/p>\n<p class=\"\" style=\"text-align: left;\"><b class=\"\">Tolerancia a la sequ\u00eda:<\/b> alta<\/p>\n<p class=\"\" style=\"text-align: left;\"><b class=\"\">Requisitos de luz:<\/b> pleno sol a sol parcial<\/p>\n<p class=\"\" style=\"text-align: left;\"><b class=\"\">Color de la flor:<\/b> Blanco<\/p>\n<p class=\"\" style=\"text-align: left;\"><b class=\"\">Caracter\u00edsticas de la flor:<\/b> Peque\u00f1as, fragantes, dispuestas en racimos<\/p>\n<p class=\"\" style=\"text-align: left;\"><b class=\"\">Temporada de floraci\u00f3n:<\/b> Desde finales de primavera hasta principios de verano<\/p>\n<p class=\"\" style=\"text-align: left;\"><b class=\"\">Fruto:<\/b> Drupa redonda, t\u00edpicamente verde cuando es inmadura y se vuelve de color marr\u00f3n amarillento a medida que madura.<\/p>\n<p class=\"\" style=\"text-align: left;\"><b class=\"\">Vida silvestre y ecolog\u00eda:<\/b> Desempe\u00f1a un papel esencial en la estabilizaci\u00f3n de las riberas de los r\u00edos y los ecosistemas de humedales<\/p>\n<p class=\"\" style=\"text-align: left;\"><b class=\"\">Notas de horticultura:<\/b> Cultivado a partir de semillas o esquejes.<\/p>\n<p class=\"\" style=\"text-align: left;\"><b class=\"\">Comentarios:<\/b><\/p>\n","protected":false},"excerpt":{"rendered":"<p><img fetchpriority=\"high\" decoding=\"async\" class=\"alignnone size-medium wp-image-54744\" src=\"https:\/\/smartyplantsnursery.com\/wp-content\/uploads\/2023\/04\/Screenshot-2026-03-03-at-2.22.47-PM-300x185.webp\" alt=\"\" width=\"300\" height=\"185\"><\/p>\n<div class=\"container\">\n<div class=\"table-container\">\n<table>\n<thead>\n<tr>\n<th>Tama\u00f1o de la maceta<\/th>\n<th>Altura media plantada (desde la tierra hasta la parte superior de la planta)<\/th>\n<\/tr>\n<\/thead>\n<tbody>\n<tr>\n<td>25 galones\/21&#8243;<\/td>\n<td>6 &#8211; 8 pies<\/td>\n<\/tr>\n<\/tbody>\n<\/table>\n<\/div>\n<\/div>\n","protected":false},"featured_media":50565,"comment_status":"open","ping_status":"closed","template":"","meta":[],"product_brand":[],"product_cat":[343,380,362,304,382,359,357,310,315,302,374,369,326,360,309,316,335,323,372,330,332,303,307],"product_tag":[318],"class_list":{"0":"post-50559","1":"product","2":"type-product","3":"status-publish","4":"has-post-thumbnail","6":"product_cat-acido","7":"product_cat-alcalino","8":"product_cat-alta-es-2","9":"product_cat-arbusto","10":"product_cat-arcilla","11":"product_cat-arena","12":"product_cat-baja-es-3","13":"product_cat-bien-drenado","14":"product_cat-esquejes","15":"product_cat-exotica","16":"product_cat-fragante-2","17":"product_cat-franco","18":"product_cat-moderada-es-2","19":"product_cat-moderada-es-3","20":"product_cat-moderada","21":"product_cat-pequena","22":"product_cat-pleno-sol","23":"product_cat-primavera","24":"product_cat-racimo","25":"product_cat-semilla","26":"product_cat-seto","27":"product_cat-sol-parcial","28":"product_cat-verano","29":"product_tag-blanco","30":"pa_pot-size-25-galones-21","31":"pa_pot-size-3-galones-10","34":"first","35":"instock","36":"taxable","37":"shipping-taxable","38":"purchasable","39":"product-type-variable"},"aioseo_notices":[],"_links":{"self":[{"href":"https:\/\/smartyplantsnursery.com\/es\/wp-json\/wp\/v2\/product\/50559","targetHints":{"allow":["GET"]}}],"collection":[{"href":"https:\/\/smartyplantsnursery.com\/es\/wp-json\/wp\/v2\/product"}],"about":[{"href":"https:\/\/smartyplantsnursery.com\/es\/wp-json\/wp\/v2\/types\/product"}],"replies":[{"embeddable":true,"href":"https:\/\/smartyplantsnursery.com\/es\/wp-json\/wp\/v2\/comments?post=50559"}],"wp:featuredmedia":[{"embeddable":true,"href":"https:\/\/smartyplantsnursery.com\/es\/wp-json\/wp\/v2\/media\/50565"}],"wp:attachment":[{"href":"https:\/\/smartyplantsnursery.com\/es\/wp-json\/wp\/v2\/media?parent=50559"}],"wp:term":[{"taxonomy":"product_brand","embeddable":true,"href":"https:\/\/smartyplantsnursery.com\/es\/wp-json\/wp\/v2\/product_brand?post=50559"},{"taxonomy":"product_cat","embeddable":true,"href":"https:\/\/smartyplantsnursery.com\/es\/wp-json\/wp\/v2\/product_cat?post=50559"},{"taxonomy":"product_tag","embeddable":true,"href":"https:\/\/smartyplantsnursery.com\/es\/wp-json\/wp\/v2\/product_tag?post=50559"}],"curies":[{"name":"wp","href":"https:\/\/api.w.org\/{rel}","templated":true}]}}