{"id":50790,"date":"2025-11-10T19:42:29","date_gmt":"2025-11-10T19:42:29","guid":{"rendered":"https:\/\/smartyplantsnursery.com\/product\/enredadera-de-rangun-quisqualis-indica\/"},"modified":"2026-03-07T13:58:18","modified_gmt":"2026-03-07T13:58:18","slug":"enredadera-de-rangun-quisqualis-indica","status":"publish","type":"product","link":"https:\/\/smartyplantsnursery.com\/es\/product\/enredadera-de-rangun-quisqualis-indica\/","title":{"rendered":"Enredadera de Rang\u00fan &#8211; quisqualis indica"},"content":{"rendered":"<p><b>Usos generales en el paisaje:<\/b> Enredadera trepadora, pantalla fragante y florida para dar privacidad<\/p>\n<p><b>Notas sobre la restauraci\u00f3n ecol\u00f3gica:<\/b> No se recomienda porque se considera invasora<\/p>\n<p><b>Descripci\u00f3n:<\/b> Enredadera trepadora le\u00f1osa<\/p>\n<p><b>Dimensiones:<\/b> Altura: 7,6 m.<\/p>\n<p><b>Tasa de crecimiento:<\/b> r\u00e1pida<\/p>\n<p><b>Distribuci\u00f3n nativa:<\/b> Asia tropical &#8211; \u00c1frica a Filipinas<\/p>\n<p><b>H\u00e1bitats nativos:<\/b> Bordes de bosques y claros, matorrales y malezas, riberas de r\u00edos y barrancos, \u00e1reas de tierras bajas<\/p>\n<p><b>Suelos:<\/b> Bien drenados, franco<\/p>\n<p><b>Requisitos nutricionales:<\/b> moderados<\/p>\n<p><b>Tolerancia al agua salada:<\/b> baja<\/p>\n<p><b>Tolerancia al viento salado:<\/b> baja<\/p>\n<p><b>Tolerancia a la sequ\u00eda:<\/b> de moderada a alta<\/p>\n<p><b>Requisitos de luz:<\/b> Pleno sol a sol parcial<\/p>\n<p><b>Color de la flor:<\/b> Pasan de blanco a rosa y a rojo<\/p>\n<p><b>Caracter\u00edsticas de la flor:<\/b> En racimo, tubular, fragante<\/p>\n<p><b>Temporada de floraci\u00f3n:<\/b> Desde finales de la primavera hasta el oto\u00f1o<\/p>\n<p><b>Fruto:<\/b> Un fruto peque\u00f1o y elipsoide. Cuando est\u00e1 seco, tiene cinco crestas prominentes en forma de ala. En el interior hay una sola semilla.  <\/p>\n<p><b>Fauna y ecolog\u00eda:<\/b> La planta est\u00e1 espec\u00edficamente adaptada para la polinizaci\u00f3n por esfinges (Sphingidae).<\/p>\n<p><b>Notas de horticultura:<\/b> Se cultiva a partir de esquejes, acodos, semillas<\/p>\n<p><b>Comentarios:<\/b><\/p>\n","protected":false},"excerpt":{"rendered":"<p><img decoding=\"async\" class=\"alignnone size-medium wp-image-31863\" src=\"https:\/\/smartyplantsnursery.com\/wp-content\/uploads\/2023\/04\/Screen-Shot-2023-04-22-at-11.28.02-PM-300x134.png\" alt=\"Compre con confianza en el vivero Smarty Plants.\" width=\"300\" height=\"134\"><\/p>\n<div class=\"container\">\n<div class=\"table-container\">\n<table>\n<thead>\n<tr>\n<th>Tama\u00f1o de la maceta<\/th>\n<th>Altura media plantada (desde la tierra hasta la parte superior de la planta)<\/th>\n<\/tr>\n<\/thead>\n<tbody>\n<tr>\n<td>3 galones\/10&#8243;<\/td>\n<td>1 &#8211; 2 pies<\/td>\n<\/tr>\n<\/tbody>\n<\/table>\n<\/div>\n<\/div>\n","protected":false},"featured_media":50950,"comment_status":"open","ping_status":"closed","template":"","meta":[],"product_brand":[],"product_cat":[336,340,311,312,310,320,315,374,369,309,313,308,378,335,323,372,322,330,303,333],"product_tag":[318,350,352],"class_list":{"0":"post-50790","1":"product","2":"type-product","3":"status-publish","4":"has-post-thumbnail","6":"product_cat-acodo-aereo","7":"product_cat-alta","8":"product_cat-baja","9":"product_cat-baja-es","10":"product_cat-bien-drenado","11":"product_cat-enredadera","12":"product_cat-esquejes","13":"product_cat-fragante-2","14":"product_cat-franco","15":"product_cat-moderada","16":"product_cat-moderada-es","17":"product_cat-otono","18":"product_cat-pantalla","19":"product_cat-pleno-sol","20":"product_cat-primavera","21":"product_cat-racimo","22":"product_cat-rapido","23":"product_cat-semilla","24":"product_cat-sol-parcial","25":"product_cat-tubular-es","26":"product_tag-blanco","27":"product_tag-rojo","28":"product_tag-rosa","29":"pa_pot-size-3-galones-10","32":"first","33":"instock","34":"taxable","35":"shipping-taxable","36":"purchasable","37":"product-type-variable"},"aioseo_notices":[],"_links":{"self":[{"href":"https:\/\/smartyplantsnursery.com\/es\/wp-json\/wp\/v2\/product\/50790","targetHints":{"allow":["GET"]}}],"collection":[{"href":"https:\/\/smartyplantsnursery.com\/es\/wp-json\/wp\/v2\/product"}],"about":[{"href":"https:\/\/smartyplantsnursery.com\/es\/wp-json\/wp\/v2\/types\/product"}],"replies":[{"embeddable":true,"href":"https:\/\/smartyplantsnursery.com\/es\/wp-json\/wp\/v2\/comments?post=50790"}],"wp:featuredmedia":[{"embeddable":true,"href":"https:\/\/smartyplantsnursery.com\/es\/wp-json\/wp\/v2\/media\/50950"}],"wp:attachment":[{"href":"https:\/\/smartyplantsnursery.com\/es\/wp-json\/wp\/v2\/media?parent=50790"}],"wp:term":[{"taxonomy":"product_brand","embeddable":true,"href":"https:\/\/smartyplantsnursery.com\/es\/wp-json\/wp\/v2\/product_brand?post=50790"},{"taxonomy":"product_cat","embeddable":true,"href":"https:\/\/smartyplantsnursery.com\/es\/wp-json\/wp\/v2\/product_cat?post=50790"},{"taxonomy":"product_tag","embeddable":true,"href":"https:\/\/smartyplantsnursery.com\/es\/wp-json\/wp\/v2\/product_tag?post=50790"}],"curies":[{"name":"wp","href":"https:\/\/api.w.org\/{rel}","templated":true}]}}