{"id":50843,"date":"2025-11-11T18:00:21","date_gmt":"2025-11-11T18:00:21","guid":{"rendered":"https:\/\/smartyplantsnursery.com\/product\/filodendro-gigante-philodendron-giganteum\/"},"modified":"2025-12-18T18:57:50","modified_gmt":"2025-12-18T18:57:50","slug":"filodendro-gigante-philodendron-giganteum","status":"publish","type":"product","link":"https:\/\/smartyplantsnursery.com\/es\/product\/filodendro-gigante-philodendron-giganteum\/","title":{"rendered":"Filodendro gigante &#8211; philodendron giganteum"},"content":{"rendered":"<p><b>Usos generales en el paisaje: <\/b>Planta ornamental, trepadora en \u00e1rboles y estructuras, pantalla viva<\/p>\n<p><b>Notas sobre la restauraci\u00f3n ecol\u00f3gica: <\/b>Una especie de sucesi\u00f3n tard\u00eda que a\u00f1ade complejidad estructural y biodiversidad a un bosque en recuperaci\u00f3n. Es un signo de un ecosistema maduro. <\/p>\n<p><b>Descripci\u00f3n: <\/b>Filodendro trepador (hemiep\u00edfito)<\/p>\n<p><b>Dimensiones: <\/b>Altura 0,9 &#8211; 1,5 m; Extensi\u00f3n 0,6 &#8211; 1,2 m<\/p>\n<p><b>Tasa de crecimiento:<\/b> r\u00e1pida<\/p>\n<p><b>Distribuci\u00f3n nativa: <\/b>Caribe, Sudam\u00e9rica<\/p>\n<p><b>H\u00e1bitats nativos:<\/b> Selvas tropicales<\/p>\n<p><b>Suelos:<\/b> Con buen drenaje<\/p>\n<p><b>Requisitos nutricionales:<\/b> moderados<\/p>\n<p><b>Tolerancia al agua salada:<\/b> baja<\/p>\n<p><b>Tolerancia al viento salado:<\/b> baja<\/p>\n<p><b>Tolerancia a la sequ\u00eda:<\/b> baja<\/p>\n<p><b>Requisitos de luz:<\/b> sol parcial<\/p>\n<p><b>Color de la flor:<\/b> Blanco<\/p>\n<p><b>Caracter\u00edsticas de la flor:<\/b> Espata y esp\u00e1dice<\/p>\n<p><b>Temporada de floraci\u00f3n:<\/b> Primavera a verano<\/p>\n<p><b>Fruto: <\/b>Infrutescencia compuesta, esencialmente un racimo de bayas muy juntas<\/p>\n<p><b>Vida silvestre y ecolog\u00eda:<\/b> Creaci\u00f3n de microh\u00e1bitats<\/p>\n<p><b>Notas de horticultura:<\/b> Se cultiva a partir de esquejes<\/p>\n<p><b>Comentarios:<\/b><\/p>\n","protected":false},"excerpt":{"rendered":"<p><img decoding=\"async\" class=\"alignnone size-medium wp-image-31863\" src=\"https:\/\/smartyplantsnursery.com\/wp-content\/uploads\/2023\/04\/Screen-Shot-2023-04-22-at-11.28.02-PM-300x134.png\" alt=\"Compre con confianza en el vivero Smarty Plants.\" width=\"300\" height=\"134\"><\/p>\n<div class=\"container\">\n<div class=\"table-container\">\n<table>\n<thead>\n<tr>\n<th>Tama\u00f1o de la maceta<\/th>\n<th>Altura media plantada (desde la tierra hasta la parte superior de la planta)<\/th>\n<\/tr>\n<\/thead>\n<tbody>\n<tr>\n<td>3 galones\/10&#8243;<\/td>\n<td>1 &#8211; 2 pies<\/td>\n<\/tr>\n<tr>\n<td>7 galones\/14&#8243;<\/td>\n<td>2 &#8211; 4 pies<\/td>\n<\/tr>\n<tr>\n<td>15 galones\/17&#8243;<\/td>\n<td>1,2 &#8211; 1,5 m<\/td>\n<\/tr>\n<\/tbody>\n<\/table>\n<\/div>\n<\/div>\n","protected":false},"featured_media":50830,"comment_status":"open","ping_status":"closed","template":"","meta":[],"product_brand":[],"product_cat":[329,311,312,310,320,325,315,302,309,378,314,323,322,303,307],"product_tag":[],"class_list":{"0":"post-50843","1":"product","2":"type-product","3":"status-publish","4":"has-post-thumbnail","6":"product_cat-baja-es-2","7":"product_cat-baja","8":"product_cat-baja-es","9":"product_cat-bien-drenado","10":"product_cat-enredadera","11":"product_cat-espata-y-espadice","12":"product_cat-esquejes","13":"product_cat-exotica","14":"product_cat-moderada","15":"product_cat-pantalla","16":"product_cat-planta-de-especimen","17":"product_cat-primavera","18":"product_cat-rapido","19":"product_cat-sol-parcial","20":"product_cat-verano","21":"pa_pot-size-15-galones-17","22":"pa_pot-size-3-galones-10","23":"pa_pot-size-7-galones-14","26":"first","27":"instock","28":"taxable","29":"shipping-taxable","30":"purchasable","31":"product-type-variable"},"aioseo_notices":[],"_links":{"self":[{"href":"https:\/\/smartyplantsnursery.com\/es\/wp-json\/wp\/v2\/product\/50843","targetHints":{"allow":["GET"]}}],"collection":[{"href":"https:\/\/smartyplantsnursery.com\/es\/wp-json\/wp\/v2\/product"}],"about":[{"href":"https:\/\/smartyplantsnursery.com\/es\/wp-json\/wp\/v2\/types\/product"}],"replies":[{"embeddable":true,"href":"https:\/\/smartyplantsnursery.com\/es\/wp-json\/wp\/v2\/comments?post=50843"}],"wp:featuredmedia":[{"embeddable":true,"href":"https:\/\/smartyplantsnursery.com\/es\/wp-json\/wp\/v2\/media\/50830"}],"wp:attachment":[{"href":"https:\/\/smartyplantsnursery.com\/es\/wp-json\/wp\/v2\/media?parent=50843"}],"wp:term":[{"taxonomy":"product_brand","embeddable":true,"href":"https:\/\/smartyplantsnursery.com\/es\/wp-json\/wp\/v2\/product_brand?post=50843"},{"taxonomy":"product_cat","embeddable":true,"href":"https:\/\/smartyplantsnursery.com\/es\/wp-json\/wp\/v2\/product_cat?post=50843"},{"taxonomy":"product_tag","embeddable":true,"href":"https:\/\/smartyplantsnursery.com\/es\/wp-json\/wp\/v2\/product_tag?post=50843"}],"curies":[{"name":"wp","href":"https:\/\/api.w.org\/{rel}","templated":true}]}}