{"id":51110,"date":"2025-11-22T00:51:21","date_gmt":"2025-11-22T00:51:21","guid":{"rendered":"https:\/\/smartyplantsnursery.com\/?post_type=product&#038;p=51110"},"modified":"2026-03-06T16:13:19","modified_gmt":"2026-03-06T16:13:19","slug":"bay-rum-bush-pimenta-racemosa-copy","status":"publish","type":"product","link":"https:\/\/smartyplantsnursery.com\/es\/product\/bay-rum-bush-pimenta-racemosa-copy\/","title":{"rendered":"Bay Rum (\u00e1rbol) &#8211; pimenta racemosa"},"content":{"rendered":"<p><b>Usos generales en el paisajismo:<\/b> \u00c1rbol ornamental, seto o pantalla, jard\u00edn de fragancias, jard\u00edn medicinal o culinario, atracci\u00f3n de vida silvestre, paisajismo costero y tolerante a la sequ\u00eda, \u00e1rbol de sombra<\/p>\n<p><b>Notas sobre la restauraci\u00f3n ecol\u00f3gica:<\/b> Reforestaci\u00f3n, control de la erosi\u00f3n y estabilizaci\u00f3n del suelo, restauraci\u00f3n del h\u00e1bitat, mitigaci\u00f3n del clima, sistemas agroforestales, protecci\u00f3n de cuencas hidrogr\u00e1ficas<\/p>\n<p><b>Descripci\u00f3n:<\/b> A menudo se confunde con la \u201cpimienta de Jamaica\u201d, ya que sus hojas tienen un aspecto y un aroma similares. El nombre en s\u00ed tambi\u00e9n se confunde con el de \u201choja de laurel o laurel de bah\u00eda\u201d. El Bay Rum se utiliza m\u00e1s com\u00fanmente en la cocina, ya que las hojas tienen una fusi\u00f3n de aromas.  <\/p>\n<p><b>Dimensiones:<\/b> Altura 8 &#8211; 10 pies.<\/p>\n<p><b>Tasa de crecimiento:<\/b> de moderada a r\u00e1pida<\/p>\n<p><b>Distribuci\u00f3n nativa:<\/b> caribe<\/p>\n<p><b>H\u00e1bitats nativos:<\/b> Bosques costeros, bosques h\u00famedos y secos tropicales, laderas y pendientes rocosas, zonas ribere\u00f1as<\/p>\n<p><b>Suelos:<\/b> Franco arcilloso bien drenado, ligeramente \u00e1cido a neutro (pH 6 &#8211; 7,5)<\/p>\n<p><b>Requisitos nutricionales:<\/b> moderados<\/p>\n<p><b>Tolerancia al agua salada:<\/b> moderada<\/p>\n<p><b>Tolerancia al viento salino:<\/b> alta a moderada<\/p>\n<p><b>Tolerancia a la sequ\u00eda:<\/b> moderada<\/p>\n<p><b>Requisitos de luz:<\/b> pleno sol<\/p>\n<p><b>Color de la flor:<\/b> Blanco<\/p>\n<p><b>Caracter\u00edsticas de la flor:<\/b> Peque\u00f1as, agrupadas en grupos<\/p>\n<p><b>Temporada de floraci\u00f3n:<\/b> Desde finales de primavera hasta principios de verano<\/p>\n<p><b>Fruto:<\/b> Bayas peque\u00f1as y negras que se asemejan a granos de pimienta.<\/p>\n<p><b>Vida silvestre y ecolog\u00eda:<\/b> h\u00e1bitat y fuente de alimento, salud del suelo y control de la erosi\u00f3n, sucesi\u00f3n forestal, tolerancia a la sequ\u00eda y la sal, secuestro de carbono<\/p>\n<p><b>Notas de horticultura:<\/b> Se cultiva a partir de semillas, esquejes y acodo a\u00e9reo.<\/p>\n<p><b>Comentarios:<\/b><\/p>\n","protected":false},"excerpt":{"rendered":"<p><img fetchpriority=\"high\" decoding=\"async\" class=\"alignnone size-medium wp-image-54744\" src=\"https:\/\/smartyplantsnursery.com\/wp-content\/uploads\/2023\/04\/Screenshot-2026-03-03-at-2.22.47-PM-300x185.png\" alt=\"\" width=\"300\" height=\"185\"><\/p>\n<div class=\"container\">\n<div class=\"table-container\">\n<table>\n<thead>\n<tr>\n<th>Tama\u00f1o de la maceta<\/th>\n<th>Altura media plantada (desde la tierra hasta la parte superior de la planta)<\/th>\n<th>Calibre<\/th>\n<\/tr>\n<\/thead>\n<tbody>\n<tr>\n<td>25 galones\/21&#8243;<\/td>\n<td>3 &#8211; 3,6 m<\/td>\n<td>3,8 &#8211; 5 cm<\/td>\n<\/tr>\n<tr>\n<td>45 galones\/28&#8243;<\/td>\n<td>3,6 &#8211; 4,2 m<\/td>\n<td>5 &#8211; 6,3 cm<\/td>\n<\/tr>\n<tr>\n<td>100 galones\/36&#8243;<\/td>\n<td>4,2 &#8211; 4,8 m<\/td>\n<td>6,3 &#8211; 7,6 cm<\/td>\n<\/tr>\n<tr>\n<td>200 galones\/48&#8243;<\/td>\n<td>4,5 &#8211; 6 m<\/td>\n<td><\/td>\n<\/tr>\n<\/tbody>\n<\/table>\n<\/div>\n<\/div>\n","protected":false},"featured_media":51122,"comment_status":"open","ping_status":"closed","template":"","meta":[],"product_brand":[],"product_cat":[343,336,362,371,304,310,353,384,315,302,369,326,313,309,360,361,345,378,316,335,323,372,322,330,332,307],"product_tag":[318],"class_list":{"0":"post-51110","1":"product","2":"type-product","3":"status-publish","4":"has-post-thumbnail","6":"product_cat-acido","7":"product_cat-acodo-aereo","8":"product_cat-alta-es-2","9":"product_cat-arbol-de-sombra","10":"product_cat-arbusto","11":"product_cat-bien-drenado","12":"product_cat-comestible","13":"product_cat-costero","14":"product_cat-esquejes","15":"product_cat-exotica","16":"product_cat-franco","17":"product_cat-moderada-es-2","18":"product_cat-moderada-es","19":"product_cat-moderada","20":"product_cat-moderada-es-3","21":"product_cat-moderada-es-4","22":"product_cat-neutro","23":"product_cat-pantalla","24":"product_cat-pequena","25":"product_cat-pleno-sol","26":"product_cat-primavera","27":"product_cat-racimo","28":"product_cat-rapido","29":"product_cat-semilla","30":"product_cat-seto","31":"product_cat-verano","32":"product_tag-blanco","33":"pa_pot-size-1-galon-6","34":"pa_pot-size-100-galones-36","35":"pa_pot-size-15-galones-17","36":"pa_pot-size-200-galones-48","37":"pa_pot-size-25-galones-21","38":"pa_pot-size-3-galones-10","39":"pa_pot-size-45-galones-28","40":"pa_pot-size-7-galones-14","43":"first","44":"instock","45":"taxable","46":"shipping-taxable","47":"purchasable","48":"product-type-variable"},"aioseo_notices":[],"_links":{"self":[{"href":"https:\/\/smartyplantsnursery.com\/es\/wp-json\/wp\/v2\/product\/51110","targetHints":{"allow":["GET"]}}],"collection":[{"href":"https:\/\/smartyplantsnursery.com\/es\/wp-json\/wp\/v2\/product"}],"about":[{"href":"https:\/\/smartyplantsnursery.com\/es\/wp-json\/wp\/v2\/types\/product"}],"replies":[{"embeddable":true,"href":"https:\/\/smartyplantsnursery.com\/es\/wp-json\/wp\/v2\/comments?post=51110"}],"wp:featuredmedia":[{"embeddable":true,"href":"https:\/\/smartyplantsnursery.com\/es\/wp-json\/wp\/v2\/media\/51122"}],"wp:attachment":[{"href":"https:\/\/smartyplantsnursery.com\/es\/wp-json\/wp\/v2\/media?parent=51110"}],"wp:term":[{"taxonomy":"product_brand","embeddable":true,"href":"https:\/\/smartyplantsnursery.com\/es\/wp-json\/wp\/v2\/product_brand?post=51110"},{"taxonomy":"product_cat","embeddable":true,"href":"https:\/\/smartyplantsnursery.com\/es\/wp-json\/wp\/v2\/product_cat?post=51110"},{"taxonomy":"product_tag","embeddable":true,"href":"https:\/\/smartyplantsnursery.com\/es\/wp-json\/wp\/v2\/product_tag?post=51110"}],"curies":[{"name":"wp","href":"https:\/\/api.w.org\/{rel}","templated":true}]}}