{"id":51197,"date":"2025-11-22T23:26:55","date_gmt":"2025-11-22T23:26:55","guid":{"rendered":"https:\/\/smartyplantsnursery.com\/product\/orquidea-terrestre-amarilla-spathoglottis-gracilis\/"},"modified":"2025-11-22T23:26:55","modified_gmt":"2025-11-22T23:26:55","slug":"orquidea-terrestre-amarilla-spathoglottis-gracilis","status":"publish","type":"product","link":"https:\/\/smartyplantsnursery.com\/es\/product\/orquidea-terrestre-amarilla-spathoglottis-gracilis\/","title":{"rendered":"Orqu\u00eddea terrestre amarilla &#8211; spathoglottis gracilis"},"content":{"rendered":"<p><b>Usos generales en el paisaje:<\/b> Cobertura del suelo, contenedor, borde<\/p>\n<p><b>Notas sobre restauraci\u00f3n ecol\u00f3gica:<\/b> No es una especie pionera t\u00edpica ni un caballo de batalla para la rehabilitaci\u00f3n de h\u00e1bitats a gran escala, pero puede desempe\u00f1ar un papel especializado y valioso en contextos espec\u00edficos, principalmente en su \u00e1rea de distribuci\u00f3n nativa.<\/p>\n<p><b>Descripci\u00f3n:<\/b> Orqu\u00eddea terrestre (que vive en el suelo)<\/p>\n<p><b>Dimensiones:<\/b> altura 30 &#8211; 50 cm; extensi\u00f3n 15 &#8211; 30 cm.<\/p>\n<p><b>Tasa de crecimiento:<\/b> moderada<\/p>\n<p><b>Distribuci\u00f3n nativa:<\/b> Sudeste de Asia<\/p>\n<p><b>H\u00e1bitats nativos:<\/b> \u00c1reas abiertas y cubiertas de hierba, sabanas y en los bordes de los bosques<\/p>\n<p><b>Suelos:<\/b> Bien drenados<\/p>\n<p><b>Requisitos nutricionales:<\/b> moderados<\/p>\n<p><b>Tolerancia al agua salada:<\/b> baja<\/p>\n<p><b>Tolerancia al viento salado:<\/b> baja<\/p>\n<p><b>Tolerancia a la sequ\u00eda:<\/b> baja<\/p>\n<p><b>Requisitos de luz:<\/b> sol parcial<\/p>\n<p><b>Color de la flor:<\/b> amarillo<\/p>\n<p><b>Caracter\u00edsticas de la flor:<\/b> peque\u00f1a<\/p>\n<p><b>Temporada de floraci\u00f3n:<\/b> De primavera a oto\u00f1o<\/p>\n<p><b>Fruto:<\/b> C\u00e1psula de color verde que madura a marr\u00f3n<\/p>\n<p><b>Vida silvestre y ecolog\u00eda:<\/b> Una especie pionera en \u00e1reas perturbadas o abiertas.<\/p>\n<p><b>Notas de horticultura:<\/b> Se cultiva a partir de divisi\u00f3n, bulbo trasero, semilla, reto\u00f1o<\/p>\n<p><b>Comentarios:<\/b><\/p>\n","protected":false},"excerpt":{"rendered":"<p><img decoding=\"async\" class=\"alignnone size-medium wp-image-31863\" src=\"https:\/\/smartyplantsnursery.com\/wp-content\/uploads\/2023\/04\/Screen-Shot-2023-04-22-at-11.28.02-PM-300x134.png\" alt=\"Compre con confianza en el vivero Smarty Plants.\" width=\"300\" height=\"134\"><\/p>\n<div class=\"container\">\n<div class=\"table-container\">\n<table>\n<thead>\n<tr>\n<th>Tama\u00f1o de la maceta<\/th>\n<th>Altura media plantada (desde la tierra hasta la parte superior de la planta)<\/th>\n<\/tr>\n<\/thead>\n<tbody>\n<tr>\n<td>3 galones\/10&#8243;<\/td>\n<td>1 &#8211; 2 pies<\/td>\n<\/tr>\n<\/tbody>\n<\/table>\n<\/div>\n<\/div>\n","protected":false},"featured_media":51194,"comment_status":"open","ping_status":"closed","template":"","meta":[],"product_brand":[],"product_cat":[329,311,312,310,375,321,317,331,302,309,326,308,316,323,330,303],"product_tag":[319],"class_list":{"0":"post-51197","1":"product","2":"type-product","3":"status-publish","4":"has-post-thumbnail","6":"product_cat-baja-es-2","7":"product_cat-baja","8":"product_cat-baja-es","9":"product_cat-bien-drenado","10":"product_cat-borde","11":"product_cat-cobertura-del-suelo","12":"product_cat-contenedor","13":"product_cat-division-es","14":"product_cat-exotica","15":"product_cat-moderada","16":"product_cat-moderada-es-2","17":"product_cat-otono","18":"product_cat-pequena","19":"product_cat-primavera","20":"product_cat-semilla","21":"product_cat-sol-parcial","22":"product_tag-amarillo","23":"pa_pot-size-3-galones-10","26":"first","27":"instock","28":"taxable","29":"shipping-taxable","30":"purchasable","31":"product-type-variable"},"aioseo_notices":[],"_links":{"self":[{"href":"https:\/\/smartyplantsnursery.com\/es\/wp-json\/wp\/v2\/product\/51197","targetHints":{"allow":["GET"]}}],"collection":[{"href":"https:\/\/smartyplantsnursery.com\/es\/wp-json\/wp\/v2\/product"}],"about":[{"href":"https:\/\/smartyplantsnursery.com\/es\/wp-json\/wp\/v2\/types\/product"}],"replies":[{"embeddable":true,"href":"https:\/\/smartyplantsnursery.com\/es\/wp-json\/wp\/v2\/comments?post=51197"}],"wp:featuredmedia":[{"embeddable":true,"href":"https:\/\/smartyplantsnursery.com\/es\/wp-json\/wp\/v2\/media\/51194"}],"wp:attachment":[{"href":"https:\/\/smartyplantsnursery.com\/es\/wp-json\/wp\/v2\/media?parent=51197"}],"wp:term":[{"taxonomy":"product_brand","embeddable":true,"href":"https:\/\/smartyplantsnursery.com\/es\/wp-json\/wp\/v2\/product_brand?post=51197"},{"taxonomy":"product_cat","embeddable":true,"href":"https:\/\/smartyplantsnursery.com\/es\/wp-json\/wp\/v2\/product_cat?post=51197"},{"taxonomy":"product_tag","embeddable":true,"href":"https:\/\/smartyplantsnursery.com\/es\/wp-json\/wp\/v2\/product_tag?post=51197"}],"curies":[{"name":"wp","href":"https:\/\/api.w.org\/{rel}","templated":true}]}}