{"id":51542,"date":"2025-12-04T15:20:00","date_gmt":"2025-12-04T15:20:00","guid":{"rendered":"https:\/\/smartyplantsnursery.com\/product\/palmera-de-asai-acai-palm-euterpe-oleracea\/"},"modified":"2026-03-07T14:55:48","modified_gmt":"2026-03-07T14:55:48","slug":"palmera-de-asai-acai-palm-euterpe-oleracea","status":"publish","type":"product","link":"https:\/\/smartyplantsnursery.com\/es\/product\/palmera-de-asai-acai-palm-euterpe-oleracea\/","title":{"rendered":"Palmera de Asa\u00ed, Acai Palm &#8211; Euterpe oleracea"},"content":{"rendered":"<p><b>Usos generales en el paisaje:<\/b> Pantalla<\/p>\n<p><b>Notas sobre la restauraci\u00f3n ecol\u00f3gica:<\/b> Cr\u00edtica para los ecosistemas de llanuras aluviales amaz\u00f3nicas<\/p>\n<p><b>Descripci\u00f3n:<\/b> Una palmera alta, delgada y de m\u00faltiples tallos (en racimo)<\/p>\n<p><b>Dimensiones:<\/b> Altura 15 &#8211; 24 m.<\/p>\n<p><b>Tasa de crecimiento:<\/b> r\u00e1pida<\/p>\n<p><b>Distribuci\u00f3n nativa:<\/b> norte de Sudam\u00e9rica<\/p>\n<p><b>H\u00e1bitats nativos:<\/b> Estuario del r\u00edo Amazonas y llanuras aluviales<\/p>\n<p><b>Suelos:<\/b> Mal drenados, ligeramente \u00e1cidos a neutros (pH 5,5 &#8211; 7)<\/p>\n<p><b>Requisitos nutricionales:<\/b> altos<\/p>\n<p><b>Tolerancia al agua salada:<\/b> baja<\/p>\n<p><b>Tolerancia al viento salado:<\/b> baja<\/p>\n<p><b>Tolerancia a la sequ\u00eda:<\/b> baja<\/p>\n<p><b>Requisitos de luz:<\/b> Pleno sol a sol parcial<\/p>\n<p><b>Color de la flor:<\/b> Blanco cremoso a amarillo p\u00e1lido<\/p>\n<p><b>Caracter\u00edsticas de la flor:<\/b> Peque\u00f1a, fragante<\/p>\n<p><b>Temporada de floraci\u00f3n:<\/b> Todo el a\u00f1o<\/p>\n<p><b>Fruto:<\/b> Drupas peque\u00f1as y redondas, de color p\u00farpura-negro cuando est\u00e1n maduras<\/p>\n<p><b>Vida silvestre y ecolog\u00eda:<\/b> Fuente de alimento crucial para los animales de la selva tropical<\/p>\n<p><b>Notas de horticultura:<\/b> Cultivada a partir de semillas<\/p>\n<p><b>Comentarios:<\/b><\/p>\n","protected":false},"excerpt":{"rendered":"<p><img fetchpriority=\"high\" decoding=\"async\" class=\"alignnone size-medium wp-image-54744\" src=\"https:\/\/smartyplantsnursery.com\/wp-content\/uploads\/2023\/04\/Screenshot-2026-03-03-at-2.22.47-PM-300x185.png\" alt=\"\" width=\"300\" height=\"185\"><\/p>\n<div class=\"container\">\n<div class=\"table-container\">\n<table>\n<thead>\n<tr>\n<th>Tama\u00f1o de la maceta<\/th>\n<th>Altura media plantada (desde la tierra hasta la parte superior de la planta)<\/th>\n<\/tr>\n<\/thead>\n<tbody>\n<tr>\n<td>1 gal\u00f3n\/6&#8243;<\/td>\n<td>15 cm &#8211; 30 cm <\/td>\n<\/tr>\n<tr>\n<td>3 galones\/10&#8243;<\/td>\n<td>1 &#8211; 2 pies<\/td>\n<\/tr>\n<tr>\n<td>7 galones\/14&#8243;<\/td>\n<td>2 &#8211; 4 pies<\/td>\n<\/tr>\n<tr>\n<td>15 galones\/17&#8243;<\/td>\n<td>4 &#8211; 6 pies<\/td>\n<\/tr>\n<\/tbody>\n<\/table>\n<\/div>\n<\/div>\n","protected":false},"featured_media":51533,"comment_status":"open","ping_status":"closed","template":"","meta":[],"product_brand":[],"product_cat":[343,348,344,311,312,329,302,374,355,354,345,308,378,316,335,323,322,330,303,307],"product_tag":[319,318],"class_list":{"0":"post-51542","1":"product","2":"type-product","3":"status-publish","4":"has-post-thumbnail","6":"product_cat-acido","7":"product_cat-alta-es","8":"product_cat-arbol","9":"product_cat-baja","10":"product_cat-baja-es","11":"product_cat-baja-es-2","12":"product_cat-exotica","13":"product_cat-fragante-2","14":"product_cat-invierno","15":"product_cat-mal-drenado","16":"product_cat-neutro","17":"product_cat-otono","18":"product_cat-pantalla","19":"product_cat-pequena","20":"product_cat-pleno-sol","21":"product_cat-primavera","22":"product_cat-rapido","23":"product_cat-semilla","24":"product_cat-sol-parcial","25":"product_cat-verano","26":"product_tag-amarillo","27":"product_tag-blanco","28":"pa_pot-size-1-galon-6","29":"pa_pot-size-15-galones-17","30":"pa_pot-size-3-galones-10","31":"pa_pot-size-7-galones-14","34":"first","35":"instock","36":"taxable","37":"shipping-taxable","38":"purchasable","39":"product-type-variable"},"aioseo_notices":[],"_links":{"self":[{"href":"https:\/\/smartyplantsnursery.com\/es\/wp-json\/wp\/v2\/product\/51542","targetHints":{"allow":["GET"]}}],"collection":[{"href":"https:\/\/smartyplantsnursery.com\/es\/wp-json\/wp\/v2\/product"}],"about":[{"href":"https:\/\/smartyplantsnursery.com\/es\/wp-json\/wp\/v2\/types\/product"}],"replies":[{"embeddable":true,"href":"https:\/\/smartyplantsnursery.com\/es\/wp-json\/wp\/v2\/comments?post=51542"}],"wp:featuredmedia":[{"embeddable":true,"href":"https:\/\/smartyplantsnursery.com\/es\/wp-json\/wp\/v2\/media\/51533"}],"wp:attachment":[{"href":"https:\/\/smartyplantsnursery.com\/es\/wp-json\/wp\/v2\/media?parent=51542"}],"wp:term":[{"taxonomy":"product_brand","embeddable":true,"href":"https:\/\/smartyplantsnursery.com\/es\/wp-json\/wp\/v2\/product_brand?post=51542"},{"taxonomy":"product_cat","embeddable":true,"href":"https:\/\/smartyplantsnursery.com\/es\/wp-json\/wp\/v2\/product_cat?post=51542"},{"taxonomy":"product_tag","embeddable":true,"href":"https:\/\/smartyplantsnursery.com\/es\/wp-json\/wp\/v2\/product_tag?post=51542"}],"curies":[{"name":"wp","href":"https:\/\/api.w.org\/{rel}","templated":true}]}}