{"id":51560,"date":"2025-12-04T16:47:49","date_gmt":"2025-12-04T16:47:49","guid":{"rendered":"https:\/\/smartyplantsnursery.com\/product\/madreselva-de-coral-lonicera-sempervirens\/"},"modified":"2026-04-02T14:31:43","modified_gmt":"2026-04-02T14:31:43","slug":"madreselva-de-coral-lonicera-sempervirens","status":"publish","type":"product","link":"https:\/\/smartyplantsnursery.com\/es\/product\/madreselva-de-coral-lonicera-sempervirens\/","title":{"rendered":"Madreselva de Coral &#8211; Lonicera sempervirens"},"content":{"rendered":"<p><b>Usos generales en el paisaje:<\/b> Enredadera para vallas, enrejados y p\u00e9rgolas. No es agresiva. <\/p>\n<p><b>Descripci\u00f3n:<\/b> Enredadera trepadora de hasta 4,5 metros con hojas lisas de 2,5 a 7,5 cm y vistosas flores tubulares de color rojo a naranja.<\/p>\n<p><b>Dimensiones:<\/b> Enredadera que trepa hasta 4,5 metros de altura.<\/p>\n<p><b>Tasa de crecimiento:<\/b> moderada.<\/p>\n<p><b>Distribuci\u00f3n nativa:<\/b> Este y sur de los Estados Unidos, al sur de los condados de Sarasota, De Soto, Highlands, Seminole y Volusia.<\/p>\n<p><b>H\u00e1bitats nativos:<\/b> Ricas hamacas, arenales, bosques abiertos.<\/p>\n<p><b>Suelos:<\/b> Suelos arenosos o calizos h\u00famedos y bien drenados, con una capa superior rica en humus.<\/p>\n<p><b>Requisitos nutricionales:<\/b> De moderados a altos; crece mejor con cierto contenido org\u00e1nico y puede languidecer en suelos pobres en nutrientes.<\/p>\n<p><b>Tolerancia al agua salada:<\/b> Baja; no tolera las inundaciones a largo plazo con agua salada o salobre.<\/p>\n<p><b>Tolerancia al viento salino:<\/b> Moderada; crece cerca del agua salada, pero est\u00e1 protegido de la pulverizaci\u00f3n directa de sal por otra vegetaci\u00f3n.<\/p>\n<p><b>Tolerancia a la sequ\u00eda:<\/b> Moderada; generalmente requiere suelos h\u00famedos, pero es tolerante a cortos per\u00edodos de sequ\u00eda una vez establecido.<\/p>\n<p><b>Requisitos de luz:<\/b> Pleno sol a sombra ligera.<\/p>\n<p><b>Color de la flor:<\/b> Rojo escarlata a naranja.<\/p>\n<p><b>Caracter\u00edsticas de la flor:<\/b> vistosa.<\/p>\n<p><b>Temporada de floraci\u00f3n:<\/b> Primavera a oto\u00f1o.<\/p>\n<p><b>Fruto:<\/b> Baya de color rojo escarlata.<\/p>\n<p><b>Fauna y ecolog\u00eda:<\/b> Atrae a los polinizadores. Las bayas son atractivas para la fauna silvestre. <\/p>\n<p><b>Notas de horticultura:<\/b> Se cultiva a partir de esquejes, semillas, acodo, divisi\u00f3n<\/p>\n","protected":false},"excerpt":{"rendered":"<p><img fetchpriority=\"high\" decoding=\"async\" class=\"alignnone size-medium wp-image-54744\" src=\"https:\/\/smartyplantsnursery.com\/wp-content\/uploads\/2023\/04\/Screenshot-2026-03-03-at-2.22.47-PM-300x185.webp\" alt=\"\" width=\"300\" height=\"185\"><\/p>\n<div class=\"container\">\n<div class=\"table-container\">\n<table>\n<thead>\n<tr>\n<th>Tama\u00f1o de la maceta<\/th>\n<th>Altura media plantada (desde la tierra hasta la parte superior de la planta)<\/th>\n<\/tr>\n<\/thead>\n<tbody>\n<tr>\n<td>3 galones\/10&#8243;<\/td>\n<td>1 &#8211; 2 pies<\/td>\n<\/tr>\n<\/tbody>\n<\/table>\n<\/div>\n<\/div>\n","protected":false},"featured_media":55284,"comment_status":"open","ping_status":"closed","template":"","meta":[],"product_brand":[],"product_cat":[336,348,359,311,310,331,320,315,324,313,326,309,361,341,308,358,335,323,468,330,303,307],"product_tag":[319,350],"class_list":{"0":"post-51560","1":"product","2":"type-product","3":"status-publish","4":"has-post-thumbnail","6":"product_cat-acodo-aereo","7":"product_cat-alta-es","8":"product_cat-arena","9":"product_cat-baja","10":"product_cat-bien-drenado","11":"product_cat-division-es","12":"product_cat-enredadera","13":"product_cat-esquejes","14":"product_cat-llamativo","15":"product_cat-moderada-es","16":"product_cat-moderada-es-2","17":"product_cat-moderada","18":"product_cat-moderada-es-4","19":"product_cat-nativo","20":"product_cat-otono","21":"product_cat-plantas-para-mariposas-plantas-para-polinizadores","22":"product_cat-pleno-sol","23":"product_cat-primavera","24":"product_cat-roca-2","25":"product_cat-semilla","26":"product_cat-sol-parcial","27":"product_cat-verano","28":"product_tag-amarillo","29":"product_tag-rojo","30":"pa_pot-size-3-galones-10","33":"first","34":"instock","35":"taxable","36":"shipping-taxable","37":"purchasable","38":"product-type-variable"},"aioseo_notices":[],"_links":{"self":[{"href":"https:\/\/smartyplantsnursery.com\/es\/wp-json\/wp\/v2\/product\/51560","targetHints":{"allow":["GET"]}}],"collection":[{"href":"https:\/\/smartyplantsnursery.com\/es\/wp-json\/wp\/v2\/product"}],"about":[{"href":"https:\/\/smartyplantsnursery.com\/es\/wp-json\/wp\/v2\/types\/product"}],"replies":[{"embeddable":true,"href":"https:\/\/smartyplantsnursery.com\/es\/wp-json\/wp\/v2\/comments?post=51560"}],"wp:featuredmedia":[{"embeddable":true,"href":"https:\/\/smartyplantsnursery.com\/es\/wp-json\/wp\/v2\/media\/55284"}],"wp:attachment":[{"href":"https:\/\/smartyplantsnursery.com\/es\/wp-json\/wp\/v2\/media?parent=51560"}],"wp:term":[{"taxonomy":"product_brand","embeddable":true,"href":"https:\/\/smartyplantsnursery.com\/es\/wp-json\/wp\/v2\/product_brand?post=51560"},{"taxonomy":"product_cat","embeddable":true,"href":"https:\/\/smartyplantsnursery.com\/es\/wp-json\/wp\/v2\/product_cat?post=51560"},{"taxonomy":"product_tag","embeddable":true,"href":"https:\/\/smartyplantsnursery.com\/es\/wp-json\/wp\/v2\/product_tag?post=51560"}],"curies":[{"name":"wp","href":"https:\/\/api.w.org\/{rel}","templated":true}]}}