{"id":51575,"date":"2025-12-04T17:35:20","date_gmt":"2025-12-04T17:35:20","guid":{"rendered":"https:\/\/smartyplantsnursery.com\/product\/escoba-amarga-raichie-arbusto-de-te-arbusto-piramidal-lanudo-arbusto-piramidal-melochia-tomentosa\/"},"modified":"2026-03-13T15:34:55","modified_gmt":"2026-03-13T15:34:55","slug":"escoba-amarga-raichie-arbusto-de-te-arbusto-piramidal-lanudo-arbusto-piramidal-melochia-tomentosa","status":"publish","type":"product","link":"https:\/\/smartyplantsnursery.com\/es\/product\/escoba-amarga-raichie-arbusto-de-te-arbusto-piramidal-lanudo-arbusto-piramidal-melochia-tomentosa\/","title":{"rendered":"Escoba amarga, Raichie, arbusto de t\u00e9, arbusto piramidal lanudo, arbusto piramidal &#8211; Melochia tomentosa"},"content":{"rendered":"<p><b>Usos generales en el paisaje:<\/b> Arbusto de acento y paisajes naturales.<\/p>\n<p><b>Notas sobre restauraci\u00f3n ecol\u00f3gica:<\/b> Hist\u00f3ricamente, conocido en Florida solo por tres registros antiguos de ambos lados del r\u00edo Miami (al sur de Coral Gables, Coral Gables, Buena Vista) y un esp\u00e9cimen de una hamaca x\u00e9rica cinco millas al sur de Ft. Pierce en el condado de St. Lucie. La \u00faltima poblaci\u00f3n nativa fue documentada en 1967 y extirpada alg\u00fan tiempo despu\u00e9s. Ahora ampliamente cultivada a partir de germoplasma no nativo y naturalizada desde Orlando hacia el sur hasta los Cayos de Florida. Debe plantarse con precauci\u00f3n.    <\/p>\n<p><b>Descripci\u00f3n:<\/b> Arbusto mediano; puede ser tan ancho como alto o m\u00e1s ancho.<\/p>\n<p><b>Dimensiones:<\/b> Hasta seis pies de altura o m\u00e1s.<\/p>\n<p><b>Tasa de crecimiento:<\/b> r\u00e1pida.<\/p>\n<p><b>Distribuci\u00f3n nativa:<\/b> Florida peninsular (condados de Miami-Dade, St. Lucie), donde fue extirpada y reintroducida, y Texas; las Indias Occidentales, M\u00e9xico, Am\u00e9rica Central y Am\u00e9rica del Sur.<\/p>\n<p><b>H\u00e1bitats nativos:<\/b> Pinares rocosos y hamaca x\u00e9rica; tierras altas perturbadas.<\/p>\n<p><b>Suelos:<\/b> Suelos arenosos o calizos h\u00famedos y bien drenados, con o sin capa superior de humus.<\/p>\n<p><b>Requisitos nutricionales:<\/b> Bajos; crece en suelos pobres en nutrientes.<\/p>\n<p><b>Tolerancia al agua salada:<\/b> Baja; no tolera las inundaciones a largo plazo con agua salada o salobre.<\/p>\n<p><b>Tolerancia al viento salado:<\/b> Alta; puede tolerar cantidades moderadas de viento salado sin da\u00f1os significativos.<\/p>\n<p><b>Tolerancia a la sequ\u00eda:<\/b> Alta; no requiere agua suplementaria una vez establecida.<\/p>\n<p><b>Requisitos de luz:<\/b> Pleno sol.<\/p>\n<p><b>Color de la flor:<\/b> Rosa.<\/p>\n<p><b>Caracter\u00edsticas de la flor:<\/b> Flores peque\u00f1as y vistosas.<\/p>\n<p><b>Temporada de floraci\u00f3n:<\/b> Todo el a\u00f1o.<\/p>\n<p><b>Fruto:<\/b> C\u00e1psula diminuta, de aproximadamente 1\/4 de largo.<\/p>\n<p><b>Vida silvestre y ecolog\u00eda:<\/b> Proporciona n\u00e9ctar para una variedad de mariposas, abejas y otra vida silvestre.<\/p>\n<p><b>Notas de horticultura:<\/b> Se cultiva f\u00e1cilmente a partir de semillas.<\/p>\n<p><b>Comentarios:<\/b> Un esp\u00e9cimen o arbusto de acento hermoso e interesante que atrae a muchos insectos visitantes, pero puede crecer demasiado r\u00e1pido; tambi\u00e9n puede reclutar f\u00e1cilmente a partir de semillas en el jard\u00edn.<\/p>\n","protected":false},"excerpt":{"rendered":"<p><img fetchpriority=\"high\" decoding=\"async\" class=\"alignnone size-medium wp-image-54744\" src=\"https:\/\/smartyplantsnursery.com\/wp-content\/uploads\/2023\/04\/Screenshot-2026-03-03-at-2.22.47-PM-300x185.webp\" alt=\"\" width=\"300\" height=\"185\"><\/p>\n<div class=\"container\">\n<div class=\"table-container\">\n<table>\n<thead>\n<tr>\n<th>Tama\u00f1o de la maceta<\/th>\n<th>Altura media plantada (desde la tierra hasta la parte superior de la planta)<\/th>\n<\/tr>\n<\/thead>\n<tbody>\n<tr>\n<td>3 galones\/10&#8243;<\/td>\n<td>1 &#8211; 2 pies<\/td>\n<\/tr>\n<tr>\n<td>7 galones\/14&#8243;<\/td>\n<td>2 &#8211; 4 pies<\/td>\n<\/tr>\n<\/tbody>\n<\/table>\n<\/div>\n<\/div>\n","protected":false},"featured_media":51568,"comment_status":"open","ping_status":"closed","template":"","meta":[],"product_brand":[59,60],"product_cat":[362,340,304,359,357,311,310,355,324,341,308,316,334,358,335,323,322,468,330,307],"product_tag":[352],"class_list":{"0":"post-51575","1":"product","2":"type-product","3":"status-publish","4":"has-post-thumbnail","6":"product_brand-fann","7":"product_brand-fnps","8":"product_cat-alta-es-2","9":"product_cat-alta","10":"product_cat-arbusto","11":"product_cat-arena","12":"product_cat-baja-es-3","13":"product_cat-baja","14":"product_cat-bien-drenado","15":"product_cat-invierno","16":"product_cat-llamativo","17":"product_cat-nativo","18":"product_cat-otono","19":"product_cat-pequena","20":"product_cat-planta-de-acento","21":"product_cat-plantas-para-mariposas-plantas-para-polinizadores","22":"product_cat-pleno-sol","23":"product_cat-primavera","24":"product_cat-rapido","25":"product_cat-roca-2","26":"product_cat-semilla","27":"product_cat-verano","28":"product_tag-rosa","29":"pa_pot-size-3-galones-10","30":"pa_pot-size-7-galones-14","33":"first","34":"instock","35":"taxable","36":"shipping-taxable","37":"purchasable","38":"product-type-variable"},"aioseo_notices":[],"_links":{"self":[{"href":"https:\/\/smartyplantsnursery.com\/es\/wp-json\/wp\/v2\/product\/51575","targetHints":{"allow":["GET"]}}],"collection":[{"href":"https:\/\/smartyplantsnursery.com\/es\/wp-json\/wp\/v2\/product"}],"about":[{"href":"https:\/\/smartyplantsnursery.com\/es\/wp-json\/wp\/v2\/types\/product"}],"replies":[{"embeddable":true,"href":"https:\/\/smartyplantsnursery.com\/es\/wp-json\/wp\/v2\/comments?post=51575"}],"wp:featuredmedia":[{"embeddable":true,"href":"https:\/\/smartyplantsnursery.com\/es\/wp-json\/wp\/v2\/media\/51568"}],"wp:attachment":[{"href":"https:\/\/smartyplantsnursery.com\/es\/wp-json\/wp\/v2\/media?parent=51575"}],"wp:term":[{"taxonomy":"product_brand","embeddable":true,"href":"https:\/\/smartyplantsnursery.com\/es\/wp-json\/wp\/v2\/product_brand?post=51575"},{"taxonomy":"product_cat","embeddable":true,"href":"https:\/\/smartyplantsnursery.com\/es\/wp-json\/wp\/v2\/product_cat?post=51575"},{"taxonomy":"product_tag","embeddable":true,"href":"https:\/\/smartyplantsnursery.com\/es\/wp-json\/wp\/v2\/product_tag?post=51575"}],"curies":[{"name":"wp","href":"https:\/\/api.w.org\/{rel}","templated":true}]}}