{"id":51734,"date":"2025-12-11T16:58:02","date_gmt":"2025-12-11T16:58:02","guid":{"rendered":"https:\/\/smartyplantsnursery.com\/product\/coreopsis-de-leavenworth-coreopsis-leavenworthii\/"},"modified":"2026-03-24T18:24:18","modified_gmt":"2026-03-24T18:24:18","slug":"coreopsis-de-leavenworth-coreopsis-leavenworthii","status":"publish","type":"product","link":"https:\/\/smartyplantsnursery.com\/es\/product\/coreopsis-de-leavenworth-coreopsis-leavenworthii\/","title":{"rendered":"Coreopsis de Leavenworth &#8211; Coreopsis leavenworthii"},"content":{"rendered":"<p><b>Usos generales en el paisajismo:<\/b> Jardines de rocalla y flores silvestres.<\/p>\n<p><b>Notas sobre restauraci\u00f3n ecol\u00f3gica:<\/b> Una flor silvestre com\u00fan en el sotobosque de praderas, pinares h\u00famedos y marismas de depresi\u00f3n. Rara en pinares rocosos sujetos a drenaje. <\/p>\n<p><b>Descripci\u00f3n:<\/b> Hierba anual mediana con atractivas cabezas de flores amarillas.<\/p>\n<p><b>Dimensiones:<\/b> Normalmente de 30 a 90 cm de altura. Mucho m\u00e1s alta que ancha. <\/p>\n<p><b>Tasa de crecimiento:<\/b> r\u00e1pida.<\/p>\n<p><b>Distribuci\u00f3n:<\/b> Desde Alabama y el norte de Florida hasta los Cayos del Condado de Monroe. En los Cayos del Condado de Monroe, disyunta desde el Condado de Miami-Dade hasta Big Pine Key. <\/p>\n<p><b>H\u00e1bitats:<\/b> Pinares y praderas.<\/p>\n<p><b>Suelos:<\/b> Suelos h\u00famedos a moderadamente h\u00famedos, moderadamente bien drenados a estacionalmente inundados.<\/p>\n<p><b>Requisitos nutricionales:<\/b> Moderado; puede crecer en suelos pobres en nutrientes, pero necesita algo de contenido org\u00e1nico para prosperar.<\/p>\n<p><b>Tolerancia al agua salada:<\/b> Baja; no tolera las inundaciones de agua salada o salobre.<\/p>\n<p><b>Tolerancia al viento salino:<\/b> Moderada; crece cerca del agua salada, pero est\u00e1 protegido de la pulverizaci\u00f3n directa de sal por otra vegetaci\u00f3n.<\/p>\n<p><b>Tolerancia a la sequ\u00eda:<\/b> Baja; requiere suelos h\u00famedos a mojados y es intolerante a largos per\u00edodos de sequ\u00eda.<\/p>\n<p><b>Requisitos de luz:<\/b> Pleno sol.<\/p>\n<p><b>Color de la flor:<\/b> Flores liguladas amarillas y flores tubulares amarillas y marrones.<\/p>\n<p><b>Caracter\u00edsticas de la flor:<\/b> Cabezas vistosas, de 1,2 a 2,5 cm de ancho.<\/p>\n<p><b>Temporada de floraci\u00f3n:<\/b> Todo el a\u00f1o.<\/p>\n<p><b>Fruto:<\/b> Aquenio discreto.<\/p>\n<p><b>Fauna y ecolog\u00eda:<\/b> <strong>Planta de n\u00e9ctar<\/strong> para la mariposa azul de Miami (<i>Cyclargus thomasi bethunebakeri<\/i>), la Wallengrenia otho (<i>Wallengrenia otho<\/i>) y otras mariposas. Proporciona semillas e insectos para las aves. <\/p>\n<p><b>Notas de horticultura:<\/b> Se puede cultivar a partir de semillas.<\/p>\n<p><b>Comentarios:<\/b> La flor silvestre del estado de Florida.<\/p>\n","protected":false},"excerpt":{"rendered":"<p><img decoding=\"async\" class=\"alignnone size-medium wp-image-31863\" src=\"https:\/\/smartyplantsnursery.com\/wp-content\/uploads\/2023\/04\/Screen-Shot-2023-04-22-at-11.28.02-PM-300x134.png\" alt=\"Compre con confianza en el vivero Smarty Plants.\" width=\"300\" height=\"134\"><\/p>\n<div class=\"container\">\n<div class=\"table-container\">\n<table>\n<thead>\n<tr>\n<th>Tama\u00f1o de la maceta<\/th>\n<th>Altura media plantada (desde la tierra hasta la parte superior de la planta)<\/th>\n<\/tr>\n<\/thead>\n<tbody>\n<tr>\n<td>1 gal\u00f3n\/6&#8243;<\/td>\n<td>0 &#8211; 1 ft.<\/td>\n<\/tr>\n<\/tbody>\n<\/table>\n<\/div>\n<\/div>\n","protected":false},"featured_media":52399,"comment_status":"open","ping_status":"closed","template":"","meta":[],"product_brand":[59,60],"product_cat":[311,329,310,393,355,324,361,309,341,308,358,335,323,322,330,307],"product_tag":[319],"class_list":{"0":"post-51734","1":"product","2":"type-product","3":"status-publish","4":"has-post-thumbnail","6":"product_brand-fann","7":"product_brand-fnps","8":"product_cat-baja","9":"product_cat-baja-es-2","10":"product_cat-bien-drenado","11":"product_cat-flor-silvestre","12":"product_cat-invierno","13":"product_cat-llamativo","14":"product_cat-moderada-es-4","15":"product_cat-moderada","16":"product_cat-nativo","17":"product_cat-otono","18":"product_cat-plantas-para-mariposas-plantas-para-polinizadores","19":"product_cat-pleno-sol","20":"product_cat-primavera","21":"product_cat-rapido","22":"product_cat-semilla","23":"product_cat-verano","24":"product_tag-amarillo","25":"pa_pot-size-1-galon-6","28":"first","29":"instock","30":"taxable","31":"shipping-taxable","32":"purchasable","33":"product-type-variable"},"aioseo_notices":[],"_links":{"self":[{"href":"https:\/\/smartyplantsnursery.com\/es\/wp-json\/wp\/v2\/product\/51734","targetHints":{"allow":["GET"]}}],"collection":[{"href":"https:\/\/smartyplantsnursery.com\/es\/wp-json\/wp\/v2\/product"}],"about":[{"href":"https:\/\/smartyplantsnursery.com\/es\/wp-json\/wp\/v2\/types\/product"}],"replies":[{"embeddable":true,"href":"https:\/\/smartyplantsnursery.com\/es\/wp-json\/wp\/v2\/comments?post=51734"}],"wp:featuredmedia":[{"embeddable":true,"href":"https:\/\/smartyplantsnursery.com\/es\/wp-json\/wp\/v2\/media\/52399"}],"wp:attachment":[{"href":"https:\/\/smartyplantsnursery.com\/es\/wp-json\/wp\/v2\/media?parent=51734"}],"wp:term":[{"taxonomy":"product_brand","embeddable":true,"href":"https:\/\/smartyplantsnursery.com\/es\/wp-json\/wp\/v2\/product_brand?post=51734"},{"taxonomy":"product_cat","embeddable":true,"href":"https:\/\/smartyplantsnursery.com\/es\/wp-json\/wp\/v2\/product_cat?post=51734"},{"taxonomy":"product_tag","embeddable":true,"href":"https:\/\/smartyplantsnursery.com\/es\/wp-json\/wp\/v2\/product_tag?post=51734"}],"curies":[{"name":"wp","href":"https:\/\/api.w.org\/{rel}","templated":true}]}}