{"id":51826,"date":"2025-12-12T20:35:51","date_gmt":"2025-12-12T20:35:51","guid":{"rendered":"https:\/\/smartyplantsnursery.com\/product\/orquidea-de-hong-kong-bauhinia-blakeana\/"},"modified":"2026-03-07T14:51:24","modified_gmt":"2026-03-07T14:51:24","slug":"orquidea-de-hong-kong-bauhinia-blakeana","status":"publish","type":"product","link":"https:\/\/smartyplantsnursery.com\/es\/product\/orquidea-de-hong-kong-bauhinia-blakeana\/","title":{"rendered":"Orqu\u00eddea de Hong Kong &#8211; Bauhinia blakeana"},"content":{"rendered":"<p><b>Usos generales en el paisajismo: <\/b>\u00c1rbol de sombra<\/p>\n<p><b>Notas sobre restauraci\u00f3n ecol\u00f3gica:<\/b> No recomendado porque es un h\u00edbrido cultivado<\/p>\n<p><b>Descripci\u00f3n: <\/b>\u00c1rbol perenne de tama\u00f1o peque\u00f1o a mediano<\/p>\n<p><b>Dimensiones:<\/b> Altura 20 &#8211; 40 pies.<\/p>\n<p><b>Tasa de crecimiento:<\/b> De moderada a r\u00e1pida<\/p>\n<p><b>Distribuci\u00f3n nativa: <\/b>Hong Kong<\/p>\n<p><b>H\u00e1bitats nativos: <\/b>Llanuras costeras, laderas y valles urbanos<\/p>\n<p><b>Suelos:<\/b> Bien drenados<\/p>\n<p><b>Requisitos nutricionales:<\/b> moderados<\/p>\n<p><b>Tolerancia al agua salada:<\/b> moderada<\/p>\n<p><b>Tolerancia al viento salino:<\/b> De moderada a alta<\/p>\n<p><b>Tolerancia a la sequ\u00eda:<\/b> moderada<\/p>\n<p><b>Requisitos de luz:<\/b> Pleno sol<\/p>\n<p><b>Color de la flor: <\/b>Rosa p\u00farpura<\/p>\n<p><b>Caracter\u00edsticas de la flor: <\/b>Grandes, vistosas, parecidas a las orqu\u00eddeas<\/p>\n<p><b>Temporada de floraci\u00f3n: <\/b>Desde finales de oto\u00f1o hasta principios de primavera<\/p>\n<p><b>Fruto: <\/b>Vainas est\u00e9riles<\/p>\n<p><b>Fauna y ecolog\u00eda: <\/b>Fuente de n\u00e9ctar y polen, sombra y refugio para la fauna peque\u00f1a<\/p>\n<p><b>Notas de horticultura: <\/b>Cultivado a partir de esquejes, acodo a\u00e9reo, injerto<\/p>\n<p><b>Comentarios:<\/b><\/p>\n","protected":false},"excerpt":{"rendered":"<p><img decoding=\"async\" class=\"alignnone size-medium wp-image-31863\" src=\"https:\/\/smartyplantsnursery.com\/wp-content\/uploads\/2023\/04\/Screen-Shot-2023-04-22-at-11.28.02-PM-300x134.png\" alt=\"Compre con confianza en el vivero Smarty Plants.\" width=\"300\" height=\"134\"><\/p>\n<div class=\"container\">\n<div class=\"table-container\">\n<table>\n<thead>\n<tr>\n<th>Tama\u00f1o de la maceta<\/th>\n<th>Altura media plantada (desde la tierra hasta la parte superior de la planta)<\/th>\n<th>Calibre<\/th>\n<\/tr>\n<\/thead>\n<tbody>\n<tr>\n<td>7 galones\/14&#8243;<\/td>\n<td>2 &#8211; 4 pies<\/td>\n<td><\/td>\n<\/tr>\n<tr>\n<td>Maceta de 25 galones\/21&#8243;<\/td>\n<td>8 &#8211; 12 pies<\/td>\n<td>1,75 &#8211; 2 in.<\/td>\n<\/tr>\n<tr>\n<td>Maceta de 45 galones\/28&#8243;<\/td>\n<td>12 &#8211; 14 pies<\/td>\n<td>2,75 &#8211; 3 in.<\/td>\n<\/tr>\n<\/tbody>\n<\/table>\n<\/div>\n<\/div>\n","protected":false},"featured_media":54419,"comment_status":"open","ping_status":"closed","template":"","meta":[],"product_brand":[],"product_cat":[336,362,344,371,310,315,302,368,379,355,324,309,361,360,326,313,308,335,323,322],"product_tag":[338],"class_list":{"0":"post-51826","1":"product","2":"type-product","3":"status-publish","4":"has-post-thumbnail","6":"product_cat-acodo-aereo","7":"product_cat-alta-es-2","8":"product_cat-arbol","9":"product_cat-arbol-de-sombra","10":"product_cat-bien-drenado","11":"product_cat-esquejes","12":"product_cat-exotica","13":"product_cat-grande","14":"product_cat-injerto","15":"product_cat-invierno","16":"product_cat-llamativo","17":"product_cat-moderada","18":"product_cat-moderada-es-4","19":"product_cat-moderada-es-3","20":"product_cat-moderada-es-2","21":"product_cat-moderada-es","22":"product_cat-otono","23":"product_cat-pleno-sol","24":"product_cat-primavera","25":"product_cat-rapido","26":"product_tag-morado","27":"pa_pot-size-25-galones-21","28":"pa_pot-size-45-galones-28","29":"pa_pot-size-7-galones-14","32":"first","33":"instock","34":"taxable","35":"shipping-taxable","36":"purchasable","37":"product-type-variable"},"aioseo_notices":[],"_links":{"self":[{"href":"https:\/\/smartyplantsnursery.com\/es\/wp-json\/wp\/v2\/product\/51826","targetHints":{"allow":["GET"]}}],"collection":[{"href":"https:\/\/smartyplantsnursery.com\/es\/wp-json\/wp\/v2\/product"}],"about":[{"href":"https:\/\/smartyplantsnursery.com\/es\/wp-json\/wp\/v2\/types\/product"}],"replies":[{"embeddable":true,"href":"https:\/\/smartyplantsnursery.com\/es\/wp-json\/wp\/v2\/comments?post=51826"}],"wp:featuredmedia":[{"embeddable":true,"href":"https:\/\/smartyplantsnursery.com\/es\/wp-json\/wp\/v2\/media\/54419"}],"wp:attachment":[{"href":"https:\/\/smartyplantsnursery.com\/es\/wp-json\/wp\/v2\/media?parent=51826"}],"wp:term":[{"taxonomy":"product_brand","embeddable":true,"href":"https:\/\/smartyplantsnursery.com\/es\/wp-json\/wp\/v2\/product_brand?post=51826"},{"taxonomy":"product_cat","embeddable":true,"href":"https:\/\/smartyplantsnursery.com\/es\/wp-json\/wp\/v2\/product_cat?post=51826"},{"taxonomy":"product_tag","embeddable":true,"href":"https:\/\/smartyplantsnursery.com\/es\/wp-json\/wp\/v2\/product_tag?post=51826"}],"curies":[{"name":"wp","href":"https:\/\/api.w.org\/{rel}","templated":true}]}}