{"id":51903,"date":"2025-12-15T01:36:41","date_gmt":"2025-12-15T01:36:41","guid":{"rendered":"https:\/\/smartyplantsnursery.com\/product\/arbol-del-cepillo-lloron-callistemon-viminalis\/"},"modified":"2025-12-15T01:36:41","modified_gmt":"2025-12-15T01:36:41","slug":"arbol-del-cepillo-lloron-callistemon-viminalis","status":"publish","type":"product","link":"https:\/\/smartyplantsnursery.com\/es\/product\/arbol-del-cepillo-lloron-callistemon-viminalis\/","title":{"rendered":"\u00c1rbol del cepillo llor\u00f3n &#8211; Callistemon viminalis"},"content":{"rendered":"<p><b>Usos generales en el paisaje:<\/b> Planta ornamental, plantaci\u00f3n ribere\u00f1a, \u00e1rbol de calle, jard\u00edn de mariposas, control de la erosi\u00f3n, paisajes tolerantes a la sequ\u00eda<\/p>\n<p><b>Notas sobre restauraci\u00f3n ecol\u00f3gica:<\/b> Rehabilitaci\u00f3n de zonas ribere\u00f1as, h\u00e1bitat y fuente de alimento para la fauna<\/p>\n<p><b>Descripci\u00f3n:<\/b> \u00c1rbol ornamental llamado as\u00ed por su distintiva forma de crecimiento llorona o p\u00e9ndula<\/p>\n<p><b>Dimensiones:<\/b> Altura 4,5 &#8211; 7,5 m; Extensi\u00f3n 4,5 &#8211; 7,5 m<\/p>\n<p><b>Tasa de crecimiento:<\/b> r\u00e1pida<\/p>\n<p><b>Distribuci\u00f3n nativa:<\/b> Este de Australia<\/p>\n<p><b>H\u00e1bitats nativos:<\/b> Cursos de agua permanentes e intermitentes<\/p>\n<p><b>Suelos:<\/b> Bien drenados<\/p>\n<p><b>Requisitos nutricionales:<\/b> bajos<\/p>\n<p><b>Tolerancia al agua salada:<\/b> moderada<\/p>\n<p><b>Tolerancia al viento salino:<\/b> De moderada a alta<\/p>\n<p><b>Tolerancia a la sequ\u00eda:<\/b> alta<\/p>\n<p><b>Requisitos de luz:<\/b> pleno sol<\/p>\n<p><b>Color de la flor:<\/b> Rojo<\/p>\n<p><b>Caracter\u00edsticas de la flor:<\/b> Espiga cil\u00edndrica, vistosa<\/p>\n<p><b>Temporada de floraci\u00f3n:<\/b> Primavera a principios de verano<\/p>\n<p><b>Fruto:<\/b> C\u00e1psula peque\u00f1a y le\u00f1osa<\/p>\n<p><b>Vida silvestre y ecolog\u00eda:<\/b> Las flores son ricas en n\u00e9ctar y son un im\u00e1n para las aves (especialmente colibr\u00edes y mel\u00edfagos), mariposas y abejas.<\/p>\n<p><b>Notas de horticultura:<\/b> Se cultiva a partir de semillas, esquejes<\/p>\n<p><b>Comentarios:<\/b><\/p>\n","protected":false},"excerpt":{"rendered":"<p><img decoding=\"async\" class=\"alignnone size-medium wp-image-31863\" src=\"https:\/\/smartyplantsnursery.com\/wp-content\/uploads\/2023\/04\/Screen-Shot-2023-04-22-at-11.28.02-PM-300x134.png\" alt=\"Compre con confianza en el vivero Smarty Plants.\" width=\"300\" height=\"134\"><\/p>\n<div class=\"container\">\n<div class=\"table-container\">\n<table>\n<thead>\n<tr>\n<th>Tama\u00f1o de la maceta<\/th>\n<th>Altura media plantada (desde la tierra hasta la parte superior de la planta)<\/th>\n<th>Calibre<\/th>\n<\/tr>\n<\/thead>\n<tbody>\n<tr>\n<td>7 galones\/14&#8243;<\/td>\n<td>2 &#8211; 4 pies<\/td>\n<td><\/td>\n<\/tr>\n<tr>\n<td>Maceta de 57 l\/43 cm<\/td>\n<td>1,8 &#8211; 3 m<\/td>\n<td><\/td>\n<\/tr>\n<tr>\n<td>25 galones\/21&#8243;<\/td>\n<td>3 &#8211; 3,6 m<\/td>\n<td>3,8 &#8211; 5 cm<\/td>\n<\/tr>\n<tr>\n<td>45 galones\/28&#8243;<\/td>\n<td>3,6 &#8211; 4,2 m<\/td>\n<td>5 &#8211; 7,5 cm<\/td>\n<\/tr>\n<\/tbody>\n<\/table>\n<\/div>\n<\/div>\n","protected":false},"featured_media":51890,"comment_status":"open","ping_status":"closed","template":"","meta":[],"product_brand":[],"product_cat":[340,362,344,357,310,363,315,302,324,361,360,314,358,335,323,322,330,307],"product_tag":[350],"class_list":{"0":"post-51903","1":"product","2":"type-product","3":"status-publish","4":"has-post-thumbnail","6":"product_cat-alta","7":"product_cat-alta-es-2","8":"product_cat-arbol","9":"product_cat-baja-es-3","10":"product_cat-bien-drenado","11":"product_cat-espiga","12":"product_cat-esquejes","13":"product_cat-exotica","14":"product_cat-llamativo","15":"product_cat-moderada-es-4","16":"product_cat-moderada-es-3","17":"product_cat-planta-de-especimen","18":"product_cat-plantas-para-mariposas-plantas-para-polinizadores","19":"product_cat-pleno-sol","20":"product_cat-primavera","21":"product_cat-rapido","22":"product_cat-semilla","23":"product_cat-verano","24":"product_tag-rojo","25":"pa_pot-size-15-galones-17","26":"pa_pot-size-25-galones-21","27":"pa_pot-size-45-galones-28","28":"pa_pot-size-7-galones-14","31":"first","32":"instock","33":"taxable","34":"shipping-taxable","35":"purchasable","36":"product-type-variable"},"aioseo_notices":[],"_links":{"self":[{"href":"https:\/\/smartyplantsnursery.com\/es\/wp-json\/wp\/v2\/product\/51903","targetHints":{"allow":["GET"]}}],"collection":[{"href":"https:\/\/smartyplantsnursery.com\/es\/wp-json\/wp\/v2\/product"}],"about":[{"href":"https:\/\/smartyplantsnursery.com\/es\/wp-json\/wp\/v2\/types\/product"}],"replies":[{"embeddable":true,"href":"https:\/\/smartyplantsnursery.com\/es\/wp-json\/wp\/v2\/comments?post=51903"}],"wp:featuredmedia":[{"embeddable":true,"href":"https:\/\/smartyplantsnursery.com\/es\/wp-json\/wp\/v2\/media\/51890"}],"wp:attachment":[{"href":"https:\/\/smartyplantsnursery.com\/es\/wp-json\/wp\/v2\/media?parent=51903"}],"wp:term":[{"taxonomy":"product_brand","embeddable":true,"href":"https:\/\/smartyplantsnursery.com\/es\/wp-json\/wp\/v2\/product_brand?post=51903"},{"taxonomy":"product_cat","embeddable":true,"href":"https:\/\/smartyplantsnursery.com\/es\/wp-json\/wp\/v2\/product_cat?post=51903"},{"taxonomy":"product_tag","embeddable":true,"href":"https:\/\/smartyplantsnursery.com\/es\/wp-json\/wp\/v2\/product_tag?post=51903"}],"curies":[{"name":"wp","href":"https:\/\/api.w.org\/{rel}","templated":true}]}}