{"id":52233,"date":"2025-12-30T16:15:09","date_gmt":"2025-12-30T16:15:09","guid":{"rendered":"https:\/\/smartyplantsnursery.com\/product\/planta-de-la-oracion-roja-maranta-leuconeura-erythroneura\/"},"modified":"2025-12-30T16:15:09","modified_gmt":"2025-12-30T16:15:09","slug":"planta-de-la-oracion-roja-maranta-leuconeura-erythroneura","status":"publish","type":"product","link":"https:\/\/smartyplantsnursery.com\/es\/product\/planta-de-la-oracion-roja-maranta-leuconeura-erythroneura\/","title":{"rendered":"Planta de la Oraci\u00f3n &#8211; Roja &#8211; Maranta leuconeura &#8216;Erythroneura&#8217;"},"content":{"rendered":"<p><b>Usos generales en el paisajismo: <\/b>Cobertora de suelo, contenedor<\/p>\n<p><b>Notas sobre restauraci\u00f3n ecol\u00f3gica: <\/b>No se suele utilizar para la restauraci\u00f3n. En su \u00e1rea de distribuci\u00f3n nativa, contribuye a la compleja biodiversidad a nivel del suelo de las selvas tropicales, proporcionando cobertura para peque\u00f1os invertebrados. <\/p>\n<p><b>Descripci\u00f3n: <\/b><span class=\"citation-23 citation-end-23\">Una planta perenne de bajo crecimiento y formaci\u00f3n de matas conocida por su llamativo follaje.<\/span> Las hojas presentan un fondo verde oscuro con un centro verde claro plumoso y prominentes nervaduras rojas con dise\u00f1o de espiga. Las partes inferiores son de un color burdeos intenso. <\/p>\n<p><b>Dimensiones: <\/b>Altura 15 &#8211; 30 cm; Extensi\u00f3n 30 &#8211; 45 cm<\/p>\n<p><b>Tasa de crecimiento:<\/b> moderada<\/p>\n<p><b>\u00c1rea de distribuci\u00f3n nativa: <\/b><span class=\"citation-22\">Am\u00e9ricas tropicales, espec\u00edficamente la <\/span><span class=\"citation-22\">selva tropical brasile\u00f1a<\/span><span class=\"citation-22 citation-end-22\">.<\/span><\/p>\n<p><b>H\u00e1bitats nativos: <\/b>Suelos forestales donde vive a la luz moteada debajo del denso dosel, prosperando en alta humedad y suelo cubierto de hojarasca.<\/p>\n<p><b>Suelos: <\/b><span class=\"citation-21 citation-end-21\">Prefiere un suelo \u00e1cido (pH 5,5 a 6,0) rico en humus y con buen drenaje.<\/span> No tolera los &#8220;pies mojados&#8221; ni la arcilla pesada.<\/p>\n<p><b>Requisitos nutricionales:<\/b> De bajos a moderados<\/p>\n<p><b>Tolerancia al agua salada:<\/b> baja<\/p>\n<p><b>Tolerancia al viento salado:<\/b> baja<\/p>\n<p><b>Tolerancia a la sequ\u00eda:<\/b> baja<\/p>\n<p><b>Requisitos de luz:<\/b> sol parcial<\/p>\n<p><b>Color de la flor: <\/b>Blanco a lavanda p\u00e1lido<\/p>\n<p><b>Caracter\u00edsticas de la flor: <\/b>Nacen en espigas largas y delgadas (racimos). Son delicadas y a menudo se consideran &#8220;insignificantes&#8221; en comparaci\u00f3n con el follaje. <\/p>\n<p><b>Temporada de floraci\u00f3n:<\/b> Desde finales de primavera hasta principios de verano<\/p>\n<p><b>Fruto: <\/b>Una c\u00e1psula peque\u00f1a e discreta con una sola semilla.<\/p>\n<p><b>Vida silvestre y ecolog\u00eda: <\/b>En la naturaleza, las flores tubulares pueden atraer a peque\u00f1os polinizadores como abejas especializadas o colibr\u00edes, aunque no es una fuente primaria de n\u00e9ctar.<\/p>\n<p><b>Notas de horticultura: <\/b>Se cultiva a partir de esquejes o divisi\u00f3n<\/p>\n<p><b>Comentarios: <\/b>Esta planta no es t\u00f3xica para gatos y perros, lo que la convierte en una de las favoritas para los due\u00f1os de mascotas.<\/p>\n","protected":false},"excerpt":{"rendered":"<p><img decoding=\"async\" class=\"alignnone size-medium wp-image-31863\" src=\"https:\/\/smartyplantsnursery.com\/wp-content\/uploads\/2023\/04\/Screen-Shot-2023-04-22-at-11.28.02-PM-300x134.png\" alt=\"Compre con confianza en el vivero Smarty Plants.\" width=\"300\" height=\"134\"><\/p>\n<div class=\"container\">\n<div class=\"table-container\">\n<table>\n<thead>\n<tr>\n<th>Tama\u00f1o de la maceta<\/th>\n<th>Altura media plantada (desde la tierra hasta la parte superior de la planta)<\/th>\n<\/tr>\n<\/thead>\n<tbody>\n<tr>\n<td>1 gal\u00f3n\/6&#8243;<\/td>\n<td>0 &#8211; 1 ft.<\/td>\n<\/tr>\n<\/tbody>\n<\/table>\n<\/div>\n","protected":false},"featured_media":52230,"comment_status":"open","ping_status":"closed","template":"","meta":[],"product_brand":[],"product_cat":[343,329,357,311,312,310,321,317,331,363,315,302,309,326,323,303,307],"product_tag":[318,337],"class_list":{"0":"post-52233","1":"product","2":"type-product","3":"status-publish","4":"has-post-thumbnail","6":"product_cat-acido","7":"product_cat-baja-es-2","8":"product_cat-baja-es-3","9":"product_cat-baja","10":"product_cat-baja-es","11":"product_cat-bien-drenado","12":"product_cat-cobertura-del-suelo","13":"product_cat-contenedor","14":"product_cat-division-es","15":"product_cat-espiga","16":"product_cat-esquejes","17":"product_cat-exotica","18":"product_cat-moderada","19":"product_cat-moderada-es-2","20":"product_cat-primavera","21":"product_cat-sol-parcial","22":"product_cat-verano","23":"product_tag-blanco","24":"product_tag-lavanda","25":"pa_pot-size-1-galon-6","28":"first","29":"instock","30":"taxable","31":"shipping-taxable","32":"purchasable","33":"product-type-variable"},"aioseo_notices":[],"_links":{"self":[{"href":"https:\/\/smartyplantsnursery.com\/es\/wp-json\/wp\/v2\/product\/52233","targetHints":{"allow":["GET"]}}],"collection":[{"href":"https:\/\/smartyplantsnursery.com\/es\/wp-json\/wp\/v2\/product"}],"about":[{"href":"https:\/\/smartyplantsnursery.com\/es\/wp-json\/wp\/v2\/types\/product"}],"replies":[{"embeddable":true,"href":"https:\/\/smartyplantsnursery.com\/es\/wp-json\/wp\/v2\/comments?post=52233"}],"wp:featuredmedia":[{"embeddable":true,"href":"https:\/\/smartyplantsnursery.com\/es\/wp-json\/wp\/v2\/media\/52230"}],"wp:attachment":[{"href":"https:\/\/smartyplantsnursery.com\/es\/wp-json\/wp\/v2\/media?parent=52233"}],"wp:term":[{"taxonomy":"product_brand","embeddable":true,"href":"https:\/\/smartyplantsnursery.com\/es\/wp-json\/wp\/v2\/product_brand?post=52233"},{"taxonomy":"product_cat","embeddable":true,"href":"https:\/\/smartyplantsnursery.com\/es\/wp-json\/wp\/v2\/product_cat?post=52233"},{"taxonomy":"product_tag","embeddable":true,"href":"https:\/\/smartyplantsnursery.com\/es\/wp-json\/wp\/v2\/product_tag?post=52233"}],"curies":[{"name":"wp","href":"https:\/\/api.w.org\/{rel}","templated":true}]}}