{"id":52346,"date":"2026-01-02T17:35:41","date_gmt":"2026-01-02T17:35:41","guid":{"rendered":"https:\/\/smartyplantsnursery.com\/product\/asclepias-perennis-algodoncillo-acuatico\/"},"modified":"2026-03-07T14:54:38","modified_gmt":"2026-03-07T14:54:38","slug":"asclepias-perennis-algodoncillo-acuatico","status":"publish","type":"product","link":"https:\/\/smartyplantsnursery.com\/es\/product\/asclepias-perennis-algodoncillo-acuatico\/","title":{"rendered":"Asclepias perennis &#8211; Algodoncillo acu\u00e1tico"},"content":{"rendered":"<p><b>Usos generales en el paisaje:<\/b> Planta silvestre y planta hospedadora de mariposas.<\/p>\n<p><b>Descripci\u00f3n:<\/b> Peque\u00f1a planta perenne de 30-60 cm de altura con hojas estrechas de 7-12 cm de largo. Forma peque\u00f1os grupos. Flores blancas que aparecen de brotes rosados en grupos.  <\/p>\n<p><b>Dimensiones:<\/b> Normalmente de 30 a 60 cm de altura.<\/p>\n<p><b>Tasa de crecimiento:<\/b> moderada.<\/p>\n<p><b>Distribuci\u00f3n nativa:<\/b> Centro y sureste de Estados Unidos, al sur de los condados de Volusia, Osceola, Polk, DeSoto y Sarasota.<\/p>\n<p><b>H\u00e1bitats nativos:<\/b> Marismas, pantanos de cipreses, bosques de llanuras aluviales.<\/p>\n<p><b>Suelos:<\/b> Suelos org\u00e1nicos, arenosos o calc\u00e1reos, de h\u00famedos a mojados, inundados estacionalmente, con o sin capa superior h\u00famica.<\/p>\n<p><b>Requisitos nutricionales:<\/b> Moderado; puede crecer en suelos pobres en nutrientes, pero necesita algo de contenido org\u00e1nico para prosperar.<\/p>\n<p><b>Tolerancia al agua salada:<\/b> Baja; no tolera las inundaciones a largo plazo con agua salada o salobre.<\/p>\n<p><b>Tolerancia al viento salino:<\/b> Moderada; crece cerca del agua salada, pero est\u00e1 protegido de la pulverizaci\u00f3n directa de sal por otra vegetaci\u00f3n.<\/p>\n<p><b>Tolerancia a la sequ\u00eda:<\/b> Baja; requiere suelos h\u00famedos a mojados y es intolerante a largos per\u00edodos de sequ\u00eda.<\/p>\n<p><b>Requisitos de luz:<\/b> Sol parcial<\/p>\n<p><b>Color de la flor:<\/b> Blanco<\/p>\n<p><b>Caracter\u00edsticas de la flor:<\/b> vistosa.<\/p>\n<p><b>Temporada de floraci\u00f3n:<\/b> Mayo-septiembre.<\/p>\n<p><b>Fruto:<\/b> Fol\u00edculos marrones de 2,5 cm de largo.<\/p>\n<p><b>Fauna y ecolog\u00eda:<\/b> Planta hospedadora de larvas de las mariposas monarca (Danaus plexippus), reina (Danaus gilippus) y soldado (Danaus eresimus). Atrae abejas nativas y otros insectos beneficiosos. <\/p>\n<p><b>Notas de horticultura: <\/b>Cultivado a partir de semillas, esquejes, divisi\u00f3n<\/p>\n","protected":false},"excerpt":{"rendered":"<p><img fetchpriority=\"high\" decoding=\"async\" class=\"alignnone size-medium wp-image-54744\" src=\"https:\/\/smartyplantsnursery.com\/wp-content\/uploads\/2023\/04\/Screenshot-2026-03-03-at-2.22.47-PM-300x185.png\" alt=\"\" width=\"300\" height=\"185\"><\/p>\n<div class=\"container\">\n<div class=\"table-container\">\n<table>\n<thead>\n<tr>\n<th>Tama\u00f1o de la maceta<\/th>\n<th>Altura media plantada (desde la tierra hasta la parte superior de la planta)<\/th>\n<\/tr>\n<\/thead>\n<tbody>\n<tr>\n<td>1 gal\u00f3n\/6&#8243;<\/td>\n<td>0 &#8211; 1 ft.<\/td>\n<\/tr>\n<\/tbody>\n<\/table>\n<\/div>\n<\/div>\n","protected":false},"featured_media":52782,"comment_status":"open","ping_status":"closed","template":"","meta":[],"product_brand":[59,60],"product_cat":[359,311,329,331,315,393,324,354,309,326,361,341,308,358,323,330,303,307],"product_tag":[318],"class_list":{"0":"post-52346","1":"product","2":"type-product","3":"status-publish","4":"has-post-thumbnail","6":"product_brand-fann","7":"product_brand-fnps","8":"product_cat-arena","9":"product_cat-baja","10":"product_cat-baja-es-2","11":"product_cat-division-es","12":"product_cat-esquejes","13":"product_cat-flor-silvestre","14":"product_cat-llamativo","15":"product_cat-mal-drenado","16":"product_cat-moderada","17":"product_cat-moderada-es-2","18":"product_cat-moderada-es-4","19":"product_cat-nativo","20":"product_cat-otono","21":"product_cat-plantas-para-mariposas-plantas-para-polinizadores","22":"product_cat-primavera","23":"product_cat-semilla","24":"product_cat-sol-parcial","25":"product_cat-verano","26":"product_tag-blanco","27":"pa_pot-size-1-galon-6","30":"first","31":"instock","32":"taxable","33":"shipping-taxable","34":"purchasable","35":"product-type-variable"},"aioseo_notices":[],"_links":{"self":[{"href":"https:\/\/smartyplantsnursery.com\/es\/wp-json\/wp\/v2\/product\/52346","targetHints":{"allow":["GET"]}}],"collection":[{"href":"https:\/\/smartyplantsnursery.com\/es\/wp-json\/wp\/v2\/product"}],"about":[{"href":"https:\/\/smartyplantsnursery.com\/es\/wp-json\/wp\/v2\/types\/product"}],"replies":[{"embeddable":true,"href":"https:\/\/smartyplantsnursery.com\/es\/wp-json\/wp\/v2\/comments?post=52346"}],"wp:featuredmedia":[{"embeddable":true,"href":"https:\/\/smartyplantsnursery.com\/es\/wp-json\/wp\/v2\/media\/52782"}],"wp:attachment":[{"href":"https:\/\/smartyplantsnursery.com\/es\/wp-json\/wp\/v2\/media?parent=52346"}],"wp:term":[{"taxonomy":"product_brand","embeddable":true,"href":"https:\/\/smartyplantsnursery.com\/es\/wp-json\/wp\/v2\/product_brand?post=52346"},{"taxonomy":"product_cat","embeddable":true,"href":"https:\/\/smartyplantsnursery.com\/es\/wp-json\/wp\/v2\/product_cat?post=52346"},{"taxonomy":"product_tag","embeddable":true,"href":"https:\/\/smartyplantsnursery.com\/es\/wp-json\/wp\/v2\/product_tag?post=52346"}],"curies":[{"name":"wp","href":"https:\/\/api.w.org\/{rel}","templated":true}]}}