{"id":52558,"date":"2026-01-07T14:45:50","date_gmt":"2026-01-07T14:45:50","guid":{"rendered":"https:\/\/smartyplantsnursery.com\/product\/petrea-volubilis-corona-de-reina-purpura-2\/"},"modified":"2026-01-07T14:45:50","modified_gmt":"2026-01-07T14:45:50","slug":"petrea-volubilis-corona-de-reina-purpura-2","status":"publish","type":"product","link":"https:\/\/smartyplantsnursery.com\/es\/product\/petrea-volubilis-corona-de-reina-purpura-2\/","title":{"rendered":"Petrea volubilis, corona de reina p\u00farpura"},"content":{"rendered":"<p><b>Usos generales en el paisajismo:<\/b> Contenedor, jard\u00edn de mariposas<\/p>\n<p><b>Notas sobre la restauraci\u00f3n ecol\u00f3gica:<\/b> Considerada una planta de bajo riesgo\/bajo potencial invasivo en la mayor\u00eda de las regiones tropicales.<\/p>\n<p><b>Descripci\u00f3n:<\/b> Enredadera le\u00f1osa<\/p>\n<p><b>Dimensiones:<\/b> Altura 25 &#8211; 40 pies.<\/p>\n<p><b>Tasa de crecimiento:<\/b> De moderada a r\u00e1pida<\/p>\n<p><b>Distribuci\u00f3n nativa:<\/b> Am\u00e9rica tropical (desde M\u00e9xico hasta Am\u00e9rica Central y el norte de Sudam\u00e9rica) y el Caribe.<\/p>\n<p><b>H\u00e1bitats nativos:<\/b> Prefiere los bosques tropicales estacionales, a menudo cerca de r\u00edos o arroyos.<\/p>\n<p><b>Suelos:<\/b> Bien drenados, \u00e1cidos<\/p>\n<p><b>Requisitos nutricionales:<\/b> moderados<\/p>\n<p><b>Tolerancia al agua salada:<\/b> baja<\/p>\n<p><b>Tolerancia al viento salado:<\/b> moderada<\/p>\n<p><b>Tolerancia a la sequ\u00eda:<\/b> alta<\/p>\n<p><b>Requisitos de luz:<\/b> Pleno sol<\/p>\n<p><b>Color de la flor: <\/b>Violeta-p\u00farpura<\/p>\n<p><b>Caracter\u00edsticas de la flor:<\/b> Llamativas, en forma de estrella<\/p>\n<p><b>Temporada de floraci\u00f3n:<\/b> Primavera a principios de verano<\/p>\n<p><b>Fruto:<\/b> Peque\u00f1as drupas encerradas en el c\u00e1liz, que act\u00faa como un ala de &#8220;helic\u00f3ptero&#8221; para ayudar a la dispersi\u00f3n por el viento.<\/p>\n<p><b>Fauna y ecolog\u00eda:<\/b> <span class=\"citation-77\">Una de las favoritas para<\/span> <span class=\"citation-77\">mariposas<\/span> <span class=\"citation-77 citation-end-77\">y abejas.<\/span> Los ciervos no suelen molestarla debido a la textura \u00e1spera de las hojas.<\/p>\n<p><b>Notas de horticultura:<\/b> Se propaga por esquejes, acodo a\u00e9reo, divisi\u00f3n, semilla<\/p>\n<p><b>Comentarios:<\/b> A menudo llamada la &#8220;glicinia tropical&#8221;.<\/p>\n","protected":false},"excerpt":{"rendered":"<p><img decoding=\"async\" class=\"alignnone size-medium wp-image-31863\" src=\"https:\/\/smartyplantsnursery.com\/wp-content\/uploads\/2023\/04\/Screen-Shot-2023-04-22-at-11.28.02-PM-300x134.png\" alt=\"Compre con confianza en el vivero Smarty Plants.\" width=\"300\" height=\"134\"><\/p>\n<div class=\"container\">\n<div class=\"table-container\">\n<table>\n<thead>\n<tr>\n<th>Tama\u00f1o de la maceta<\/th>\n<th>Altura media plantada (desde la tierra hasta la parte superior de la planta)<\/th>\n<\/tr>\n<\/thead>\n<tbody>\n<tr>\n<td>15 galones\/17&#8243;<\/td>\n<td>5 &#8211; 6 pies<\/td>\n<\/tr>\n<\/tbody>\n<\/table>\n<\/div>\n<\/div>\n","protected":false},"featured_media":52553,"comment_status":"open","ping_status":"closed","template":"","meta":[],"product_brand":[],"product_cat":[419],"product_tag":[],"class_list":{"0":"post-52558","1":"product","2":"type-product","3":"status-publish","4":"has-post-thumbnail","6":"product_cat-sin-categorizar","9":"first","10":"instock","11":"taxable","12":"shipping-taxable","13":"purchasable","14":"product-type-variable"},"aioseo_notices":[],"_links":{"self":[{"href":"https:\/\/smartyplantsnursery.com\/es\/wp-json\/wp\/v2\/product\/52558","targetHints":{"allow":["GET"]}}],"collection":[{"href":"https:\/\/smartyplantsnursery.com\/es\/wp-json\/wp\/v2\/product"}],"about":[{"href":"https:\/\/smartyplantsnursery.com\/es\/wp-json\/wp\/v2\/types\/product"}],"replies":[{"embeddable":true,"href":"https:\/\/smartyplantsnursery.com\/es\/wp-json\/wp\/v2\/comments?post=52558"}],"wp:featuredmedia":[{"embeddable":true,"href":"https:\/\/smartyplantsnursery.com\/es\/wp-json\/wp\/v2\/media\/52553"}],"wp:attachment":[{"href":"https:\/\/smartyplantsnursery.com\/es\/wp-json\/wp\/v2\/media?parent=52558"}],"wp:term":[{"taxonomy":"product_brand","embeddable":true,"href":"https:\/\/smartyplantsnursery.com\/es\/wp-json\/wp\/v2\/product_brand?post=52558"},{"taxonomy":"product_cat","embeddable":true,"href":"https:\/\/smartyplantsnursery.com\/es\/wp-json\/wp\/v2\/product_cat?post=52558"},{"taxonomy":"product_tag","embeddable":true,"href":"https:\/\/smartyplantsnursery.com\/es\/wp-json\/wp\/v2\/product_tag?post=52558"}],"curies":[{"name":"wp","href":"https:\/\/api.w.org\/{rel}","templated":true}]}}