{"id":52705,"date":"2026-01-09T16:36:16","date_gmt":"2026-01-09T16:36:16","guid":{"rendered":"https:\/\/smartyplantsnursery.com\/product\/mango-mangifera-indica-manila-mango\/"},"modified":"2026-01-09T16:36:16","modified_gmt":"2026-01-09T16:36:16","slug":"mango-mangifera-indica-manila-mango","status":"publish","type":"product","link":"https:\/\/smartyplantsnursery.com\/es\/product\/mango-mangifera-indica-manila-mango\/","title":{"rendered":"Mango &#8211; Mangifera indica &#8216;Manila Mango&#8217;"},"content":{"rendered":"<p><b>Usos generales en el paisajismo:<\/b> \u00c1rbol de sombra, comestible, planta ornamental, pantalla<\/p>\n<p><b>Notas sobre la restauraci\u00f3n ecol\u00f3gica:<\/b> Bajo riesgo de invasividad<\/p>\n<p><b>Descripci\u00f3n:<\/b> Un \u00e1rbol de hoja perenne de tama\u00f1o mediano a grande con una copa densa en forma de c\u00fapula. Las hojas son lanceoladas, cori\u00e1ceas y, a menudo, cuelgan elegantemente. <\/p>\n<p><b>Dimensiones:<\/b> Altura 9 &#8211; 15 m.<\/p>\n<p><b>Tasa de crecimiento:<\/b> r\u00e1pida<\/p>\n<p><b>Distribuci\u00f3n nativa:<\/b> India, Sudeste Asi\u00e1tico<\/p>\n<p><b>H\u00e1bitats nativos:<\/b> Tierras bajas tropicales y subtropicales, bosques monz\u00f3nicos y \u00e1reas ribere\u00f1as abiertas.<\/p>\n<p><b>Suelos:<\/b> Bien drenados, arena, marga, roca, de \u00e1cido a neutro (pH 5,5 &#8211; 7,5)<\/p>\n<p><b>Requisitos nutricionales:<\/b> altos<\/p>\n<p><b>Tolerancia al agua salada:<\/b> baja<\/p>\n<p><b>Tolerancia al viento salado:<\/b> moderada<\/p>\n<p><b>Tolerancia a la sequ\u00eda:<\/b> Moderada a alta<\/p>\n<p><b>Requisitos de luz:<\/b> pleno sol<\/p>\n<p><b>Color de la flor:<\/b> De blanco amarillento a blanco ros\u00e1ceo<\/p>\n<p><b>Caracter\u00edsticas de la flor:<\/b> Peque\u00f1as, en racimos, fragantes<\/p>\n<p><b>Temporada de floraci\u00f3n:<\/b> De finales de invierno a principios de primavera<\/p>\n<p><b>Fruto:<\/b> Drupas carnosas; &#8216;Manila&#8217; es t\u00edpicamente de piel amarilla, en forma de ri\u00f1\u00f3n, con pulpa lisa, sin fibra y dulce.<\/p>\n<p><b>Vida silvestre y ecolog\u00eda:<\/b> <span class=\"citation-7 citation-end-7\">Atrae a abejas, mariposas y aves frug\u00edvoras.<\/span> <span class=\"citation-6 citation-end-6\">Planta hu\u00e9sped de varias especies de mariposas.<\/span><\/p>\n<p><b>Notas de horticultura:<\/b> Se propaga por semilla, injerto<\/p>\n<p><b>Comentarios:<\/b> <span class=\"citation-5\">La savia y la piel contienen <\/span><span class=\"citation-5\">urushiol<\/span><span class=\"citation-5 citation-end-5\"> (el mismo al\u00e9rgeno que la hiedra venenosa); algunas personas pueden desarrollar una erupci\u00f3n al contacto.<\/span><\/p>\n","protected":false},"excerpt":{"rendered":"<p><img decoding=\"async\" class=\"alignnone size-medium wp-image-31863\" src=\"https:\/\/smartyplantsnursery.com\/wp-content\/uploads\/2023\/04\/Screen-Shot-2023-04-22-at-11.28.02-PM-300x134.png\" alt=\"Compre con confianza en el vivero Smarty Plants.\" width=\"300\" height=\"134\"><\/p>\n<div class=\"container\">\n<div class=\"table-container\">\n<table>\n<thead>\n<tr>\n<th>Tama\u00f1o de la maceta<\/th>\n<th>Altura media plantada (desde la tierra hasta la parte superior de la planta)<\/th>\n<\/tr>\n<\/thead>\n<tbody>\n<tr>\n<td>7 galones\/14&#8243;<\/td>\n<td>2 &#8211; 4 pies<\/td>\n<\/tr>\n<\/tbody>\n<\/table>\n<\/div>\n<\/div>\n","protected":false},"featured_media":52702,"comment_status":"open","ping_status":"closed","template":"","meta":[],"product_brand":[],"product_cat":[343,348,340,344,371,359,311,353,302,374,369,379,355,354,361,313,345,378,316,314,335,323,372,322,330],"product_tag":[319,318,352],"class_list":{"0":"post-52705","1":"product","2":"type-product","3":"status-publish","4":"has-post-thumbnail","6":"product_cat-acido","7":"product_cat-alta-es","8":"product_cat-alta","9":"product_cat-arbol","10":"product_cat-arbol-de-sombra","11":"product_cat-arena","12":"product_cat-baja","13":"product_cat-comestible","14":"product_cat-exotica","15":"product_cat-fragante-2","16":"product_cat-franco","17":"product_cat-injerto","18":"product_cat-invierno","19":"product_cat-mal-drenado","20":"product_cat-moderada-es-4","21":"product_cat-moderada-es","22":"product_cat-neutro","23":"product_cat-pantalla","24":"product_cat-pequena","25":"product_cat-planta-de-especimen","26":"product_cat-pleno-sol","27":"product_cat-primavera","28":"product_cat-racimo","29":"product_cat-rapido","30":"product_cat-semilla","31":"product_tag-amarillo","32":"product_tag-blanco","33":"product_tag-rosa","34":"pa_pot-size-7-galones-14","37":"first","38":"instock","39":"taxable","40":"shipping-taxable","41":"purchasable","42":"product-type-variable"},"aioseo_notices":[],"_links":{"self":[{"href":"https:\/\/smartyplantsnursery.com\/es\/wp-json\/wp\/v2\/product\/52705","targetHints":{"allow":["GET"]}}],"collection":[{"href":"https:\/\/smartyplantsnursery.com\/es\/wp-json\/wp\/v2\/product"}],"about":[{"href":"https:\/\/smartyplantsnursery.com\/es\/wp-json\/wp\/v2\/types\/product"}],"replies":[{"embeddable":true,"href":"https:\/\/smartyplantsnursery.com\/es\/wp-json\/wp\/v2\/comments?post=52705"}],"wp:featuredmedia":[{"embeddable":true,"href":"https:\/\/smartyplantsnursery.com\/es\/wp-json\/wp\/v2\/media\/52702"}],"wp:attachment":[{"href":"https:\/\/smartyplantsnursery.com\/es\/wp-json\/wp\/v2\/media?parent=52705"}],"wp:term":[{"taxonomy":"product_brand","embeddable":true,"href":"https:\/\/smartyplantsnursery.com\/es\/wp-json\/wp\/v2\/product_brand?post=52705"},{"taxonomy":"product_cat","embeddable":true,"href":"https:\/\/smartyplantsnursery.com\/es\/wp-json\/wp\/v2\/product_cat?post=52705"},{"taxonomy":"product_tag","embeddable":true,"href":"https:\/\/smartyplantsnursery.com\/es\/wp-json\/wp\/v2\/product_tag?post=52705"}],"curies":[{"name":"wp","href":"https:\/\/api.w.org\/{rel}","templated":true}]}}