{"id":52872,"date":"2026-01-15T20:33:42","date_gmt":"2026-01-15T20:33:42","guid":{"rendered":"https:\/\/smartyplantsnursery.com\/product\/ganges-primrose-asystasia-gangetica\/"},"modified":"2026-05-06T14:46:15","modified_gmt":"2026-05-06T14:46:15","slug":"ganges-primrose-asystasia-gangetica","status":"publish","type":"product","link":"https:\/\/smartyplantsnursery.com\/es\/product\/ganges-primrose-asystasia-gangetica\/","title":{"rendered":"Ganges Primrose &#8211; Asystasia gangetica"},"content":{"rendered":"<p><b>Usos generales en el paisajismo: <\/b>Cobertora de suelo, jard\u00edn de mariposas<\/p>\n<p><b>Notas sobre la restauraci\u00f3n ecol\u00f3gica: <\/b>Evitar en la restauraci\u00f3n porque se vuelve invasiva.<\/p>\n<p><b>Descripci\u00f3n: <\/b>Una planta perenne semi-suculenta y extensa con tallos cuadrados y hojas de color verde brillante en forma de coraz\u00f3n (ovadas) dispuestas de forma opuesta.<\/p>\n<p><b>Dimensiones: <\/b>Altura 15 &#8211; 30 cm; Extensi\u00f3n 1,8 &#8211; 3 m.<\/p>\n<p><b>Tasa de crecimiento:<\/b> r\u00e1pida<\/p>\n<p><b>Distribuci\u00f3n nativa: <\/b>Asia tropical (India, Sri Lanka) y partes de \u00c1frica<\/p>\n<p><b>H\u00e1bitats nativos: <\/b>M\u00e1rgenes de bosques, bordes de carreteras y riberas de r\u00edos. <span class=\"citation-334 citation-end-334\">Prospera en sitios perturbados.<\/span><\/p>\n<p><b>Suelos:<\/b> Bien drenados<\/p>\n<p><b>Requisitos nutricionales:<\/b> bajos<\/p>\n<p><b>Tolerancia al agua salada:<\/b> baja<\/p>\n<p><b>Tolerancia al viento salado:<\/b> moderada<\/p>\n<p><b>Tolerancia a la sequ\u00eda:<\/b> de moderada a alta<\/p>\n<p><b>Requisitos de luz:<\/b> Pleno sol a sombra<\/p>\n<p><b>Color de la flor: <\/b>Violeta o lila<\/p>\n<p><b>Caracter\u00edsticas de la flor: <\/b>Flores tubulares en forma de campana (campanuladas), de aproximadamente 2,5\u20133,8 cm de largo, que se presentan en racimos unilaterales.<\/p>\n<p><b>Temporada de floraci\u00f3n:<\/b> Todo el a\u00f1o<\/p>\n<p><b>Fruto: <\/b>Una c\u00e1psula explosiva que &#8220;estalla&#8221; cuando est\u00e1 madura, lanzando semillas a varios metros de la planta madre.<\/p>\n<p><b>Fauna y ecolog\u00eda: <\/b><b data-path-to-node=\"12,0,0\" data-index-in-node=\"0\"><\/b><span class=\"citation-331\">Una importante fuente de n\u00e9ctar para <\/span><span class=\"citation-331\">las abejas y las mariposas<\/span><span class=\"citation-331 citation-end-331\">.<\/span> <span class=\"citation-330 citation-end-330\">En su \u00e1rea de distribuci\u00f3n nativa, es una planta hu\u00e9sped larval para varias especies de mariposas (como la Blue Pansy).<\/span><\/p>\n<p><b>Notas de horticultura:<\/b> Se cultiva a partir de esquejes, divisi\u00f3n, semillas<\/p>\n<p><b>Comentarios:<\/b><\/p>\n","protected":false},"excerpt":{"rendered":"<p><img fetchpriority=\"high\" decoding=\"async\" class=\"alignnone size-medium wp-image-54744\" src=\"https:\/\/smartyplantsnursery.com\/wp-content\/uploads\/2023\/04\/Screenshot-2026-03-03-at-2.22.47-PM-300x185.webp\" alt=\"\" width=\"300\" height=\"185\"><\/p>\n<div class=\"container\">\n<div class=\"table-container\">\n<table>\n<thead>\n<tr>\n<th>Tama\u00f1o de la maceta<\/th>\n<th>Altura media plantada (desde la tierra hasta la parte superior de la planta)<\/th>\n<\/tr>\n<\/thead>\n<tbody>\n<tr>\n<td>1 gal\u00f3n\/6&#8243;<\/td>\n<td>0 &#8211; 1 ft.<\/td>\n<\/tr>\n<\/tbody>\n<\/table>\n<\/div>\n<\/div>\n","protected":false},"featured_media":52869,"comment_status":"open","ping_status":"closed","template":"","meta":[],"product_brand":[],"product_cat":[340,357,311,310,321,331,315,302,355,361,313,308,358,335,323,372,322,330,303,349,333,307],"product_tag":[389,388],"class_list":{"0":"post-52872","1":"product","2":"type-product","3":"status-publish","4":"has-post-thumbnail","6":"product_cat-alta","7":"product_cat-baja-es-3","8":"product_cat-baja","9":"product_cat-bien-drenado","10":"product_cat-cobertura-del-suelo","11":"product_cat-division-es","12":"product_cat-esquejes","13":"product_cat-exotica","14":"product_cat-invierno","15":"product_cat-moderada-es-4","16":"product_cat-moderada-es","17":"product_cat-otono","18":"product_cat-plantas-para-mariposas-plantas-para-polinizadores","19":"product_cat-pleno-sol","20":"product_cat-primavera","21":"product_cat-racimo","22":"product_cat-rapido","23":"product_cat-semilla","24":"product_cat-sol-parcial","25":"product_cat-sombra","26":"product_cat-tubular-es","27":"product_cat-verano","28":"product_tag-lila","29":"product_tag-violeta","30":"pa_pot-size-1-galon-6","33":"first","34":"instock","35":"taxable","36":"shipping-taxable","37":"purchasable","38":"product-type-variable"},"aioseo_notices":[],"_links":{"self":[{"href":"https:\/\/smartyplantsnursery.com\/es\/wp-json\/wp\/v2\/product\/52872","targetHints":{"allow":["GET"]}}],"collection":[{"href":"https:\/\/smartyplantsnursery.com\/es\/wp-json\/wp\/v2\/product"}],"about":[{"href":"https:\/\/smartyplantsnursery.com\/es\/wp-json\/wp\/v2\/types\/product"}],"replies":[{"embeddable":true,"href":"https:\/\/smartyplantsnursery.com\/es\/wp-json\/wp\/v2\/comments?post=52872"}],"wp:featuredmedia":[{"embeddable":true,"href":"https:\/\/smartyplantsnursery.com\/es\/wp-json\/wp\/v2\/media\/52869"}],"wp:attachment":[{"href":"https:\/\/smartyplantsnursery.com\/es\/wp-json\/wp\/v2\/media?parent=52872"}],"wp:term":[{"taxonomy":"product_brand","embeddable":true,"href":"https:\/\/smartyplantsnursery.com\/es\/wp-json\/wp\/v2\/product_brand?post=52872"},{"taxonomy":"product_cat","embeddable":true,"href":"https:\/\/smartyplantsnursery.com\/es\/wp-json\/wp\/v2\/product_cat?post=52872"},{"taxonomy":"product_tag","embeddable":true,"href":"https:\/\/smartyplantsnursery.com\/es\/wp-json\/wp\/v2\/product_tag?post=52872"}],"curies":[{"name":"wp","href":"https:\/\/api.w.org\/{rel}","templated":true}]}}