{"id":54969,"date":"2026-01-25T15:20:33","date_gmt":"2026-01-25T15:20:33","guid":{"rendered":"https:\/\/smartyplantsnursery.com\/product\/ficus-lloron-ficus-de-java-ficus-de-benjamin-ficus-benjamina\/"},"modified":"2026-01-25T15:20:33","modified_gmt":"2026-01-25T15:20:33","slug":"ficus-lloron-ficus-de-java-ficus-de-benjamin-ficus-benjamina","status":"publish","type":"product","link":"https:\/\/smartyplantsnursery.com\/es\/product\/ficus-lloron-ficus-de-java-ficus-de-benjamin-ficus-benjamina\/","title":{"rendered":"Ficus llor\u00f3n, Ficus de Java, Ficus de Benjam\u00edn &#8211; Ficus benjamina"},"content":{"rendered":"<p><b>Usos paisaj\u00edsticos generales: <\/b>Seto formal, pantalla de privacidad<\/p>\n<p><b>Notas sobre restauraci\u00f3n ecol\u00f3gica: <\/b>Evitar porque es invasivo.<\/p>\n<p><b>Descripci\u00f3n: <\/b><span class=\"citation-516 citation-end-516\">\u00c1rbol perenne de hoja ancha con un porte elegante y ca\u00eddo (llor\u00f3n).<\/span> <span class=\"citation-515 citation-end-515\">La corteza es de color gris claro y lisa, y las hojas son brillantes, ovaladas y terminan en una caracter\u00edstica &#8220;punta de goteo&#8221;.<\/span> <span class=\"citation-514 citation-end-514\">Los tallos contienen una savia de l\u00e1tex blanco lechoso.<\/span><\/p>\n<p><b>Dimensiones: <\/b>Altura 12 &#8211; 18 m; Extensi\u00f3n 18 &#8211; 30 m<\/p>\n<p><b>Tasa de crecimiento:<\/b> r\u00e1pida<\/p>\n<p><b>Distribuci\u00f3n nativa: <\/b>Sudeste asi\u00e1tico y Australia<\/p>\n<p><b>H\u00e1bitats nativos: <\/b>Selvas tropicales y bosques h\u00famedos<\/p>\n<p><b>Suelos:<\/b> Bien drenados, arena, marga, arcilla<\/p>\n<p><b>Requisitos nutricionales:<\/b> moderados<\/p>\n<p><b>Tolerancia al agua salada:<\/b> baja<\/p>\n<p><b>Tolerancia al viento salado:<\/b> moderada<\/p>\n<p><b>Tolerancia a la sequ\u00eda:<\/b> alta<\/p>\n<p><b>Requisitos de luz:<\/b> Pleno sol a sombra<\/p>\n<p><b>Color de la flor: <\/b>Poco vistosa<\/p>\n<p><b>Caracter\u00edsticas de la flor: <\/b>Las flores est\u00e1n ocultas dentro del fruto.<\/p>\n<p><b>Temporada de floraci\u00f3n:<\/b> Todo el a\u00f1o<\/p>\n<p><b>Fruto: <\/b>Higos peque\u00f1os (1,3 cm), globosos que pasan de verde a naranja o rojo-p\u00farpura al madurar.<\/p>\n<p><b>Fauna y ecolog\u00eda: <\/b><span class=\"citation-510\">El fruto es una fuente importante de alimento para <\/span><span class=\"citation-510\">aves y murci\u00e9lagos<\/span><span class=\"citation-510 citation-end-510\">, que dispersan las semillas en hamacas nativas.<\/span> En su \u00e1rea de distribuci\u00f3n nativa, tiene una relaci\u00f3n simbi\u00f3tica con las avispas del higo.<\/p>\n<p><b>Notas hort\u00edcolas: <\/b>Se propaga por esquejes, acodo a\u00e9reo, semilla<\/p>\n<p><b>Comentarios: <\/b><span class=\"citation-508 citation-end-508\">El \u00e1rbol es famoso por &#8220;perder hojas&#8221; cada vez que se mueve o cambian las condiciones ambientales.<\/span> Esto es un mecanismo de supervivencia, no necesariamente un signo de muerte. Advertencia:<span class=\"citation-507 citation-end-507\"> La savia lechosa es irritante para la piel y puede ser t\u00f3xica para las mascotas si se ingiere.<\/span> <\/p>\n","protected":false},"excerpt":{"rendered":"<p><img decoding=\"async\" class=\"alignnone size-medium wp-image-31863\" src=\"https:\/\/smartyplantsnursery.com\/wp-content\/uploads\/2023\/04\/Screen-Shot-2023-04-22-at-11.28.02-PM-300x134.png\" alt=\"Compre con confianza en el vivero Smarty Plants.\" width=\"300\" height=\"134\"><\/p>\n<div class=\"container\">\n<div class=\"table-container\">\n<table>\n<thead>\n<tr>\n<th>Tama\u00f1o de la maceta<\/th>\n<th>Altura media plantada (desde la tierra hasta la parte superior de la planta)<\/th>\n<\/tr>\n<\/thead>\n<tbody>\n<tr>\n<td>3 galones\/10&#8243;<\/td>\n<td>1 &#8211; 2 pies<\/td>\n<\/tr>\n<tr>\n<td>7 galones\/14&#8243;<\/td>\n<td>0,6 &#8211; 0,9 m<\/td>\n<\/tr>\n<tr>\n<td>15 galones\/17&#8243;<\/td>\n<td>0,9 &#8211; 1,5 m<\/td>\n<\/tr>\n<tr>\n<td>25 galones\/21&#8243;<\/td>\n<td>1,5 &#8211; 1,8 m<\/td>\n<\/tr>\n<\/tbody>\n<\/table>\n<\/div>\n<\/div>\n","protected":false},"featured_media":53038,"comment_status":"open","ping_status":"closed","template":"","meta":[],"product_brand":[],"product_cat":[336,340,304,382,359,311,310,315,302,369,365,355,361,309,308,378,335,323,322,330,332,303,349,307],"product_tag":[],"class_list":{"0":"post-54969","1":"product","2":"type-product","3":"status-publish","4":"has-post-thumbnail","6":"product_cat-acodo-aereo","7":"product_cat-alta","8":"product_cat-arbusto","9":"product_cat-arcilla","10":"product_cat-arena","11":"product_cat-baja","12":"product_cat-bien-drenado","13":"product_cat-esquejes","14":"product_cat-exotica","15":"product_cat-franco","16":"product_cat-inconspicuo","17":"product_cat-invierno","18":"product_cat-moderada-es-4","19":"product_cat-moderada","20":"product_cat-otono","21":"product_cat-pantalla","22":"product_cat-pleno-sol","23":"product_cat-primavera","24":"product_cat-rapido","25":"product_cat-semilla","26":"product_cat-seto","27":"product_cat-sol-parcial","28":"product_cat-sombra","29":"product_cat-verano","30":"pa_pot-size-15-galones-17","31":"pa_pot-size-25-galones-21","32":"pa_pot-size-3-galones-10","33":"pa_pot-size-7-galones-14","36":"first","37":"instock","38":"taxable","39":"shipping-taxable","40":"purchasable","41":"product-type-variable"},"aioseo_notices":[],"_links":{"self":[{"href":"https:\/\/smartyplantsnursery.com\/es\/wp-json\/wp\/v2\/product\/54969","targetHints":{"allow":["GET"]}}],"collection":[{"href":"https:\/\/smartyplantsnursery.com\/es\/wp-json\/wp\/v2\/product"}],"about":[{"href":"https:\/\/smartyplantsnursery.com\/es\/wp-json\/wp\/v2\/types\/product"}],"replies":[{"embeddable":true,"href":"https:\/\/smartyplantsnursery.com\/es\/wp-json\/wp\/v2\/comments?post=54969"}],"wp:featuredmedia":[{"embeddable":true,"href":"https:\/\/smartyplantsnursery.com\/es\/wp-json\/wp\/v2\/media\/53038"}],"wp:attachment":[{"href":"https:\/\/smartyplantsnursery.com\/es\/wp-json\/wp\/v2\/media?parent=54969"}],"wp:term":[{"taxonomy":"product_brand","embeddable":true,"href":"https:\/\/smartyplantsnursery.com\/es\/wp-json\/wp\/v2\/product_brand?post=54969"},{"taxonomy":"product_cat","embeddable":true,"href":"https:\/\/smartyplantsnursery.com\/es\/wp-json\/wp\/v2\/product_cat?post=54969"},{"taxonomy":"product_tag","embeddable":true,"href":"https:\/\/smartyplantsnursery.com\/es\/wp-json\/wp\/v2\/product_tag?post=54969"}],"curies":[{"name":"wp","href":"https:\/\/api.w.org\/{rel}","templated":true}]}}