{"id":54978,"date":"2026-01-26T20:59:10","date_gmt":"2026-01-26T20:59:10","guid":{"rendered":"https:\/\/smartyplantsnursery.com\/product\/jazmin-estrella-jasminum-ilicifolium-jazmin-ala-de-angel-jasminum-nitidum\/"},"modified":"2026-01-26T20:59:10","modified_gmt":"2026-01-26T20:59:10","slug":"jazmin-estrella-jasminum-ilicifolium-jazmin-ala-de-angel-jasminum-nitidum","status":"publish","type":"product","link":"https:\/\/smartyplantsnursery.com\/es\/product\/jazmin-estrella-jasminum-ilicifolium-jazmin-ala-de-angel-jasminum-nitidum\/","title":{"rendered":"Jazm\u00edn Estrella, Jasminum Ilicifolium, Jazm\u00edn Ala de \u00c1ngel &#8211; Jasminum nitidum"},"content":{"rendered":"<p><b>Usos paisaj\u00edsticos generales: <\/b>Cubresuelos, arbusto, trepadora<\/p>\n<p><b>Notas sobre la restauraci\u00f3n ecol\u00f3gica: <\/b>No se utiliza.<\/p>\n<p><b>Descripci\u00f3n: <\/b><span class=\"citation-581 citation-end-581\">Arbusto perenne de crecimiento extendido con tallos arqueados tipo enredadera.<\/span> <span class=\"citation-580 citation-end-580\">Las hojas son cori\u00e1ceas, brillantes, de color verde oscuro y dispuestas de forma opuesta.<\/span> Los capullos florales son de un caracter\u00edstico color magenta p\u00farpura antes de abrirse.<\/p>\n<p><b>Dimensiones: <\/b>Altura 0,6 &#8211; 1,2 m; Extensi\u00f3n 1,5 &#8211; 3 m<\/p>\n<p><b>Tasa de crecimiento:<\/b> moderada<\/p>\n<p><b>Distribuci\u00f3n nativa: <\/b>Islas del Almirantazgo (Pap\u00faa Nueva Guinea)<\/p>\n<p><b>H\u00e1bitats nativos: <\/b>Bosques tropicales y matorrales costeros<\/p>\n<p><b>Suelos:<\/b> Bien drenados<\/p>\n<p><b>Requisitos nutricionales:<\/b> moderados<\/p>\n<p><b>Tolerancia al agua salada:<\/b> baja<\/p>\n<p><b>Tolerancia al viento salado:<\/b> moderada<\/p>\n<p><b>Tolerancia a la sequ\u00eda:<\/b> moderada<\/p>\n<p><b>Requisitos de luz:<\/b> pleno sol a sol parcial<\/p>\n<p><b>Color de la flor:<\/b> Blanco<\/p>\n<p><b>Caracter\u00edsticas de la flor: <\/b><span class=\"citation-575\">Flores grandes en forma de estrella o molinillo con <\/span><span class=\"citation-575\">9-11 p\u00e9talos estrechos y puntiagudos<\/span><span class=\"citation-575 citation-end-575\">.<\/span> <span class=\"citation-574\">Son <\/span><span class=\"citation-574\">intensamente fragantes<\/span><span class=\"citation-574 citation-end-574\">, especialmente por la noche.<\/span><\/p>\n<p><b>Temporada de floraci\u00f3n:<\/b> Primavera a verano<\/p>\n<p><b>Fruto: <\/b>Peque\u00f1as bayas carnosas de color negro<\/p>\n<p><b>Fauna y ecolog\u00eda: <\/b>Las flores fragantes atraen abejas, mariposas y polillas. Su h\u00e1bito denso y extendido proporciona un excelente refugio para peque\u00f1os lagartos y aves. <\/p>\n<p><b>Notas de horticultura:<\/b> Se cultiva a partir de esquejes, acodo a\u00e9reo<\/p>\n<p><b>Comentarios:<\/b><\/p>\n","protected":false},"excerpt":{"rendered":"<p><img decoding=\"async\" class=\"alignnone size-medium wp-image-31863\" src=\"https:\/\/smartyplantsnursery.com\/wp-content\/uploads\/2023\/04\/Screen-Shot-2023-04-22-at-11.28.02-PM-300x134.png\" alt=\"Compre con confianza en el vivero Smarty Plants.\" width=\"300\" height=\"134\"><\/p>\n<div class=\"container\">\n<div class=\"table-container\">\n<table>\n<thead>\n<tr>\n<th>Tama\u00f1o de la maceta<\/th>\n<th>Altura media plantada (desde la tierra hasta la parte superior de la planta)<\/th>\n<\/tr>\n<\/thead>\n<tbody>\n<tr>\n<td>3 galones\/10&#8243;<\/td>\n<td>1 &#8211; 2 pies<\/td>\n<\/tr>\n<\/tbody>\n<\/table>\n<\/div>\n<\/div>\n","protected":false},"featured_media":53116,"comment_status":"open","ping_status":"closed","template":"","meta":[],"product_brand":[],"product_cat":[336,304,311,310,315,302,374,368,361,309,313,326,335,323,332,303,307],"product_tag":[318],"class_list":{"0":"post-54978","1":"product","2":"type-product","3":"status-publish","4":"has-post-thumbnail","6":"product_cat-acodo-aereo","7":"product_cat-arbusto","8":"product_cat-baja","9":"product_cat-bien-drenado","10":"product_cat-esquejes","11":"product_cat-exotica","12":"product_cat-fragante-2","13":"product_cat-grande","14":"product_cat-moderada-es-4","15":"product_cat-moderada","16":"product_cat-moderada-es","17":"product_cat-moderada-es-2","18":"product_cat-pleno-sol","19":"product_cat-primavera","20":"product_cat-seto","21":"product_cat-sol-parcial","22":"product_cat-verano","23":"product_tag-blanco","24":"pa_pot-size-3-galones-10","27":"first","28":"instock","29":"taxable","30":"shipping-taxable","31":"purchasable","32":"product-type-variable"},"aioseo_notices":[],"_links":{"self":[{"href":"https:\/\/smartyplantsnursery.com\/es\/wp-json\/wp\/v2\/product\/54978","targetHints":{"allow":["GET"]}}],"collection":[{"href":"https:\/\/smartyplantsnursery.com\/es\/wp-json\/wp\/v2\/product"}],"about":[{"href":"https:\/\/smartyplantsnursery.com\/es\/wp-json\/wp\/v2\/types\/product"}],"replies":[{"embeddable":true,"href":"https:\/\/smartyplantsnursery.com\/es\/wp-json\/wp\/v2\/comments?post=54978"}],"wp:featuredmedia":[{"embeddable":true,"href":"https:\/\/smartyplantsnursery.com\/es\/wp-json\/wp\/v2\/media\/53116"}],"wp:attachment":[{"href":"https:\/\/smartyplantsnursery.com\/es\/wp-json\/wp\/v2\/media?parent=54978"}],"wp:term":[{"taxonomy":"product_brand","embeddable":true,"href":"https:\/\/smartyplantsnursery.com\/es\/wp-json\/wp\/v2\/product_brand?post=54978"},{"taxonomy":"product_cat","embeddable":true,"href":"https:\/\/smartyplantsnursery.com\/es\/wp-json\/wp\/v2\/product_cat?post=54978"},{"taxonomy":"product_tag","embeddable":true,"href":"https:\/\/smartyplantsnursery.com\/es\/wp-json\/wp\/v2\/product_tag?post=54978"}],"curies":[{"name":"wp","href":"https:\/\/api.w.org\/{rel}","templated":true}]}}