{"id":54984,"date":"2026-01-26T18:55:15","date_gmt":"2026-01-26T18:55:15","guid":{"rendered":"https:\/\/smartyplantsnursery.com\/product\/cobrehoja-acalypha-wilkesiana-pink\/"},"modified":"2026-04-02T14:25:09","modified_gmt":"2026-04-02T14:25:09","slug":"cobrehoja-acalypha-wilkesiana-pink","status":"publish","type":"product","link":"https:\/\/smartyplantsnursery.com\/es\/product\/cobrehoja-acalypha-wilkesiana-pink\/","title":{"rendered":"Cobrehoja &#8211; Acalypha wilkesiana &#8216;Pink&#8217;"},"content":{"rendered":"<p><b>Usos generales en jardiner\u00eda: <\/b>Planta de acento, seto de privacidad, maceta<\/p>\n<p><b>Notas sobre la restauraci\u00f3n ecol\u00f3gica: <\/b>No se utiliza.<\/p>\n<p><b>Descripci\u00f3n: <\/b><span class=\"citation-552 citation-end-552\">Arbusto perenne de hoja perenne, denso y de crecimiento r\u00e1pido, con hojas grandes, acorazonadas (ovadas).<\/span> Las variedades &#8216;Pink&#8217; presentan hojas a menudo dentadas o rizadas, con colores base oliva o bronce superpuestos con rosa ne\u00f3n, rosa y m\u00e1rgenes o salpicaduras crema.<\/p>\n<p><b>Dimensiones: <\/b>Altura 6\u201310 ft; extensi\u00f3n 4\u20138 ft.<\/p>\n<p><b>Tasa de crecimiento:<\/b> r\u00e1pida<\/p>\n<p><b>\u00c1rea de origen: <\/b>Fiyi y las islas cercanas del Pac\u00edfico Sur.<\/p>\n<p><b>H\u00e1bitats de origen: <\/b>Selvas tropicales y matorrales costeros.<\/p>\n<p><b>Suelos:<\/b> Bien drenados<\/p>\n<p><b>Requisitos nutricionales:<\/b> De moderados a altos<\/p>\n<p><b>Tolerancia al agua salada:<\/b> baja<\/p>\n<p><b>Tolerancia al viento salado:<\/b> moderada<\/p>\n<p><b>Tolerancia a la sequ\u00eda:<\/b> De baja a moderada<\/p>\n<p><b>Requisitos de luz:<\/b> Pleno sol a sol parcial<\/p>\n<p><b>Color de la flor: <\/b>Rosa rojizo o cobrizo.<\/p>\n<p><b>Caracter\u00edsticas de la flor: <\/b><span class=\"citation-547\">Espigas discretas y aterciopeladas llamadas <\/span><span class=\"citation-547\">amentos<\/span><span class=\"citation-547 citation-end-547\"> (racimos colgantes) que cuelgan entre las hojas.<\/span><\/p>\n<p><b>Temporada de floraci\u00f3n:<\/b> Todo el a\u00f1o<\/p>\n<p><b>Fruto: <\/b>Una c\u00e1psula diminuta y poco vistosa.<\/p>\n<p><b>Fauna y ecolog\u00eda: <\/b>Proporciona una cobertura densa para aves peque\u00f1as. Aunque no es una fuente principal de n\u00e9ctar, los amentos s\u00ed atraen a algunos insectos peque\u00f1os. <\/p>\n<p><b>Notas de horticultura:<\/b> Se cultiva a partir de esquejes, acodo a\u00e9reo<\/p>\n<p><b>Comentarios: <\/b><span class=\"citation-544\">Como muchos miembros de la familia <\/span><i data-path-to-node=\"12,2,0\" data-index-in-node=\"35\"><span class=\"citation-544\">Euphorbiaceae<\/span><\/i><span class=\"citation-544\">, la savia puede ser un <\/span><span class=\"citation-544\">irritante cut\u00e1neo<\/span><span class=\"citation-544 citation-end-544\"> para algunas personas.<\/span><\/p>\n","protected":false},"excerpt":{"rendered":"<p><img fetchpriority=\"high\" decoding=\"async\" class=\"alignnone size-medium wp-image-54744\" src=\"https:\/\/smartyplantsnursery.com\/wp-content\/uploads\/2023\/04\/Screenshot-2026-03-03-at-2.22.47-PM-300x185.webp\" alt=\"\" width=\"300\" height=\"185\"><\/p>\n<div class=\"container\">\n<div class=\"table-container\">\n<table>\n<thead>\n<tr>\n<th>Tama\u00f1o de la maceta<\/th>\n<th>Altura media plantada (desde la tierra hasta la parte superior de la planta)<\/th>\n<\/tr>\n<\/thead>\n<tbody>\n<tr>\n<td>3 galones\/10&#8243;<\/td>\n<td>1 &#8211; 2 pies<\/td>\n<\/tr>\n<tr>\n<td>7 galones\/14&#8243;<\/td>\n<td>0,6 &#8211; 0,9 m<\/td>\n<\/tr>\n<\/tbody>\n<\/table>\n<\/div>\n<\/div>\n","protected":false},"featured_media":53301,"comment_status":"open","ping_status":"closed","template":"","meta":[],"product_brand":[],"product_cat":[336,348,304,311,329,310,317,363,315,302,365,355,309,313,361,308,334,335,323,322,332,303,307],"product_tag":[350,352],"class_list":{"0":"post-54984","1":"product","2":"type-product","3":"status-publish","4":"has-post-thumbnail","6":"product_cat-acodo-aereo","7":"product_cat-alta-es","8":"product_cat-arbusto","9":"product_cat-baja","10":"product_cat-baja-es-2","11":"product_cat-bien-drenado","12":"product_cat-contenedor","13":"product_cat-espiga","14":"product_cat-esquejes","15":"product_cat-exotica","16":"product_cat-inconspicuo","17":"product_cat-invierno","18":"product_cat-moderada","19":"product_cat-moderada-es","20":"product_cat-moderada-es-4","21":"product_cat-otono","22":"product_cat-planta-de-acento","23":"product_cat-pleno-sol","24":"product_cat-primavera","25":"product_cat-rapido","26":"product_cat-seto","27":"product_cat-sol-parcial","28":"product_cat-verano","29":"product_tag-rojo","30":"product_tag-rosa","31":"pa_pot-size-3-galones-10","32":"pa_pot-size-7-galones-14","35":"first","36":"instock","37":"taxable","38":"shipping-taxable","39":"purchasable","40":"product-type-variable"},"aioseo_notices":[],"_links":{"self":[{"href":"https:\/\/smartyplantsnursery.com\/es\/wp-json\/wp\/v2\/product\/54984","targetHints":{"allow":["GET"]}}],"collection":[{"href":"https:\/\/smartyplantsnursery.com\/es\/wp-json\/wp\/v2\/product"}],"about":[{"href":"https:\/\/smartyplantsnursery.com\/es\/wp-json\/wp\/v2\/types\/product"}],"replies":[{"embeddable":true,"href":"https:\/\/smartyplantsnursery.com\/es\/wp-json\/wp\/v2\/comments?post=54984"}],"wp:featuredmedia":[{"embeddable":true,"href":"https:\/\/smartyplantsnursery.com\/es\/wp-json\/wp\/v2\/media\/53301"}],"wp:attachment":[{"href":"https:\/\/smartyplantsnursery.com\/es\/wp-json\/wp\/v2\/media?parent=54984"}],"wp:term":[{"taxonomy":"product_brand","embeddable":true,"href":"https:\/\/smartyplantsnursery.com\/es\/wp-json\/wp\/v2\/product_brand?post=54984"},{"taxonomy":"product_cat","embeddable":true,"href":"https:\/\/smartyplantsnursery.com\/es\/wp-json\/wp\/v2\/product_cat?post=54984"},{"taxonomy":"product_tag","embeddable":true,"href":"https:\/\/smartyplantsnursery.com\/es\/wp-json\/wp\/v2\/product_tag?post=54984"}],"curies":[{"name":"wp","href":"https:\/\/api.w.org\/{rel}","templated":true}]}}