{"id":55008,"date":"2026-02-08T00:29:02","date_gmt":"2026-02-08T00:29:02","guid":{"rendered":"https:\/\/smartyplantsnursery.com\/product\/cocotero-cocos-nucifera-yellow-malayan\/"},"modified":"2026-04-01T14:18:44","modified_gmt":"2026-04-01T14:18:44","slug":"cocotero-cocos-nucifera-yellow-malayan","status":"publish","type":"product","link":"https:\/\/smartyplantsnursery.com\/es\/product\/cocotero-cocos-nucifera-yellow-malayan\/","title":{"rendered":"Cocotero &#8211; Cocos nucifera &#8216;Yellow Malayan&#8217;"},"content":{"rendered":"<p><b>Usos paisaj\u00edsticos generales: <\/b>Planta ornamental, comestible<\/p>\n<p><b>Notas de restauraci\u00f3n ecol\u00f3gica: <\/b>Aunque no suele usarse para restauraci\u00f3n silvestre (al ser una variedad cultivada), se emplea en proyectos de estabilizaci\u00f3n costera en regiones tropicales. Su extenso sistema radicular ayuda a fijar los suelos arenosos contra la erosi\u00f3n. <\/p>\n<p><b>Descripci\u00f3n: <\/b>Palmera de tronco \u00fanico caracterizada por su porte &#8220;enano&#8221; (carece de la base o &#8220;bol&#8221; hinchado de las variedades altas). <span class=\"citation-22\">Las frondas son pinnadas (en forma de pluma) y los pec\u00edolos (tallos de las hojas) y frutos inmaduros presentan un distintivo y brillante <\/span><span class=\"citation-22\">tono amarillo dorado<\/span><span class=\"citation-22 citation-end-22\">.<\/span><\/p>\n<p><b>Dimensiones: <\/b>Altura 9 &#8211; 18 m; Envergadura 4,5 &#8211; 7,5 m<\/p>\n<p><b>Tasa de crecimiento:<\/b> moderada<\/p>\n<p><b>\u00c1rea de origen: <\/b>Pen\u00ednsula de Malaca (Sudeste Asi\u00e1tico)<\/p>\n<p><b>H\u00e1bitats naturales: <\/b><span class=\"citation-18 citation-end-18\">Regiones costeras tropicales; prospera en entornos mar\u00edtimos h\u00famedos y sin heladas.<\/span><\/p>\n<p><b>Suelos: <\/b>Bien drenados, arena, limo, pH (5 &#8211; 8)<\/p>\n<p><b>Requisitos nutricionales:<\/b> altos<\/p>\n<p><b>Tolerancia al agua salada:<\/b> moderada<\/p>\n<p><b>Tolerancia al viento salado:<\/b> alta<\/p>\n<p><b>Tolerancia a la sequ\u00eda:<\/b> moderada<\/p>\n<p><b>Requisitos de luz:<\/b> Pleno sol<\/p>\n<p><b>Color de la flor:<\/b> Blanco cremoso a amarillo claro<\/p>\n<p><b>Caracter\u00edsticas de la flor:  <\/b><b data-path-to-node=\"18\" data-index-in-node=\"0\"><\/b><span class=\"citation-14 citation-end-14\">Se producen en una inflorescencia ramificada (esp\u00e1dice) que brota de una br\u00e1ctea le\u00f1osa en forma de barca (espata).<\/span> <span class=\"citation-13\">Es <\/span><span class=\"citation-13\">monoica<\/span><span class=\"citation-13 citation-end-13\">, lo que significa que las flores masculinas y femeninas est\u00e1n en la misma planta.<\/span><\/p>\n<p><b>Temporada de floraci\u00f3n:<\/b> Todo el a\u00f1o<\/p>\n<p><b>Fruto: <\/b>Drupas ovoides grandes con c\u00e1scara de color amarillo brillante cuando est\u00e1n inmaduras. La &#8220;pulpa&#8221; es dulce y el &#8220;agua&#8221; es abundante. <\/p>\n<p><b>Vida silvestre y ecolog\u00eda: <\/b>Las flores son una fuente importante de n\u00e9ctar para las abejas y otros polinizadores. En su h\u00e1bitat natural, proporciona lugares de anidaci\u00f3n para diversas especies de aves tropicales. <\/p>\n<p><b>Notas de horticultura:<\/b> Cultivada a partir de semillas<\/p>\n<p><b>Comentarios:<\/b><\/p>\n","protected":false},"excerpt":{"rendered":"<p><img fetchpriority=\"high\" decoding=\"async\" class=\"alignnone size-medium wp-image-54744\" src=\"https:\/\/smartyplantsnursery.com\/wp-content\/uploads\/2023\/04\/Screenshot-2026-03-03-at-2.22.47-PM-300x185.webp\" alt=\"\" width=\"300\" height=\"185\"><\/p>\n<div class=\"container\">\n<div class=\"table-container\">\n<table>\n<thead>\n<tr>\n<th>Tama\u00f1o de la maceta<\/th>\n<th>Altura media plantada (desde la tierra hasta la parte superior de la planta)<\/th>\n<\/tr>\n<\/thead>\n<tbody>\n<tr>\n<td>95 l \/ 53 cm<\/td>\n<td>2,1 &#8211; 2,4 m<\/td>\n<\/tr>\n<\/tbody>\n<\/table>\n<\/div>\n<\/div>\n","protected":false},"featured_media":53687,"comment_status":"open","ping_status":"closed","template":"","meta":[],"product_brand":[],"product_cat":[343,380,348,362,344,359,310,353,325,302,369,355,360,326,313,345,308,370,314,335,323,330,307],"product_tag":[319,318],"class_list":{"0":"post-55008","1":"product","2":"type-product","3":"status-publish","4":"has-post-thumbnail","6":"product_cat-acido","7":"product_cat-alcalino","8":"product_cat-alta-es","9":"product_cat-alta-es-2","10":"product_cat-arbol","11":"product_cat-arena","12":"product_cat-bien-drenado","13":"product_cat-comestible","14":"product_cat-espata-y-espadice","15":"product_cat-exotica","16":"product_cat-franco","17":"product_cat-invierno","18":"product_cat-moderada-es-3","19":"product_cat-moderada-es-2","20":"product_cat-moderada-es","21":"product_cat-neutro","22":"product_cat-otono","23":"product_cat-palma","24":"product_cat-planta-de-especimen","25":"product_cat-pleno-sol","26":"product_cat-primavera","27":"product_cat-semilla","28":"product_cat-verano","29":"product_tag-amarillo","30":"product_tag-blanco","31":"pa_pot-size-25-galones-21","34":"first","35":"instock","36":"taxable","37":"shipping-taxable","38":"purchasable","39":"product-type-variable"},"aioseo_notices":[],"_links":{"self":[{"href":"https:\/\/smartyplantsnursery.com\/es\/wp-json\/wp\/v2\/product\/55008","targetHints":{"allow":["GET"]}}],"collection":[{"href":"https:\/\/smartyplantsnursery.com\/es\/wp-json\/wp\/v2\/product"}],"about":[{"href":"https:\/\/smartyplantsnursery.com\/es\/wp-json\/wp\/v2\/types\/product"}],"replies":[{"embeddable":true,"href":"https:\/\/smartyplantsnursery.com\/es\/wp-json\/wp\/v2\/comments?post=55008"}],"wp:featuredmedia":[{"embeddable":true,"href":"https:\/\/smartyplantsnursery.com\/es\/wp-json\/wp\/v2\/media\/53687"}],"wp:attachment":[{"href":"https:\/\/smartyplantsnursery.com\/es\/wp-json\/wp\/v2\/media?parent=55008"}],"wp:term":[{"taxonomy":"product_brand","embeddable":true,"href":"https:\/\/smartyplantsnursery.com\/es\/wp-json\/wp\/v2\/product_brand?post=55008"},{"taxonomy":"product_cat","embeddable":true,"href":"https:\/\/smartyplantsnursery.com\/es\/wp-json\/wp\/v2\/product_cat?post=55008"},{"taxonomy":"product_tag","embeddable":true,"href":"https:\/\/smartyplantsnursery.com\/es\/wp-json\/wp\/v2\/product_tag?post=55008"}],"curies":[{"name":"wp","href":"https:\/\/api.w.org\/{rel}","templated":true}]}}