{"id":55011,"date":"2026-02-08T00:50:55","date_gmt":"2026-02-08T00:50:55","guid":{"rendered":"https:\/\/smartyplantsnursery.com\/product\/palmera-de-coco-cocos-nucifera-golden-malayan\/"},"modified":"2026-04-01T14:04:45","modified_gmt":"2026-04-01T14:04:45","slug":"palmera-de-coco-cocos-nucifera-golden-malayan","status":"publish","type":"product","link":"https:\/\/smartyplantsnursery.com\/es\/product\/palmera-de-coco-cocos-nucifera-golden-malayan\/","title":{"rendered":"Palmera de Coco &#8211; Cocos nucifera &#8216;Golden Malayan&#8217;"},"content":{"rendered":"<p><b>Usos paisaj\u00edsticos generales: <\/b>Planta ornamental, comestible<\/p>\n<p><b>Notas sobre restauraci\u00f3n ecol\u00f3gica: <\/b>Se utiliza principalmente en agroforester\u00eda y protecci\u00f3n costera. Aunque no es una especie &#8220;silvestre&#8221; (al ser un cultivar seleccionado), desempe\u00f1a un papel ecol\u00f3gico al proporcionar cobertura de dosel y estabilizaci\u00f3n del suelo en costas tropicales propensas a huracanes. <\/p>\n<p><b>Descripci\u00f3n: <\/b>Una variedad enana de palmera de coco con un tronco esbelto y recto que carece de la base bulbosa de las variedades altas. Se identifica f\u00e1cilmente por el color dorado-naranja intenso de los tallos de sus hojas (peciolos), br\u00e1cteas florales y cocos inmaduros. <\/p>\n<p><b>Dimensiones: <\/b>Altura 10,5 &#8211; 18 m; Extensi\u00f3n 4,5 &#8211; 6 m<\/p>\n<p><b>Tasa de crecimiento:<\/b> De moderada a r\u00e1pida<\/p>\n<p><b>Distribuci\u00f3n nativa: <\/b>Sudeste Asi\u00e1tico (Malasia)<\/p>\n<p><b>H\u00e1bitats nativos: <\/b><span class=\"citation-40 citation-end-40\">Cultivada en climas mar\u00edtimos tropicales; prospera en zonas bajas h\u00famedas sin heladas cerca de la costa.<\/span><\/p>\n<p><b>Suelos: <\/b>Bien drenados, arena, marga<\/p>\n<p><b>Requisitos nutricionales:<\/b> altos<\/p>\n<p><b>Tolerancia al agua salada:<\/b> moderada<\/p>\n<p><b>Tolerancia al viento salado:<\/b> alta<\/p>\n<p><b>Tolerancia a la sequ\u00eda:<\/b> De baja a moderada<\/p>\n<p><b>Requisitos de luz:<\/b> Pleno sol<\/p>\n<p><b>Color de la flor: <\/b>Amarillo dorado a marfil<\/p>\n<p><b>Caracter\u00edsticas de la flor: <\/b>Inflorescencias grandes y ramificadas. Al ser una variedad enana, es principalmente autopolinizante, lo que le ayuda a mantener sus caracter\u00edsticas &#8220;doradas&#8221; mediante la propagaci\u00f3n por semilla. <\/p>\n<p><b>Temporada de floraci\u00f3n:<\/b> Todo el a\u00f1o<\/p>\n<p><b>Fruto: <\/b>Cocos de tama\u00f1o mediano y forma ovalada con una c\u00e1scara de color naranja\/dorado brillante distintivo. El agua del interior es excepcionalmente dulce y la pulpa es tierna. <\/p>\n<p><b>Fauna y ecolog\u00eda: <\/b>Las flores son un gran atractivo para las abejas mel\u00edferas y polinizadores nativos. <span class=\"citation-38 citation-end-38\">La copa densa proporciona lugares de anidaci\u00f3n para aves tropicales.<\/span><\/p>\n<p><b>Notas de horticultura:<\/b> Cultivada a partir de semillas<\/p>\n<p><b>Comentarios:<\/b><\/p>\n","protected":false},"excerpt":{"rendered":"<p><img fetchpriority=\"high\" decoding=\"async\" class=\"alignnone size-medium wp-image-54744\" src=\"https:\/\/smartyplantsnursery.com\/wp-content\/uploads\/2023\/04\/Screenshot-2026-03-03-at-2.22.47-PM-300x185.webp\" alt=\"\" width=\"300\" height=\"185\"><\/p>\n<div class=\"container\">\n<div class=\"table-container\">\n<table>\n<thead>\n<tr>\n<th>Tama\u00f1o de la maceta<\/th>\n<th>Altura media plantada (desde la tierra hasta la parte superior de la planta)<\/th>\n<\/tr>\n<\/thead>\n<tbody>\n<tr>\n<td>15 galones\/17&#8243;<\/td>\n<td>6 &#8211; 8 pies<\/td>\n<\/tr>\n<tr>\n<td>25 galones\/21&#8243;<\/td>\n<td>8 &#8211; 10 pies<\/td>\n<\/tr>\n<tr>\n<td>45 galones\/28&#8243;<\/td>\n<td>10 &#8211; 12 pies<\/td>\n<\/tr>\n<\/tbody>\n<\/table>\n<\/div>\n<\/div>\n","protected":false},"featured_media":53697,"comment_status":"open","ping_status":"closed","template":"","meta":[],"product_brand":[],"product_cat":[348,362,344,359,329,310,353,302,369,368,355,313,360,326,308,370,314,335,323,322,330,307],"product_tag":[319],"class_list":{"0":"post-55011","1":"product","2":"type-product","3":"status-publish","4":"has-post-thumbnail","6":"product_cat-alta-es","7":"product_cat-alta-es-2","8":"product_cat-arbol","9":"product_cat-arena","10":"product_cat-baja-es-2","11":"product_cat-bien-drenado","12":"product_cat-comestible","13":"product_cat-exotica","14":"product_cat-franco","15":"product_cat-grande","16":"product_cat-invierno","17":"product_cat-moderada-es","18":"product_cat-moderada-es-3","19":"product_cat-moderada-es-2","20":"product_cat-otono","21":"product_cat-palma","22":"product_cat-planta-de-especimen","23":"product_cat-pleno-sol","24":"product_cat-primavera","25":"product_cat-rapido","26":"product_cat-semilla","27":"product_cat-verano","28":"product_tag-amarillo","29":"pa_pot-size-15-galones-17","30":"pa_pot-size-25-galones-21","31":"pa_pot-size-45-galones-28","34":"first","35":"instock","36":"taxable","37":"shipping-taxable","38":"purchasable","39":"product-type-variable"},"aioseo_notices":[],"_links":{"self":[{"href":"https:\/\/smartyplantsnursery.com\/es\/wp-json\/wp\/v2\/product\/55011","targetHints":{"allow":["GET"]}}],"collection":[{"href":"https:\/\/smartyplantsnursery.com\/es\/wp-json\/wp\/v2\/product"}],"about":[{"href":"https:\/\/smartyplantsnursery.com\/es\/wp-json\/wp\/v2\/types\/product"}],"replies":[{"embeddable":true,"href":"https:\/\/smartyplantsnursery.com\/es\/wp-json\/wp\/v2\/comments?post=55011"}],"wp:featuredmedia":[{"embeddable":true,"href":"https:\/\/smartyplantsnursery.com\/es\/wp-json\/wp\/v2\/media\/53697"}],"wp:attachment":[{"href":"https:\/\/smartyplantsnursery.com\/es\/wp-json\/wp\/v2\/media?parent=55011"}],"wp:term":[{"taxonomy":"product_brand","embeddable":true,"href":"https:\/\/smartyplantsnursery.com\/es\/wp-json\/wp\/v2\/product_brand?post=55011"},{"taxonomy":"product_cat","embeddable":true,"href":"https:\/\/smartyplantsnursery.com\/es\/wp-json\/wp\/v2\/product_cat?post=55011"},{"taxonomy":"product_tag","embeddable":true,"href":"https:\/\/smartyplantsnursery.com\/es\/wp-json\/wp\/v2\/product_tag?post=55011"}],"curies":[{"name":"wp","href":"https:\/\/api.w.org\/{rel}","templated":true}]}}