{"id":55028,"date":"2026-02-12T21:15:35","date_gmt":"2026-02-12T21:15:35","guid":{"rendered":"https:\/\/smartyplantsnursery.com\/product\/viburno-dulce-viburnum-odoratissimum\/"},"modified":"2026-02-12T21:15:35","modified_gmt":"2026-02-12T21:15:35","slug":"viburno-dulce-viburnum-odoratissimum","status":"publish","type":"product","link":"https:\/\/smartyplantsnursery.com\/es\/product\/viburno-dulce-viburnum-odoratissimum\/","title":{"rendered":"Viburno dulce &#8211; Viburnum odoratissimum"},"content":{"rendered":"<p><b>Usos paisaj\u00edsticos generales: <\/b>Pantalla de privacidad, seto, planta ornamental<\/p>\n<p><b>Notas de restauraci\u00f3n ecol\u00f3gica: <\/b>No recomendado fuera de su \u00e1rea nativa.<\/p>\n<p><b>Descripci\u00f3n: <\/b><span class=\"citation-37 citation-end-37\">Un arbusto grande de hoja perenne o \u00e1rbol peque\u00f1o con un h\u00e1bito de crecimiento denso y vertical.<\/span> <span class=\"citation-36 citation-end-36\">Presenta hojas gruesas, cori\u00e1ceas y opuestas de un verde intenso y brillante.<\/span><\/p>\n<p><b>Dimensiones:<\/b> Altura 4,5 &#8211; 6 m; Extensi\u00f3n 4,5 &#8211; 6 m<\/p>\n<p><b>Tasa de crecimiento:<\/b> r\u00e1pida<\/p>\n<p><b>\u00c1rea nativa: <\/b>Sudeste asi\u00e1tico (incluidos China, Taiw\u00e1n, Jap\u00f3n y Vietnam)<\/p>\n<p><b>H\u00e1bitats nativos: <\/b>Bordes de bosque, matorrales y laderas de monta\u00f1a<\/p>\n<p><b>Suelos:<\/b> Bien drenados<\/p>\n<p><b>Requisitos nutricionales:<\/b> moderados<\/p>\n<p><b>Tolerancia al agua salada:<\/b> baja<\/p>\n<p><b>Tolerancia al viento salado:<\/b> moderada<\/p>\n<p><b>Tolerancia a la sequ\u00eda:<\/b> alta<\/p>\n<p><b>Requisitos de luz:<\/b> Pleno sol a sol parcial<\/p>\n<p><b>Color de la flor:<\/b> Blanco cremoso<\/p>\n<p><b>Caracter\u00edsticas de la flor: <\/b><span class=\"citation-27 citation-end-27\">Dispuestas en racimos c\u00f3nicos (pan\u00edculas).<\/span> Son famosas por su intenso aroma, con un perfume que recuerda al jazm\u00edn o los c\u00edtricos.<\/p>\n<p><b>Temporada de floraci\u00f3n:<\/b> Primavera<\/p>\n<p><b>Fruto: <\/b><span class=\"citation-25 citation-end-25\">Peque\u00f1as drupas ovoides que pasan de rojo a negro al madurar.<\/span><\/p>\n<p><b>Fauna y ecolog\u00eda: <\/b>Las flores proporcionan n\u00e9ctar para abejas y mariposas, mientras que las bayas son fuente de alimento para aves canoras.<\/p>\n<p><b>Notas de horticultura:<\/b> Se cultiva a partir de esquejes, acodos, semillas<\/p>\n<p><b>Comentarios:<\/b><\/p>\n","protected":false},"excerpt":{"rendered":"<p><img decoding=\"async\" class=\"alignnone size-medium wp-image-31863\" src=\"https:\/\/smartyplantsnursery.com\/wp-content\/uploads\/2023\/04\/Screen-Shot-2023-04-22-at-11.28.02-PM-300x134.png\" alt=\"Compre con confianza en el vivero Smarty Plants.\" width=\"300\" height=\"134\"><\/p>\n<div class=\"container\">\n<div class=\"table-container\">\n<table>\n<thead>\n<tr>\n<th>Tama\u00f1o de la maceta<\/th>\n<th>Altura media plantada (desde la tierra hasta la parte superior de la planta)<\/th>\n<\/tr>\n<\/thead>\n<tbody>\n<tr>\n<td>1 gal\u00f3n\/6&#8243;<\/td>\n<td>0 &#8211; 1 ft.<\/td>\n<\/tr>\n<tr>\n<td>3 galones\/10&#8243;<\/td>\n<td>1 &#8211; 2 pies<\/td>\n<\/tr>\n<tr>\n<td>7 galones\/14&#8243;<\/td>\n<td>0,6 &#8211; 0,9 m<\/td>\n<\/tr>\n<tr>\n<td>15 galones\/17&#8243;<\/td>\n<td>0,9 &#8211; 1,2 m<\/td>\n<\/tr>\n<tr>\n<td>25 galones\/21&#8243;<\/td>\n<td>4 &#8211; 6 pies<\/td>\n<\/tr>\n<\/tbody>\n<\/table>\n<\/div>\n","protected":false},"featured_media":53933,"comment_status":"open","ping_status":"closed","template":"","meta":[],"product_brand":[],"product_cat":[264,222,100,212,208,234,65,240,205,217,242,232,81,200,254,198,226,167,83],"product_tag":[191],"class_list":{"0":"post-55028","1":"product","2":"type-product","3":"status-publish","4":"has-post-thumbnail","6":"product_cat-air-layering","7":"product_cat-high-drought-tolerance","8":"product_cat-shrub","9":"product_cat-low-salt-water-tolerance","10":"product_cat-well-drained","11":"product_cat-cuttings","12":"product_cat-exotic","13":"product_cat-fragrant","14":"product_cat-moderate-nutritional-requirements","15":"product_cat-moderate-salt-wind-tolerance","16":"product_cat-screen","17":"product_cat-specimen-plant","18":"product_cat-full-sun","19":"product_cat-spring","20":"product_cat-cluster","21":"product_cat-fast","22":"product_cat-seed","23":"product_cat-hedge","24":"product_cat-part-sun","25":"product_tag-white","26":"pa_pot-size-1-gallon-6","27":"pa_pot-size-15-gallon-17","28":"pa_pot-size-25-gallon-21","29":"pa_pot-size-3-gallon-10","30":"pa_pot-size-7-gallon-14","33":"first","34":"instock","35":"taxable","36":"shipping-taxable","37":"purchasable","38":"product-type-variable"},"aioseo_notices":[],"_links":{"self":[{"href":"https:\/\/smartyplantsnursery.com\/es\/wp-json\/wp\/v2\/product\/55028","targetHints":{"allow":["GET"]}}],"collection":[{"href":"https:\/\/smartyplantsnursery.com\/es\/wp-json\/wp\/v2\/product"}],"about":[{"href":"https:\/\/smartyplantsnursery.com\/es\/wp-json\/wp\/v2\/types\/product"}],"replies":[{"embeddable":true,"href":"https:\/\/smartyplantsnursery.com\/es\/wp-json\/wp\/v2\/comments?post=55028"}],"wp:featuredmedia":[{"embeddable":true,"href":"https:\/\/smartyplantsnursery.com\/es\/wp-json\/wp\/v2\/media\/53933"}],"wp:attachment":[{"href":"https:\/\/smartyplantsnursery.com\/es\/wp-json\/wp\/v2\/media?parent=55028"}],"wp:term":[{"taxonomy":"product_brand","embeddable":true,"href":"https:\/\/smartyplantsnursery.com\/es\/wp-json\/wp\/v2\/product_brand?post=55028"},{"taxonomy":"product_cat","embeddable":true,"href":"https:\/\/smartyplantsnursery.com\/es\/wp-json\/wp\/v2\/product_cat?post=55028"},{"taxonomy":"product_tag","embeddable":true,"href":"https:\/\/smartyplantsnursery.com\/es\/wp-json\/wp\/v2\/product_tag?post=55028"}],"curies":[{"name":"wp","href":"https:\/\/api.w.org\/{rel}","templated":true}]}}