{"id":55029,"date":"2026-02-11T18:36:32","date_gmt":"2026-02-11T18:36:32","guid":{"rendered":"https:\/\/smartyplantsnursery.com\/product\/sapodilla-sapodilla-alano\/"},"modified":"2026-02-11T18:36:32","modified_gmt":"2026-02-11T18:36:32","slug":"sapodilla-sapodilla-alano","status":"publish","type":"product","link":"https:\/\/smartyplantsnursery.com\/es\/product\/sapodilla-sapodilla-alano\/","title":{"rendered":"Sapodilla &#8211; Sapodilla &#8216;Alano&#8217;"},"content":{"rendered":"<p><b>Usos paisaj\u00edsticos generales: <\/b>\u00c1rbol frutal ornamental, ejemplar, maceta<\/p>\n<p><b>Notas de restauraci\u00f3n ecol\u00f3gica: <\/b><span class=\"citation-192\">Aunque &#8216;Alano&#8217; es una variedad cultivada, la especie <\/span><i data-path-to-node=\"4\" data-index-in-node=\"81\"><span class=\"citation-192\">Manilkara zapota<\/span><\/i><span class=\"citation-192\"> es una <\/span><span class=\"citation-192\">especie clave<\/span><span class=\"citation-192 citation-end-192\"> en su \u00e1rea de distribuci\u00f3n nativa, proporcionando alimento crucial para murci\u00e9lagos, primates y aves.<\/span><\/p>\n<p><b>Descripci\u00f3n: <\/b>Un \u00e1rbol de hoja perenne atractivo y longevo con hojas r\u00edgidas, brillantes y de color verde oscuro agrupadas en las puntas de las ramas. <span class=\"citation-190\">La corteza contiene un l\u00e1tex blanco y gomoso conocido como <\/span><span class=\"citation-190\">chicle<\/span><span class=\"citation-190 citation-end-190\">.<\/span> <span class=\"citation-189 citation-end-189\">&#8216;Alano&#8217; se distingue por sus ramas menos quebradizas y un h\u00e1bito m\u00e1s manejable y compacto en comparaci\u00f3n con otros cultivares.<\/span><\/p>\n<p><b>Dimensiones: <\/b>Altura 7,6 &#8211; 9,1 m; Extensi\u00f3n 4,6 &#8211; 6,1 m<\/p>\n<p><b>Tasa de crecimiento:<\/b> Lento a moderado<\/p>\n<p><b>\u00c1rea de distribuci\u00f3n nativa: <\/b>Am\u00e9rica Central y M\u00e9xico (Pen\u00ednsula de Yucat\u00e1n)<\/p>\n<p><b>H\u00e1bitats nativos: <\/b>Bosques tropicales h\u00famedos y matorrales costeros<\/p>\n<p><b>Suelos: <\/b>Bien drenados, rocosos, alcalinos, arenosos, francos, arcillosos<\/p>\n<p><b>Requisitos nutricionales:<\/b> De bajos a moderados<\/p>\n<p><b>Tolerancia al agua salada:<\/b> baja<\/p>\n<p><b>Tolerancia al viento salado:<\/b> alta<\/p>\n<p><b>Tolerancia a la sequ\u00eda:<\/b> alta<\/p>\n<p><b>Requisitos de luz:<\/b> Pleno sol<\/p>\n<p><b>Color de la flor:<\/b> Blanco<\/p>\n<p><b>Caracter\u00edsticas de la flor: <\/b><span class=\"citation-180 citation-end-180\">Flores peque\u00f1as en forma de campana producidas en las axilas de las hojas.<\/span> <span class=\"citation-179\">Son <\/span><span class=\"citation-179\">autof\u00e9rtiles<\/span><span class=\"citation-179 citation-end-179\">, por lo que un solo \u00e1rbol producir\u00e1 frutos.<\/span><\/p>\n<p><b>Temporada de floraci\u00f3n:<\/b> Todo el a\u00f1o<\/p>\n<p><b>Fruto: <\/b><span class=\"citation-177 citation-end-177\">De tama\u00f1o mediano, de forma ovalada con una piel rugosa de color marr\u00f3n.<\/span> La pulpa es de color marr\u00f3n claro, ultrafina (no arenosa) y sabe a az\u00facar moreno o sirope de arce.<\/p>\n<p><b>Fauna y ecolog\u00eda: <\/b><span class=\"citation-176 citation-end-176\">Las flores fragantes atraen a abejas y polillas.<\/span> <span class=\"citation-175 citation-end-175\">El fruto es una fuente principal de alimento para murci\u00e9lagos frut\u00edvoros tropicales y varios mam\u00edferos en su \u00e1rea de distribuci\u00f3n nativa.<\/span><\/p>\n<p><b>Notas hort\u00edcolas: <\/b>Propagado por injerto, acodo a\u00e9reo<\/p>\n<p><b>Comentarios:<\/b><\/p>\n","protected":false},"excerpt":{"rendered":"<p><img decoding=\"async\" class=\"alignnone size-medium wp-image-31863\" src=\"https:\/\/smartyplantsnursery.com\/wp-content\/uploads\/2023\/04\/Screen-Shot-2023-04-22-at-11.28.02-PM-300x134.png\" alt=\"Compre con confianza en el vivero Smarty Plants.\" width=\"300\" height=\"134\"><\/p>\n<div class=\"container\">\n<div class=\"table-container\">\n<table>\n<thead>\n<tr>\n<th>Tama\u00f1o de la maceta<\/th>\n<th>Altura media plantada (desde la tierra hasta la parte superior de la planta)<\/th>\n<\/tr>\n<\/thead>\n<tbody>\n<tr>\n<td>15 galones\/17&#8243;<\/td>\n<td>4 &#8211; 6 pies<\/td>\n<\/tr>\n<\/tbody>\n<\/table>\n<\/div>\n<\/div>\n","protected":false},"featured_media":53899,"comment_status":"open","ping_status":"closed","template":"","meta":[],"product_brand":[],"product_cat":[336,380,340,362,344,382,359,311,357,310,353,317,302,369,379,355,306,309,326,308,316,314,335,323,307],"product_tag":[318],"class_list":{"0":"post-55029","1":"product","2":"type-product","3":"status-publish","4":"has-post-thumbnail","6":"product_cat-acodo-aereo","7":"product_cat-alcalino","8":"product_cat-alta","9":"product_cat-alta-es-2","10":"product_cat-arbol","11":"product_cat-arcilla","12":"product_cat-arena","13":"product_cat-baja","14":"product_cat-baja-es-3","15":"product_cat-bien-drenado","16":"product_cat-comestible","17":"product_cat-contenedor","18":"product_cat-exotica","19":"product_cat-franco","20":"product_cat-injerto","21":"product_cat-invierno","22":"product_cat-lenta","23":"product_cat-moderada","24":"product_cat-moderada-es-2","25":"product_cat-otono","26":"product_cat-pequena","27":"product_cat-planta-de-especimen","28":"product_cat-pleno-sol","29":"product_cat-primavera","30":"product_cat-verano","31":"product_tag-blanco","32":"pa_pot-size-15-galones-17","35":"first","36":"instock","37":"taxable","38":"shipping-taxable","39":"purchasable","40":"product-type-variable"},"aioseo_notices":[],"_links":{"self":[{"href":"https:\/\/smartyplantsnursery.com\/es\/wp-json\/wp\/v2\/product\/55029","targetHints":{"allow":["GET"]}}],"collection":[{"href":"https:\/\/smartyplantsnursery.com\/es\/wp-json\/wp\/v2\/product"}],"about":[{"href":"https:\/\/smartyplantsnursery.com\/es\/wp-json\/wp\/v2\/types\/product"}],"replies":[{"embeddable":true,"href":"https:\/\/smartyplantsnursery.com\/es\/wp-json\/wp\/v2\/comments?post=55029"}],"wp:featuredmedia":[{"embeddable":true,"href":"https:\/\/smartyplantsnursery.com\/es\/wp-json\/wp\/v2\/media\/53899"}],"wp:attachment":[{"href":"https:\/\/smartyplantsnursery.com\/es\/wp-json\/wp\/v2\/media?parent=55029"}],"wp:term":[{"taxonomy":"product_brand","embeddable":true,"href":"https:\/\/smartyplantsnursery.com\/es\/wp-json\/wp\/v2\/product_brand?post=55029"},{"taxonomy":"product_cat","embeddable":true,"href":"https:\/\/smartyplantsnursery.com\/es\/wp-json\/wp\/v2\/product_cat?post=55029"},{"taxonomy":"product_tag","embeddable":true,"href":"https:\/\/smartyplantsnursery.com\/es\/wp-json\/wp\/v2\/product_tag?post=55029"}],"curies":[{"name":"wp","href":"https:\/\/api.w.org\/{rel}","templated":true}]}}