{"id":55042,"date":"2026-01-22T19:17:25","date_gmt":"2026-01-22T19:17:25","guid":{"rendered":"https:\/\/smartyplantsnursery.com\/product\/agave-del-siglo-sin-espinas-agave-de-punta-suave-agave-attenuata\/"},"modified":"2026-01-22T19:17:25","modified_gmt":"2026-01-22T19:17:25","slug":"agave-del-siglo-sin-espinas-agave-de-punta-suave-agave-attenuata","status":"publish","type":"product","link":"https:\/\/smartyplantsnursery.com\/es\/product\/agave-del-siglo-sin-espinas-agave-de-punta-suave-agave-attenuata\/","title":{"rendered":"Agave del siglo sin espinas, Agave de punta suave &#8211; Agave attenuata"},"content":{"rendered":"<p><b>Usos generales en el paisajismo: <\/b>Planta ornamental<\/p>\n<p><b>Notas sobre la restauraci\u00f3n ecol\u00f3gica: <\/b>No se utiliza.<\/p>\n<p><b>Descripci\u00f3n: <\/b>Una suculenta que forma matas con un tronco grueso y le\u00f1oso que puede volverse visible a medida que la planta envejece. <span class=\"citation-445\">Las hojas son anchas, flexibles y de un hermoso <\/span><span class=\"citation-445\">color glauco (verde plateado a verde amarillento)<\/span><span class=\"citation-445 citation-end-445\">.<\/span> <span class=\"citation-444\">A diferencia de la mayor\u00eda de los agaves, las hojas no tienen <\/span><span class=\"citation-444\">dientes ni espina terminal<\/span><span class=\"citation-444 citation-end-444\">.<\/span><\/p>\n<p><b>Dimensiones:<\/b> Altura 3 &#8211; 4 pies; Extensi\u00f3n 3 &#8211; 4 pies.<\/p>\n<p><b>Tasa de crecimiento:<\/b> Lento a moderado<\/p>\n<p><b>Origen: <\/b>M\u00e9xico Central<\/p>\n<p><b>H\u00e1bitats nativos: <\/b>Acantilados rocosos en bosques de pino-encino a gran altitud<\/p>\n<p><b>Suelos: <\/b>Bien drenados, arena, marga<\/p>\n<p><b>Requisitos nutricionales:<\/b> bajos<\/p>\n<p><b>Tolerancia al agua salada:<\/b> baja<\/p>\n<p><b>Tolerancia al viento salado:<\/b> moderada<\/p>\n<p><b>Tolerancia a la sequ\u00eda:<\/b> alta<\/p>\n<p><b>Requisitos de luz:<\/b> Pleno sol a sol parcial<\/p>\n<p><b>Color de la flor: <\/b>Verde amarillento a blanco cremoso.<\/p>\n<p><b>Caracter\u00edsticas de la flor: <\/b>Una espiga terminal masiva que crece de 1,5 a 3 metros de largo. Se arquea elegantemente hacia el suelo, asemej\u00e1ndose a una cola de zorro o al cuello de un cisne. <\/p>\n<p><b>Temporada de floraci\u00f3n: <\/b><span class=\"citation-436\">Es <\/span><span class=\"citation-436\">monoc\u00e1rpica<\/span><span class=\"citation-436 citation-end-436\">, lo que significa que la roseta individual florece una vez despu\u00e9s de 10-20 a\u00f1os y luego muere.<\/span><\/p>\n<p><b>Fruto: <\/b>Produce c\u00e1psulas de semillas, pero m\u00e1s com\u00fanmente produce cientos de peque\u00f1os bulbillos (plantas en miniatura) a lo largo del tallo floral.<\/p>\n<p><b>Vida silvestre y ecolog\u00eda: <\/b><span class=\"citation-434\">Las flores son una importante fuente de n\u00e9ctar para <\/span><span class=\"citation-434\">abejas, mariposas y colibr\u00edes<\/span><\/p>\n<p><b>Notas hort\u00edcolas: <\/b>Propagada por hijuelos, esquejes<\/p>\n<p><b>Comentarios:<\/b><\/p>\n","protected":false},"excerpt":{"rendered":"<p><img decoding=\"async\" class=\"alignnone size-medium wp-image-31863\" src=\"https:\/\/smartyplantsnursery.com\/wp-content\/uploads\/2023\/04\/Screen-Shot-2023-04-22-at-11.28.02-PM-300x134.png\" alt=\"Compre con confianza en el vivero Smarty Plants.\" width=\"300\" height=\"134\"><\/p>\n<div class=\"container\">\n<div class=\"table-container\">\n<table>\n<thead>\n<tr>\n<th>Tama\u00f1o de la maceta<\/th>\n<th>Altura media plantada (desde la tierra hasta la parte superior de la planta)<\/th>\n<\/tr>\n<\/thead>\n<tbody>\n<tr>\n<td>3 galones\/10&#8243;<\/td>\n<td>0 &#8211; 1 pie<\/td>\n<\/tr>\n<tr>\n<td>7 galones\/35 cm<\/td>\n<td>30 &#8211; 60 cm<\/td>\n<\/tr>\n<tr>\n<td>15 galones\/17&#8243;<\/td>\n<td>0,6 &#8211; 0,75 m<\/td>\n<\/tr>\n<\/tbody>\n<\/table>\n<\/div>\n<\/div>\n","protected":false},"featured_media":54019,"comment_status":"open","ping_status":"closed","template":"","meta":[],"product_brand":[],"product_cat":[340,359,357,311,310,363,315,302,369,306,361,326,314,335,303,339,347],"product_tag":[319,318,328,327],"class_list":{"0":"post-55042","1":"product","2":"type-product","3":"status-publish","4":"has-post-thumbnail","6":"product_cat-alta","7":"product_cat-arena","8":"product_cat-baja-es-3","9":"product_cat-baja","10":"product_cat-bien-drenado","11":"product_cat-espiga","12":"product_cat-esquejes","13":"product_cat-exotica","14":"product_cat-franco","15":"product_cat-lenta","16":"product_cat-moderada-es-4","17":"product_cat-moderada-es-2","18":"product_cat-planta-de-especimen","19":"product_cat-pleno-sol","20":"product_cat-sol-parcial","21":"product_cat-suculenta","22":"product_cat-vastago","23":"product_tag-amarillo","24":"product_tag-blanco","25":"product_tag-crema","26":"product_tag-verde","27":"pa_pot-size-15-galones-17","28":"pa_pot-size-3-galones-10","29":"pa_pot-size-7-galones-14","32":"first","33":"instock","34":"taxable","35":"shipping-taxable","36":"purchasable","37":"product-type-variable"},"aioseo_notices":[],"_links":{"self":[{"href":"https:\/\/smartyplantsnursery.com\/es\/wp-json\/wp\/v2\/product\/55042","targetHints":{"allow":["GET"]}}],"collection":[{"href":"https:\/\/smartyplantsnursery.com\/es\/wp-json\/wp\/v2\/product"}],"about":[{"href":"https:\/\/smartyplantsnursery.com\/es\/wp-json\/wp\/v2\/types\/product"}],"replies":[{"embeddable":true,"href":"https:\/\/smartyplantsnursery.com\/es\/wp-json\/wp\/v2\/comments?post=55042"}],"wp:featuredmedia":[{"embeddable":true,"href":"https:\/\/smartyplantsnursery.com\/es\/wp-json\/wp\/v2\/media\/54019"}],"wp:attachment":[{"href":"https:\/\/smartyplantsnursery.com\/es\/wp-json\/wp\/v2\/media?parent=55042"}],"wp:term":[{"taxonomy":"product_brand","embeddable":true,"href":"https:\/\/smartyplantsnursery.com\/es\/wp-json\/wp\/v2\/product_brand?post=55042"},{"taxonomy":"product_cat","embeddable":true,"href":"https:\/\/smartyplantsnursery.com\/es\/wp-json\/wp\/v2\/product_cat?post=55042"},{"taxonomy":"product_tag","embeddable":true,"href":"https:\/\/smartyplantsnursery.com\/es\/wp-json\/wp\/v2\/product_tag?post=55042"}],"curies":[{"name":"wp","href":"https:\/\/api.w.org\/{rel}","templated":true}]}}