{"id":55049,"date":"2026-02-08T17:18:38","date_gmt":"2026-02-08T17:18:38","guid":{"rendered":"https:\/\/smartyplantsnursery.com\/product\/cactus-lapiz-euphorbia-tirucalli\/"},"modified":"2026-03-13T16:05:08","modified_gmt":"2026-03-13T16:05:08","slug":"cactus-lapiz-euphorbia-tirucalli","status":"publish","type":"product","link":"https:\/\/smartyplantsnursery.com\/es\/product\/cactus-lapiz-euphorbia-tirucalli\/","title":{"rendered":"Cactus l\u00e1piz &#8211; Euphorbia tirucalli"},"content":{"rendered":"<p><b>Usos paisaj\u00edsticos generales: <\/b>Acento, pantalla<\/p>\n<p><b>Notas de restauraci\u00f3n ecol\u00f3gica: <\/b>Se usa con frecuencia en regiones \u00e1ridas para la reforestaci\u00f3n y recuperaci\u00f3n de tierras, ya que puede crecer en suelos muy degradados.<\/p>\n<p><b>Descripci\u00f3n: <\/b><span class=\"citation-80 citation-end-80\">Arbusto suculento o \u00e1rbol peque\u00f1o con ramas verdes, lisas, cil\u00edndricas y del grosor de un l\u00e1piz.<\/span> <span class=\"citation-79 citation-end-79\">Carece casi de hojas; las diminutas hojas que brotan caen pronto, dejando una densa mara\u00f1a de tallos fotosint\u00e9ticos.<\/span><\/p>\n<p><b>Dimensiones: <\/b>Altura 4 &#8211; 9 m; Envergadura 1,5 &#8211; 3 m<\/p>\n<p><b>Tasa de crecimiento:<\/b> r\u00e1pida<\/p>\n<p><b>Distribuci\u00f3n natural: <\/b>\u00c1frica y pen\u00ednsula ar\u00e1biga<\/p>\n<p><b>H\u00e1bitats naturales: <\/b><span class=\"citation-77 citation-end-77\">Sabanas secas, afloramientos rocosos y bosques abiertos.<\/span> Suele encontrarse en zonas con alta radiaci\u00f3n solar y escasas precipitaciones.<\/p>\n<p><b>Suelos:<\/b> Bien drenados, arena, roca<\/p>\n<p><b>Requisitos nutricionales:<\/b> bajos<\/p>\n<p><b>Tolerancia al agua salada:<\/b> baja<\/p>\n<p><b>Tolerancia al viento salino:<\/b> De moderada a alta<\/p>\n<p><b>Tolerancia a la sequ\u00eda:<\/b> alta<\/p>\n<p><b>Requisitos de luz:<\/b> Pleno sol<\/p>\n<p><b>Color de la flor:<\/b> Verde amarillento<\/p>\n<p><b>Caracter\u00edsticas de la flor: <\/b><span class=\"citation-72\">Produce racimos diminutos y discretos llamados <\/span><span class=\"citation-72\">ciatios<\/span><span class=\"citation-72 citation-end-72\"> en los extremos de las ramas.<\/span><\/p>\n<p><b>Temporada de floraci\u00f3n:<\/b> Desde finales de primavera hasta verano<\/p>\n<p><b>Fruto: <\/b><span class=\"citation-71 citation-end-71\">Una peque\u00f1a c\u00e1psula trilobulada que &#8220;explota&#8221; al madurar para dispersar las semillas.<\/span><\/p>\n<p><b>Vida silvestre y ecolog\u00eda: <\/b>En su h\u00e1bitat natural, sirve de refugio para aves e insectos, aunque su savia t\u00f3xica resulta desagradable para la mayor\u00eda de los herb\u00edvoros. <span class=\"citation-70 citation-end-70\">Es hu\u00e9sped de ciertas polillas especializadas.<\/span><\/p>\n<p><b>Notas de horticultura:<\/b> Cultivado a partir de esquejes, semillas<\/p>\n<p><b>Comentarios:<\/b><\/p>\n","protected":false},"excerpt":{"rendered":"<p><img fetchpriority=\"high\" decoding=\"async\" class=\"alignnone size-medium wp-image-54744\" src=\"https:\/\/smartyplantsnursery.com\/wp-content\/uploads\/2023\/04\/Screenshot-2026-03-03-at-2.22.47-PM-300x185.webp\" alt=\"\" width=\"300\" height=\"185\"><\/p>\n<div class=\"container\">\n<div class=\"table-container\">\n<table>\n<thead>\n<tr>\n<th>Tama\u00f1o de la maceta<\/th>\n<th>Altura media plantada (desde la tierra hasta la parte superior de la planta)<\/th>\n<\/tr>\n<\/thead>\n<tbody>\n<tr>\n<td>1 gal\u00f3n\/6&#8243;<\/td>\n<td>0 &#8211; 1 ft.<\/td>\n<\/tr>\n<tr>\n<td>3 galones\/10&#8243;<\/td>\n<td>1 &#8211; 3 pies<\/td>\n<\/tr>\n<tr>\n<td>7 galones\/14&#8243;<\/td>\n<td>0,9 &#8211; 1,5 m<\/td>\n<\/tr>\n<tr>\n<td>15 galones\/17&#8243;<\/td>\n<td>5 &#8211; 6 pies<\/td>\n<\/tr>\n<\/tbody>\n<\/table>\n<\/div>\n<\/div>\n","protected":false},"featured_media":54017,"comment_status":"open","ping_status":"closed","template":"","meta":[],"product_brand":[],"product_cat":[340,362,304,359,357,311,310,315,302,365,361,378,316,334,335,323,322,468,330,307],"product_tag":[],"class_list":{"0":"post-55049","1":"product","2":"type-product","3":"status-publish","4":"has-post-thumbnail","6":"product_cat-alta","7":"product_cat-alta-es-2","8":"product_cat-arbusto","9":"product_cat-arena","10":"product_cat-baja-es-3","11":"product_cat-baja","12":"product_cat-bien-drenado","13":"product_cat-esquejes","14":"product_cat-exotica","15":"product_cat-inconspicuo","16":"product_cat-moderada-es-4","17":"product_cat-pantalla","18":"product_cat-pequena","19":"product_cat-planta-de-acento","20":"product_cat-pleno-sol","21":"product_cat-primavera","22":"product_cat-rapido","23":"product_cat-roca-2","24":"product_cat-semilla","25":"product_cat-verano","26":"pa_pot-size-1-galon-6","27":"pa_pot-size-15-galones-17","28":"pa_pot-size-3-galones-10","29":"pa_pot-size-7-galones-14","32":"first","33":"instock","34":"taxable","35":"shipping-taxable","36":"purchasable","37":"product-type-variable"},"aioseo_notices":[],"_links":{"self":[{"href":"https:\/\/smartyplantsnursery.com\/es\/wp-json\/wp\/v2\/product\/55049","targetHints":{"allow":["GET"]}}],"collection":[{"href":"https:\/\/smartyplantsnursery.com\/es\/wp-json\/wp\/v2\/product"}],"about":[{"href":"https:\/\/smartyplantsnursery.com\/es\/wp-json\/wp\/v2\/types\/product"}],"replies":[{"embeddable":true,"href":"https:\/\/smartyplantsnursery.com\/es\/wp-json\/wp\/v2\/comments?post=55049"}],"wp:featuredmedia":[{"embeddable":true,"href":"https:\/\/smartyplantsnursery.com\/es\/wp-json\/wp\/v2\/media\/54017"}],"wp:attachment":[{"href":"https:\/\/smartyplantsnursery.com\/es\/wp-json\/wp\/v2\/media?parent=55049"}],"wp:term":[{"taxonomy":"product_brand","embeddable":true,"href":"https:\/\/smartyplantsnursery.com\/es\/wp-json\/wp\/v2\/product_brand?post=55049"},{"taxonomy":"product_cat","embeddable":true,"href":"https:\/\/smartyplantsnursery.com\/es\/wp-json\/wp\/v2\/product_cat?post=55049"},{"taxonomy":"product_tag","embeddable":true,"href":"https:\/\/smartyplantsnursery.com\/es\/wp-json\/wp\/v2\/product_tag?post=55049"}],"curies":[{"name":"wp","href":"https:\/\/api.w.org\/{rel}","templated":true}]}}