{"id":55063,"date":"2026-02-13T02:13:23","date_gmt":"2026-02-13T02:13:23","guid":{"rendered":"https:\/\/smartyplantsnursery.com\/product\/planta-cebra-calathea-zebrina\/"},"modified":"2026-02-13T02:13:23","modified_gmt":"2026-02-13T02:13:23","slug":"planta-cebra-calathea-zebrina","status":"publish","type":"product","link":"https:\/\/smartyplantsnursery.com\/es\/product\/planta-cebra-calathea-zebrina\/","title":{"rendered":"Planta Cebra &#8211; Calathea zebrina"},"content":{"rendered":"<p><b>Usos paisaj\u00edsticos generales: <\/b>Cubresuelos, acento, contenedor<\/p>\n<p><b>Notas de restauraci\u00f3n ecol\u00f3gica: <\/b>No recomendada fuera de su \u00e1rea nativa.<\/p>\n<p><b>Descripci\u00f3n: <\/b><span class=\"citation-85 citation-end-85\">Una perenne herb\u00e1cea de crecimiento en mata famosa por su textura &#8220;aterciopelada&#8221;.<\/span> Las hojas son de un verde claro brillante con rayas verde oscuro intenso que irradian desde el nervio central, imitando un patr\u00f3n de cebra. El env\u00e9s suele ser de un p\u00farpura intenso. <\/p>\n<p><b>Dimensiones:<\/b> Altura 2 &#8211; 3 pies; Extensi\u00f3n 2 &#8211; 3 pies.<\/p>\n<p><b>Tasa de crecimiento:<\/b> moderada<\/p>\n<p><b>\u00c1rea nativa: <\/b>Sureste de Brasil<\/p>\n<p><b>H\u00e1bitats nativos: <\/b>Suelos h\u00famedos y sombreados de selvas tropicales<\/p>\n<p><b>Suelos:<\/b> Bien drenados<\/p>\n<p><b>Requisitos nutricionales:<\/b> moderados<\/p>\n<p><b>Tolerancia al agua salada:<\/b> baja<\/p>\n<p><b>Tolerancia al viento salado:<\/b> baja<\/p>\n<p><b>Tolerancia a la sequ\u00eda:<\/b> baja<\/p>\n<p><b>Requisitos de luz:<\/b> sol parcial<\/p>\n<p><b>Color de la flor: <\/b>Blanco a p\u00farpura\/violeta<\/p>\n<p><b>Caracter\u00edsticas de la flor: <\/b>Las flores nacen en espigas cortas cerca de la base de la planta.<\/p>\n<p><b>Temporada de floraci\u00f3n:<\/b> Primavera a verano<\/p>\n<p><b>Fruto: <\/b>C\u00e1psulas peque\u00f1as e insignificantes<\/p>\n<p><b>Fauna y ecolog\u00eda: <\/b>Proporciona refugio para peque\u00f1os anfibios e invertebrados en jardines tropicales. <span class=\"citation-76 citation-end-76\">En su h\u00e1bitat nativo, las hojas anchas recogen &#8220;fitotelmata&#8221; (peque\u00f1as acumulaciones de agua) que sustentan microecosistemas.<\/span><\/p>\n<p><b>Notas de horticultura:<\/b> Se propaga por divisi\u00f3n<\/p>\n<p><b>Comentarios:<\/b><\/p>\n","protected":false},"excerpt":{"rendered":"<p><img decoding=\"async\" class=\"alignnone size-medium wp-image-31863\" src=\"https:\/\/smartyplantsnursery.com\/wp-content\/uploads\/2023\/04\/Screen-Shot-2023-04-22-at-11.28.02-PM-300x134.png\" alt=\"Compre con confianza en el vivero Smarty Plants.\" width=\"300\" height=\"134\"><\/p>\n<div class=\"container\">\n<div class=\"table-container\">\n<table>\n<thead>\n<tr>\n<th>Tama\u00f1o de la maceta<\/th>\n<th>Altura media plantada (desde la tierra hasta la parte superior de la planta)<\/th>\n<\/tr>\n<\/thead>\n<tbody>\n<tr>\n<td>1 gal\u00f3n\/6&#8243;<\/td>\n<td>0 &#8211; 1 ft.<\/td>\n<\/tr>\n<\/tbody>\n<\/table>\n<\/div>\n<\/div>\n","protected":false},"featured_media":54039,"comment_status":"open","ping_status":"closed","template":"","meta":[],"product_brand":[],"product_cat":[311,312,329,310,321,317,331,363,302,309,326,334,323,303,307],"product_tag":[318,338,388],"class_list":{"0":"post-55063","1":"product","2":"type-product","3":"status-publish","4":"has-post-thumbnail","6":"product_cat-baja","7":"product_cat-baja-es","8":"product_cat-baja-es-2","9":"product_cat-bien-drenado","10":"product_cat-cobertura-del-suelo","11":"product_cat-contenedor","12":"product_cat-division-es","13":"product_cat-espiga","14":"product_cat-exotica","15":"product_cat-moderada","16":"product_cat-moderada-es-2","17":"product_cat-planta-de-acento","18":"product_cat-primavera","19":"product_cat-sol-parcial","20":"product_cat-verano","21":"product_tag-blanco","22":"product_tag-morado","23":"product_tag-violeta","24":"pa_pot-size-1-galon-6","27":"first","28":"instock","29":"taxable","30":"shipping-taxable","31":"purchasable","32":"product-type-variable"},"aioseo_notices":[],"_links":{"self":[{"href":"https:\/\/smartyplantsnursery.com\/es\/wp-json\/wp\/v2\/product\/55063","targetHints":{"allow":["GET"]}}],"collection":[{"href":"https:\/\/smartyplantsnursery.com\/es\/wp-json\/wp\/v2\/product"}],"about":[{"href":"https:\/\/smartyplantsnursery.com\/es\/wp-json\/wp\/v2\/types\/product"}],"replies":[{"embeddable":true,"href":"https:\/\/smartyplantsnursery.com\/es\/wp-json\/wp\/v2\/comments?post=55063"}],"wp:featuredmedia":[{"embeddable":true,"href":"https:\/\/smartyplantsnursery.com\/es\/wp-json\/wp\/v2\/media\/54039"}],"wp:attachment":[{"href":"https:\/\/smartyplantsnursery.com\/es\/wp-json\/wp\/v2\/media?parent=55063"}],"wp:term":[{"taxonomy":"product_brand","embeddable":true,"href":"https:\/\/smartyplantsnursery.com\/es\/wp-json\/wp\/v2\/product_brand?post=55063"},{"taxonomy":"product_cat","embeddable":true,"href":"https:\/\/smartyplantsnursery.com\/es\/wp-json\/wp\/v2\/product_cat?post=55063"},{"taxonomy":"product_tag","embeddable":true,"href":"https:\/\/smartyplantsnursery.com\/es\/wp-json\/wp\/v2\/product_tag?post=55063"}],"curies":[{"name":"wp","href":"https:\/\/api.w.org\/{rel}","templated":true}]}}