{"id":55066,"date":"2026-02-07T20:22:57","date_gmt":"2026-02-07T20:22:57","guid":{"rendered":"https:\/\/smartyplantsnursery.com\/product\/hierba-de-bambu-pogonatherum-saccharoideum\/"},"modified":"2026-02-07T20:22:57","modified_gmt":"2026-02-07T20:22:57","slug":"hierba-de-bambu-pogonatherum-saccharoideum","status":"publish","type":"product","link":"https:\/\/smartyplantsnursery.com\/es\/product\/hierba-de-bambu-pogonatherum-saccharoideum\/","title":{"rendered":"Hierba de Bamb\u00fa &#8211; Pogonatherum saccharoideum"},"content":{"rendered":"<p><b>Usos paisaj\u00edsticos generales: <\/b>Cubresuelos, planta de acento<\/p>\n<p><b>Notas de restauraci\u00f3n ecol\u00f3gica: <\/b>Se utiliza principalmente para la estabilizaci\u00f3n del suelo en taludes y pendientes h\u00famedas. Su denso sistema radicular fibroso ayuda a prevenir la erosi\u00f3n a lo largo de las riberas de arroyos y l\u00edneas de drenaje en su \u00e1rea de distribuci\u00f3n nativa. <\/p>\n<p><b>Descripci\u00f3n: <\/b>Una gram\u00ednea perenne enana, tupida y de hoja perenne. Produce muchos tallos delgados y arqueados cubiertos de hojas finas, lanceoladas y de color verde brillante que le dan una silueta suave, similar al bamb\u00fa. <\/p>\n<p><b>Dimensiones: <\/b>Altura 15 cm &#8211; 30 cm; Extensi\u00f3n 30 cm &#8211; 45 cm.<\/p>\n<p><b>Tasa de crecimiento:<\/b> moderada<\/p>\n<p><b>\u00c1rea de distribuci\u00f3n nativa: <\/b>Sur y Este de Asia, incluyendo China, India, Sudeste Asi\u00e1tico y partes de Australia (Territorio del Norte y Queensland)<\/p>\n<p><b>H\u00e1bitats nativos: <\/b><span class=\"citation-1 citation-end-1\">Se encuentra en zonas h\u00famedas y rocosas, a menudo cerca de cascadas, riberas de arroyos y acantilados h\u00famedos.<\/span><\/p>\n<p><b>Suelos: <\/b>Bien drenados, francos, arenosos<\/p>\n<p><b>Requisitos nutricionales:<\/b> De bajos a moderados<\/p>\n<p><b>Tolerancia al agua salada:<\/b> baja<\/p>\n<p><b>Tolerancia al viento salado:<\/b> De baja a moderada<\/p>\n<p><b>Tolerancia a la sequ\u00eda:<\/b> baja<\/p>\n<p><b>Requisitos de luz:<\/b> Pleno sol a sol parcial<\/p>\n<p><b>Color de la flor: <\/b>Marr\u00f3n amarillento a crema<\/p>\n<p><b>Caracter\u00edsticas de la flor: <\/b>Produce racimos terminales (espigas) peque\u00f1os e inconspicuos que a menudo quedan ocultos por el denso follaje.<\/p>\n<p><b>Temporada de floraci\u00f3n:<\/b> Verano hasta principios de oto\u00f1o<\/p>\n<p><b>Fruto: <\/b>Cari\u00f3pside peque\u00f1a, similar a un grano<\/p>\n<p><b>Vida silvestre y ecolog\u00eda: <\/b>Proporciona una densa cobertura para peque\u00f1os invertebrados y ranas, especialmente cuando se planta cerca de los m\u00e1rgenes del agua.<\/p>\n<p><b>Notas de horticultura:<\/b> Se propaga por divisi\u00f3n<\/p>\n<p><b>Comentarios:<\/b><\/p>\n","protected":false},"excerpt":{"rendered":"<p><img fetchpriority=\"high\" decoding=\"async\" class=\"alignnone size-medium wp-image-54744\" src=\"https:\/\/smartyplantsnursery.com\/wp-content\/uploads\/2023\/04\/Screenshot-2026-03-03-at-2.22.47-PM-300x185.png\" alt=\"\" width=\"300\" height=\"185\"><\/p>\n<div class=\"container\">\n<div class=\"table-container\">\n<table>\n<thead>\n<tr>\n<th>Tama\u00f1o de la maceta<\/th>\n<th>Altura media plantada (desde la tierra hasta la parte superior de la planta)<\/th>\n<\/tr>\n<\/thead>\n<tbody>\n<tr>\n<td>3 galones\/10&#8243;<\/td>\n<td>1 &#8211; 2 pies<\/td>\n<\/tr>\n<\/tbody>\n<\/table>\n<\/div>\n<\/div>\n","protected":false},"featured_media":53679,"comment_status":"open","ping_status":"closed","template":"","meta":[],"product_brand":[],"product_cat":[359,357,311,312,329,310,321,331,363,302,369,387,365,326,361,309,308,316,334,335,303,307],"product_tag":[319,328,356],"class_list":{"0":"post-55066","1":"product","2":"type-product","3":"status-publish","4":"has-post-thumbnail","6":"product_cat-arena","7":"product_cat-baja-es-3","8":"product_cat-baja","9":"product_cat-baja-es","10":"product_cat-baja-es-2","11":"product_cat-bien-drenado","12":"product_cat-cobertura-del-suelo","13":"product_cat-division-es","14":"product_cat-espiga","15":"product_cat-exotica","16":"product_cat-franco","17":"product_cat-hierba-es","18":"product_cat-inconspicuo","19":"product_cat-moderada-es-2","20":"product_cat-moderada-es-4","21":"product_cat-moderada","22":"product_cat-otono","23":"product_cat-pequena","24":"product_cat-planta-de-acento","25":"product_cat-pleno-sol","26":"product_cat-sol-parcial","27":"product_cat-verano","28":"product_tag-amarillo","29":"product_tag-crema","30":"product_tag-marron","31":"pa_pot-size-3-galones-10","34":"first","35":"instock","36":"taxable","37":"shipping-taxable","38":"purchasable","39":"product-type-variable"},"aioseo_notices":[],"_links":{"self":[{"href":"https:\/\/smartyplantsnursery.com\/es\/wp-json\/wp\/v2\/product\/55066","targetHints":{"allow":["GET"]}}],"collection":[{"href":"https:\/\/smartyplantsnursery.com\/es\/wp-json\/wp\/v2\/product"}],"about":[{"href":"https:\/\/smartyplantsnursery.com\/es\/wp-json\/wp\/v2\/types\/product"}],"replies":[{"embeddable":true,"href":"https:\/\/smartyplantsnursery.com\/es\/wp-json\/wp\/v2\/comments?post=55066"}],"wp:featuredmedia":[{"embeddable":true,"href":"https:\/\/smartyplantsnursery.com\/es\/wp-json\/wp\/v2\/media\/53679"}],"wp:attachment":[{"href":"https:\/\/smartyplantsnursery.com\/es\/wp-json\/wp\/v2\/media?parent=55066"}],"wp:term":[{"taxonomy":"product_brand","embeddable":true,"href":"https:\/\/smartyplantsnursery.com\/es\/wp-json\/wp\/v2\/product_brand?post=55066"},{"taxonomy":"product_cat","embeddable":true,"href":"https:\/\/smartyplantsnursery.com\/es\/wp-json\/wp\/v2\/product_cat?post=55066"},{"taxonomy":"product_tag","embeddable":true,"href":"https:\/\/smartyplantsnursery.com\/es\/wp-json\/wp\/v2\/product_tag?post=55066"}],"curies":[{"name":"wp","href":"https:\/\/api.w.org\/{rel}","templated":true}]}}