{"id":55073,"date":"2026-02-20T21:13:51","date_gmt":"2026-02-20T21:13:51","guid":{"rendered":"https:\/\/smartyplantsnursery.com\/product\/rhacoma-maidenberry-crossopetalum-rhacoma\/"},"modified":"2026-02-20T21:13:51","modified_gmt":"2026-02-20T21:13:51","slug":"rhacoma-maidenberry-crossopetalum-rhacoma","status":"publish","type":"product","link":"https:\/\/smartyplantsnursery.com\/es\/product\/rhacoma-maidenberry-crossopetalum-rhacoma\/","title":{"rendered":"Rhacoma, Maidenberry &#8211; Crossopetalum rhacoma"},"content":{"rendered":"<p><b>Usos paisaj\u00edsticos generales:<\/b> Arbusto ornamental.<\/p>\n<p><b>Notas de restauraci\u00f3n ecol\u00f3gica:<\/b> Un elemento poco com\u00fan de los bordes de hamacas y pinares rocosos.<\/p>\n<p><b>Disponibilidad:<\/b> Disponible en viveros de plantas nativas del centro y sur de Florida.<\/p>\n<p><b>Descripci\u00f3n:<\/b> Arbusto mediano o raramente un \u00e1rbol peque\u00f1o, con ramas erectas o extendidas. Corteza p\u00e1lida, casi blanca. Hojas cori\u00e1ceas, verde claro, de aproximadamente 1,27 a 3,81 cm de largo.  <\/p>\n<p><b>Dimensiones:<\/b> Normalmente de 0,91 a 2,44 m de altura, a menudo m\u00e1s ancho que alto.<\/p>\n<p><b>Tasa de crecimiento:<\/b> De moderada a lenta.<\/p>\n<p><b>Distribuci\u00f3n:<\/b> Cayos del condado de Monroe y condado de Miami-Dade; aislado en el condado de Sarasota; Bermudas, las Antillas, M\u00e9xico y Am\u00e9rica Central. En el condado de Miami-Dade, nativo de los Cayos de Florida en y alrededor del Parque Nacional Biscayne, Key Biscayne y la cresta rocosa de Miami al sur del r\u00edo Miami. <\/p>\n<p><b>H\u00e1bitats:<\/b> Bordes de hamacas rocosas y pinares rocosos.<\/p>\n<p><b>Suelos:<\/b> Suelos calizos o arenosos h\u00famedos y bien drenados, con o sin capa superior de humus.<\/p>\n<p><b>Requisitos nutricionales:<\/b> De moderados a bajos; prefiere suelos con contenido org\u00e1nico, pero a\u00fan crecer\u00e1 razonablemente bien en suelos pobres en nutrientes.<\/p>\n<p><b>Tolerancia al agua salada:<\/b> Baja; no tolera las inundaciones a largo plazo con agua salada o salobre.<\/p>\n<p><b>Tolerancia al viento salado:<\/b> Baja; el viento salado puede quemar las hojas.<\/p>\n<p><b>Tolerancia a la sequ\u00eda:<\/b> De moderada a alta; las plantas que crecen en suelos extremadamente secos pueden morir durante per\u00edodos prolongados de sequ\u00eda.<\/p>\n<p><b>Requisitos de luz:<\/b> Pleno sol a sol parcial.<\/p>\n<p><b>Color de la flor:<\/b> Verde con tonos rojos.<\/p>\n<p><b>Caracter\u00edsticas de la flor:<\/b> poco llamativas.<\/p>\n<p><b>Temporada de floraci\u00f3n:<\/b> Todo el a\u00f1o.<\/p>\n<p><b>Fruto:<\/b> Drupas de color rojo brillante llamativas.<\/p>\n<p><b>Fauna y ecolog\u00eda:<\/b> Proporciona alimento para la fauna.<\/p>\n<p><b>Notas de horticultura:<\/b> Se puede cultivar a partir de semillas despulpadas.<\/p>\n<p><b>Comentarios:<\/b> Est\u00e1 catalogada como amenazada por el estado de Florida.<\/p>\n","protected":false},"excerpt":{"rendered":"<p><img decoding=\"async\" class=\"alignnone size-medium wp-image-31863\" src=\"https:\/\/smartyplantsnursery.com\/wp-content\/uploads\/2023\/04\/Screen-Shot-2023-04-22-at-11.28.02-PM-300x134.png\" alt=\"Compre con confianza en el vivero Smarty Plants.\" width=\"300\" height=\"134\"><\/p>\n<div class=\"container\">\n<div class=\"table-container\">\n<table>\n<thead>\n<tr>\n<th>Tama\u00f1o de la maceta<\/th>\n<th>Altura media plantada (desde la tierra hasta la parte superior de la planta)<\/th>\n<\/tr>\n<\/thead>\n<tbody>\n<tr>\n<td>7 galones\/14&#8243;<\/td>\n<td>0,6 &#8211; 0,9 m<\/td>\n<\/tr>\n<\/tbody>\n<\/table>\n<\/div>\n<\/div>\n","protected":false},"featured_media":54291,"comment_status":"open","ping_status":"closed","template":"","meta":[],"product_brand":[59,60],"product_cat":[340,304,359,357,312,311,310,365,355,306,309,313,326,341,308,334,335,323,330,419,303,307],"product_tag":[350,327],"class_list":{"0":"post-55073","1":"product","2":"type-product","3":"status-publish","4":"has-post-thumbnail","6":"product_brand-fann","7":"product_brand-fnps","8":"product_cat-alta","9":"product_cat-arbusto","10":"product_cat-arena","11":"product_cat-baja-es-3","12":"product_cat-baja-es","13":"product_cat-baja","14":"product_cat-bien-drenado","15":"product_cat-inconspicuo","16":"product_cat-invierno","17":"product_cat-lenta","18":"product_cat-moderada","19":"product_cat-moderada-es","20":"product_cat-moderada-es-2","21":"product_cat-nativo","22":"product_cat-otono","23":"product_cat-planta-de-acento","24":"product_cat-pleno-sol","25":"product_cat-primavera","26":"product_cat-semilla","27":"product_cat-sin-categorizar","28":"product_cat-sol-parcial","29":"product_cat-verano","30":"product_tag-rojo","31":"product_tag-verde","32":"pa_pot-size-7-galones-14","35":"first","36":"instock","37":"taxable","38":"shipping-taxable","39":"purchasable","40":"product-type-variable"},"aioseo_notices":[],"_links":{"self":[{"href":"https:\/\/smartyplantsnursery.com\/es\/wp-json\/wp\/v2\/product\/55073","targetHints":{"allow":["GET"]}}],"collection":[{"href":"https:\/\/smartyplantsnursery.com\/es\/wp-json\/wp\/v2\/product"}],"about":[{"href":"https:\/\/smartyplantsnursery.com\/es\/wp-json\/wp\/v2\/types\/product"}],"replies":[{"embeddable":true,"href":"https:\/\/smartyplantsnursery.com\/es\/wp-json\/wp\/v2\/comments?post=55073"}],"wp:featuredmedia":[{"embeddable":true,"href":"https:\/\/smartyplantsnursery.com\/es\/wp-json\/wp\/v2\/media\/54291"}],"wp:attachment":[{"href":"https:\/\/smartyplantsnursery.com\/es\/wp-json\/wp\/v2\/media?parent=55073"}],"wp:term":[{"taxonomy":"product_brand","embeddable":true,"href":"https:\/\/smartyplantsnursery.com\/es\/wp-json\/wp\/v2\/product_brand?post=55073"},{"taxonomy":"product_cat","embeddable":true,"href":"https:\/\/smartyplantsnursery.com\/es\/wp-json\/wp\/v2\/product_cat?post=55073"},{"taxonomy":"product_tag","embeddable":true,"href":"https:\/\/smartyplantsnursery.com\/es\/wp-json\/wp\/v2\/product_tag?post=55073"}],"curies":[{"name":"wp","href":"https:\/\/api.w.org\/{rel}","templated":true}]}}