{"id":55079,"date":"2026-02-24T18:43:48","date_gmt":"2026-02-24T18:43:48","guid":{"rendered":"https:\/\/smartyplantsnursery.com\/product\/arbusto-petardo-blanco-russelia-equisetiformis-alba\/"},"modified":"2026-02-24T18:43:48","modified_gmt":"2026-02-24T18:43:48","slug":"arbusto-petardo-blanco-russelia-equisetiformis-alba","status":"publish","type":"product","link":"https:\/\/smartyplantsnursery.com\/es\/product\/arbusto-petardo-blanco-russelia-equisetiformis-alba\/","title":{"rendered":"Arbusto petardo blanco &#8211; Russelia equisetiformis &#8216;Alba&#8217;"},"content":{"rendered":"<p><b>Usos generales en jardiner\u00eda: <\/b>Maceta, planta ejemplar<\/p>\n<p><b>Notas de restauraci\u00f3n ecol\u00f3gica: <\/b>Se utiliza en el &#8220;naturescaping&#8221; para aportar fuentes de n\u00e9ctar en entornos urbanos donde el n\u00e9ctar aut\u00f3ctono puede ser escaso.<\/p>\n<p><b>Descripci\u00f3n: <\/b>Subarbusto colgante y muy ramificado, con tallos verdes finos, tipo junco. Aunque la especie es famosa por sus flores rojas, el cultivar &#8216;Alba&#8217; presenta delicadas flores blancas. Sus &#8220;hojas&#8221; son en realidad diminutas escamas, lo que le da un aspecto ligero, aireado y de textura fina.  <\/p>\n<p><b>Dimensiones:<\/b> Altura 3 &#8211; 5 pies; Extensi\u00f3n 4 &#8211; 6 pies.<\/p>\n<p><b>Tasa de crecimiento:<\/b> r\u00e1pida<\/p>\n<p><b>\u00c1rea de distribuci\u00f3n nativa: <\/b>M\u00e9xico y Guatemala<\/p>\n<p><b>H\u00e1bitats nativos: <\/b>A menudo se encuentra en acantilados, laderas rocosas y taludes, donde puede caer de forma natural.<\/p>\n<p><b>Suelos: <\/b>Bien drenados, arena, franco, roca, neutro, ligeramente alcalino<\/p>\n<p><b>Requisitos nutricionales:<\/b> De bajos a moderados<\/p>\n<p><b>Tolerancia al agua salada:<\/b> baja<\/p>\n<p><b>Tolerancia al viento salado:<\/b> moderada<\/p>\n<p><b>Tolerancia a la sequ\u00eda:<\/b> alta<\/p>\n<p><b>Requisitos de luz:<\/b> Pleno sol a sol parcial<\/p>\n<p><b>Color de la flor:<\/b> Blanco<\/p>\n<p><b>Caracter\u00edsticas de la flor: <\/b>Flores peque\u00f1as, tubulares, en forma de campana, que cuelgan en racimos a lo largo de los tallos arqueados.<\/p>\n<p><b>Temporada de floraci\u00f3n:<\/b> Todo el a\u00f1o<\/p>\n<p><b>Fruto: <\/b>Peque\u00f1as c\u00e1psulas discretas<\/p>\n<p><b>Fauna y ecolog\u00eda: <\/b><span class=\"citation-6\">Un im\u00e1n para <\/span><span class=\"citation-6\">colibr\u00edes<\/span><span class=\"citation-6\"> y <\/span><span class=\"citation-6\">mariposas<\/span><span class=\"citation-6 citation-end-6\"> (especialmente la mariposa saltarina de cola larga).<\/span> La forma tubular est\u00e1 perfectamente adaptada a polinizadores de lengua larga.<\/p>\n<p><b>Notas hort\u00edcolas: <\/b>Se propaga por acodo, divisi\u00f3n y esquejes<\/p>\n<p><b>Comentarios:<\/b><\/p>\n","protected":false},"excerpt":{"rendered":"<p><img decoding=\"async\" class=\"alignnone size-medium wp-image-31863\" src=\"https:\/\/smartyplantsnursery.com\/wp-content\/uploads\/2023\/04\/Screen-Shot-2023-04-22-at-11.28.02-PM-300x134.png\" alt=\"Compre con confianza en el vivero Smarty Plants.\" width=\"300\" height=\"134\"><\/p>\n<div class=\"container\">\n<div class=\"table-container\">\n<table>\n<thead>\n<tr>\n<th>Tama\u00f1o de la maceta<\/th>\n<th>Altura media plantada (desde la tierra hasta la parte superior de la planta)<\/th>\n<\/tr>\n<\/thead>\n<tbody>\n<tr>\n<td>3 galones\/10&#8243;<\/td>\n<td>1 &#8211; 2 pies<\/td>\n<\/tr>\n<\/tbody>\n<\/table>\n<\/div>\n<\/div>\n","protected":false},"featured_media":54427,"comment_status":"open","ping_status":"closed","template":"","meta":[],"product_brand":[],"product_cat":[336,380,340,304,359,311,357,310,317,331,315,302,369,355,309,361,345,308,316,314,335,323,372,322,303,333,307],"product_tag":[318],"class_list":{"0":"post-55079","1":"product","2":"type-product","3":"status-publish","4":"has-post-thumbnail","6":"product_cat-acodo-aereo","7":"product_cat-alcalino","8":"product_cat-alta","9":"product_cat-arbusto","10":"product_cat-arena","11":"product_cat-baja","12":"product_cat-baja-es-3","13":"product_cat-bien-drenado","14":"product_cat-contenedor","15":"product_cat-division-es","16":"product_cat-esquejes","17":"product_cat-exotica","18":"product_cat-franco","19":"product_cat-invierno","20":"product_cat-moderada","21":"product_cat-moderada-es-4","22":"product_cat-neutro","23":"product_cat-otono","24":"product_cat-pequena","25":"product_cat-planta-de-especimen","26":"product_cat-pleno-sol","27":"product_cat-primavera","28":"product_cat-racimo","29":"product_cat-rapido","30":"product_cat-sol-parcial","31":"product_cat-tubular-es","32":"product_cat-verano","33":"product_tag-blanco","34":"pa_pot-size-3-galones-10","37":"first","38":"instock","39":"taxable","40":"shipping-taxable","41":"purchasable","42":"product-type-variable"},"aioseo_notices":[],"_links":{"self":[{"href":"https:\/\/smartyplantsnursery.com\/es\/wp-json\/wp\/v2\/product\/55079","targetHints":{"allow":["GET"]}}],"collection":[{"href":"https:\/\/smartyplantsnursery.com\/es\/wp-json\/wp\/v2\/product"}],"about":[{"href":"https:\/\/smartyplantsnursery.com\/es\/wp-json\/wp\/v2\/types\/product"}],"replies":[{"embeddable":true,"href":"https:\/\/smartyplantsnursery.com\/es\/wp-json\/wp\/v2\/comments?post=55079"}],"wp:featuredmedia":[{"embeddable":true,"href":"https:\/\/smartyplantsnursery.com\/es\/wp-json\/wp\/v2\/media\/54427"}],"wp:attachment":[{"href":"https:\/\/smartyplantsnursery.com\/es\/wp-json\/wp\/v2\/media?parent=55079"}],"wp:term":[{"taxonomy":"product_brand","embeddable":true,"href":"https:\/\/smartyplantsnursery.com\/es\/wp-json\/wp\/v2\/product_brand?post=55079"},{"taxonomy":"product_cat","embeddable":true,"href":"https:\/\/smartyplantsnursery.com\/es\/wp-json\/wp\/v2\/product_cat?post=55079"},{"taxonomy":"product_tag","embeddable":true,"href":"https:\/\/smartyplantsnursery.com\/es\/wp-json\/wp\/v2\/product_tag?post=55079"}],"curies":[{"name":"wp","href":"https:\/\/api.w.org\/{rel}","templated":true}]}}