{"id":55080,"date":"2026-02-20T18:40:40","date_gmt":"2026-02-20T18:40:40","guid":{"rendered":"https:\/\/smartyplantsnursery.com\/product\/yellowtop-flaveria-linearis\/"},"modified":"2026-02-20T18:40:40","modified_gmt":"2026-02-20T18:40:40","slug":"yellowtop-flaveria-linearis","status":"publish","type":"product","link":"https:\/\/smartyplantsnursery.com\/es\/product\/yellowtop-flaveria-linearis\/","title":{"rendered":"Yellowtop &#8211; Flaveria linearis"},"content":{"rendered":"<p><b>Usos generales en el paisaje:<\/b> Jardines de flores silvestres.<\/p>\n<p><b>Descripci\u00f3n:<\/b> Hierba peque\u00f1a a mediana, con hojas estrechas y atractivas cabezuelas de flores amarillas.<\/p>\n<p><b>Dimensiones:<\/b> Aproximadamente 1-2 pies de altura. Se extiende y forma matas m\u00e1s anchas que altas. <\/p>\n<p><b>Tasa de crecimiento:<\/b> De moderada a r\u00e1pida.<\/p>\n<p><b>Distribuci\u00f3n:<\/b> Desde los Cayos del condado de Monroe hacia el norte hasta los condados de Flagler, Taylor y Franklin; Antillas, sur de M\u00e9xico y Centroam\u00e9rica.<\/p>\n<p><b>H\u00e1bitats:<\/b> Pinares, praderas y zonas costeras elevadas abiertas.<\/p>\n<p><b>Suelos:<\/b> Suelos h\u00famedos, bien drenados a estacionalmente inundados, de agua dulce o salobres, sin humus.<\/p>\n<p><b>Requisitos nutricionales:<\/b> Bajos; crece en suelos pobres en nutrientes.<\/p>\n<p><b>Tolerancia al agua salada:<\/b> Moderada; tolera agua salobre o inundaciones ocasionales por agua salada.<\/p>\n<p><b>Tolerancia al viento salino:<\/b> L\u00ednea secundaria; tolera un viento salino significativo sin sufrir da\u00f1os, pero generalmente est\u00e1 algo protegido.<\/p>\n<p><b>Tolerancia a la sequ\u00eda:<\/b> Alta; no requiere agua suplementaria una vez establecida.<\/p>\n<p><b>Requisitos de luz:<\/b> Pleno sol.<\/p>\n<p><b>Color de la flor:<\/b> amarillo.<\/p>\n<p><b>Caracter\u00edsticas de la flor:<\/b> Llamativos racimos de flores del disco.<\/p>\n<p><b>Temporada de floraci\u00f3n:<\/b> Todo el a\u00f1o; pico en verano-oto\u00f1o.<\/p>\n<p><b>Fruto:<\/b> Aquenio discreto.<\/p>\n<p><b>Fauna y ecolog\u00eda:<\/b> <b>Planta nectar\u00edfera<\/b> para cassius blue (<i>Leptotes cassius<\/i>), Dorantes longtail (<i>Urbanus dorantes<\/i>), eufala skipper (<i>Lerodea eufala<\/i>), field skipper (<i>Atalopedes campestris<\/i>), Florida duskywing (<i>Ephyriades brunneus<\/i>), Florida white (<i>Appias drusilla<\/i>), great southern white (<i>Ascia monuste<\/i>), julia (<i>Dryas iulia<\/i>), large orange sulphur (<i>Phoebis agarithe<\/i>), martial scrub-hairstreak (<i>Strymon martialis<\/i>), monk skipper (<i>Asbolis capucinus<\/i>), obscure skipper (<i>Panoquina panoquinoides<\/i>), Palatka skipper (<i>Euphyes pilatka<\/i>), red-banded hairstreak (<i>Calycopis cecrops<\/i>), sachem (<i>Atalopedes campestris<\/i>), southern broken-dash (<i>Wallengrenia otho<\/i>), three-spotted skipper (<i>Cymaenes tripunctus<\/i>), twin-spot skipper (<i>Oligorio maculata<\/i>), zarucco duskywing (<i>Erymis zarucco<\/i>) y otras mariposas. Atrae a abejas polinizadoras. <\/p>\n<p><b>Notas hort\u00edcolas:<\/b> Se puede cultivar a partir de semillas o, a veces, por divisi\u00f3n.<\/p>\n<p><b>Comentarios:<\/b><\/p>\n","protected":false},"excerpt":{"rendered":"<p><img decoding=\"async\" class=\"alignnone size-medium wp-image-31863\" src=\"https:\/\/smartyplantsnursery.com\/wp-content\/uploads\/2023\/04\/Screen-Shot-2023-04-22-at-11.28.02-PM-300x134.png\" alt=\"Compre con confianza en el vivero Smarty Plants.\" width=\"300\" height=\"134\"><\/p>\n<div class=\"container\">\n<div class=\"table-container\">\n<table>\n<thead>\n<tr>\n<th>Tama\u00f1o de la maceta<\/th>\n<th>Altura media plantada (desde la tierra hasta la parte superior de la planta)<\/th>\n<\/tr>\n<\/thead>\n<tbody>\n<tr>\n<td>1 gal\u00f3n\/6&#8243;<\/td>\n<td>0 &#8211; 1 ft.<\/td>\n<\/tr>\n<\/tbody>\n<\/table>\n<\/div>\n<\/div>\n","protected":false},"featured_media":54409,"comment_status":"open","ping_status":"closed","template":"","meta":[],"product_brand":[59,60],"product_cat":[340,357,310,331,393,355,324,361,360,326,341,308,358,335,323,372,322,330,307],"product_tag":[],"class_list":{"0":"post-55080","1":"product","2":"type-product","3":"status-publish","4":"has-post-thumbnail","6":"product_brand-fann","7":"product_brand-fnps","8":"product_cat-alta","9":"product_cat-baja-es-3","10":"product_cat-bien-drenado","11":"product_cat-division-es","12":"product_cat-flor-silvestre","13":"product_cat-invierno","14":"product_cat-llamativo","15":"product_cat-moderada-es-4","16":"product_cat-moderada-es-3","17":"product_cat-moderada-es-2","18":"product_cat-nativo","19":"product_cat-otono","20":"product_cat-plantas-para-mariposas-plantas-para-polinizadores","21":"product_cat-pleno-sol","22":"product_cat-primavera","23":"product_cat-racimo","24":"product_cat-rapido","25":"product_cat-semilla","26":"product_cat-verano","27":"pa_pot-size-1-galon-6","30":"first","31":"instock","32":"taxable","33":"shipping-taxable","34":"purchasable","35":"product-type-variable"},"aioseo_notices":[],"_links":{"self":[{"href":"https:\/\/smartyplantsnursery.com\/es\/wp-json\/wp\/v2\/product\/55080","targetHints":{"allow":["GET"]}}],"collection":[{"href":"https:\/\/smartyplantsnursery.com\/es\/wp-json\/wp\/v2\/product"}],"about":[{"href":"https:\/\/smartyplantsnursery.com\/es\/wp-json\/wp\/v2\/types\/product"}],"replies":[{"embeddable":true,"href":"https:\/\/smartyplantsnursery.com\/es\/wp-json\/wp\/v2\/comments?post=55080"}],"wp:featuredmedia":[{"embeddable":true,"href":"https:\/\/smartyplantsnursery.com\/es\/wp-json\/wp\/v2\/media\/54409"}],"wp:attachment":[{"href":"https:\/\/smartyplantsnursery.com\/es\/wp-json\/wp\/v2\/media?parent=55080"}],"wp:term":[{"taxonomy":"product_brand","embeddable":true,"href":"https:\/\/smartyplantsnursery.com\/es\/wp-json\/wp\/v2\/product_brand?post=55080"},{"taxonomy":"product_cat","embeddable":true,"href":"https:\/\/smartyplantsnursery.com\/es\/wp-json\/wp\/v2\/product_cat?post=55080"},{"taxonomy":"product_tag","embeddable":true,"href":"https:\/\/smartyplantsnursery.com\/es\/wp-json\/wp\/v2\/product_tag?post=55080"}],"curies":[{"name":"wp","href":"https:\/\/api.w.org\/{rel}","templated":true}]}}