{"id":55089,"date":"2026-02-27T14:54:13","date_gmt":"2026-02-27T14:54:13","guid":{"rendered":"https:\/\/smartyplantsnursery.com\/product\/fertilizante-multiuso-vigoro-10-10-10-de-40-lb-para-plantas-y-jardines\/"},"modified":"2026-02-27T14:54:13","modified_gmt":"2026-02-27T14:54:13","slug":"fertilizante-multiuso-vigoro-10-10-10-de-40-lb-para-plantas-y-jardines","status":"publish","type":"product","link":"https:\/\/smartyplantsnursery.com\/es\/product\/fertilizante-multiuso-vigoro-10-10-10-de-40-lb-para-plantas-y-jardines\/","title":{"rendered":"Fertilizante multiuso Vigoro 10-10-10 de 40 lb para plantas y jardines"},"content":{"rendered":"<div class=\"sui-flex sui-flex-col sui-gap-2\">\n<p>Este fertilizante multiuso para plantas Vigoro de 40 lb es ideal para cultivar jardines m\u00e1s grandes, vistosos y mejores. Mejora tu rutina de cuidado de plantas de exterior a\u00f1adiendo este alimento multiuso a huertos, \u00e1rboles, parterres, arbustos y setos. Su f\u00f3rmula equilibrada 10-10-10 NPK (Nitr\u00f3geno, F\u00f3sforo y Potasio) proporciona nutrientes esenciales a las plantas de exterior para que prosperen y desarrollen sistemas radiculares profundos. Utiliza este alimento para plantas para cultivar cosechas como tomates y pimientos, y para alimentar ornamentales como rosales y helechos. Los \u00e1rboles reci\u00e9n plantados y los populares arbustos de hoja perenne tambi\u00e9n se beneficiar\u00e1n del fertilizante multiuso para plantas de Vigoro. Consulta siempre la parte trasera del saco para conocer las dosis de fertilizaci\u00f3n recomendadas.      <\/p>\n<\/div>\n<div>\n<h3 class=\"sui-h3-bold sui-line-clamp-unset sui-font-normal sui-text-primary\">Caracter\u00edsticas destacadas<\/h3>\n<ul class=\"sui-w-full sui-list-disc sui-px-6 sui-flex sui-flex-col sui-gap-2 sui-mt-2\" data-testid=\"bullet-list\">\n<li data-testid=\"bullet-list-item\">Fertilizante multiuso para el cuidado general de plantas de exterior<\/li>\n<li data-testid=\"bullet-list-item\">\u00dasalo en huertos, \u00e1rboles, parterres, arbustos y setos<\/li>\n<li data-testid=\"bullet-list-item\">Formulaci\u00f3n NPK equilibrada 10-10-10<\/li>\n<li data-testid=\"bullet-list-item\">Nutrientes esenciales que promueven la salud de las plantas y desarrollan sistemas radiculares profundos<\/li>\n<li data-testid=\"bullet-list-item\">Cubre hasta 370 metros cuadrados<\/li>\n<li data-testid=\"bullet-list-item\">Consulta el saco para conocer las tasas de cuidado de plantas y fertilizaci\u00f3n<\/li>\n<li data-testid=\"bullet-list-item\">No apto para c\u00e9sped<\/li>\n<\/ul>\n<\/div>\n","protected":false},"excerpt":{"rendered":"<p>Este fertilizante multiuso para plantas Vigoro de 40 lb es ideal para cultivar jardines m\u00e1s grandes, vistosos y mejores. Mejora tu rutina de cuidado de plantas de exterior a\u00f1adiendo este alimento multiuso a huertos, \u00e1rboles, parterres, arbustos y setos. Su f\u00f3rmula equilibrada 10-10-10 NPK (Nitr\u00f3geno, F\u00f3sforo y Potasio) proporciona nutrientes esenciales a las plantas de [&hellip;]<\/p>\n","protected":false},"featured_media":54479,"comment_status":"open","ping_status":"closed","template":"","meta":[],"product_brand":[],"product_cat":[470],"product_tag":[],"class_list":{"0":"post-55089","1":"product","2":"type-product","3":"status-publish","4":"has-post-thumbnail","6":"product_cat-fertilizante","9":"first","10":"instock","11":"taxable","12":"shipping-taxable","13":"purchasable","14":"product-type-variable"},"aioseo_notices":[],"_links":{"self":[{"href":"https:\/\/smartyplantsnursery.com\/es\/wp-json\/wp\/v2\/product\/55089","targetHints":{"allow":["GET"]}}],"collection":[{"href":"https:\/\/smartyplantsnursery.com\/es\/wp-json\/wp\/v2\/product"}],"about":[{"href":"https:\/\/smartyplantsnursery.com\/es\/wp-json\/wp\/v2\/types\/product"}],"replies":[{"embeddable":true,"href":"https:\/\/smartyplantsnursery.com\/es\/wp-json\/wp\/v2\/comments?post=55089"}],"wp:featuredmedia":[{"embeddable":true,"href":"https:\/\/smartyplantsnursery.com\/es\/wp-json\/wp\/v2\/media\/54479"}],"wp:attachment":[{"href":"https:\/\/smartyplantsnursery.com\/es\/wp-json\/wp\/v2\/media?parent=55089"}],"wp:term":[{"taxonomy":"product_brand","embeddable":true,"href":"https:\/\/smartyplantsnursery.com\/es\/wp-json\/wp\/v2\/product_brand?post=55089"},{"taxonomy":"product_cat","embeddable":true,"href":"https:\/\/smartyplantsnursery.com\/es\/wp-json\/wp\/v2\/product_cat?post=55089"},{"taxonomy":"product_tag","embeddable":true,"href":"https:\/\/smartyplantsnursery.com\/es\/wp-json\/wp\/v2\/product_tag?post=55089"}],"curies":[{"name":"wp","href":"https:\/\/api.w.org\/{rel}","templated":true}]}}