{"id":55098,"date":"2026-02-27T18:04:17","date_gmt":"2026-02-27T18:04:17","guid":{"rendered":"https:\/\/smartyplantsnursery.com\/product\/croton-codiaeum-variegatum-piecrust\/"},"modified":"2026-04-06T14:04:40","modified_gmt":"2026-04-06T14:04:40","slug":"croton-codiaeum-variegatum-piecrust","status":"publish","type":"product","link":"https:\/\/smartyplantsnursery.com\/es\/product\/croton-codiaeum-variegatum-piecrust\/","title":{"rendered":"Croton &#8211; Codiaeum variegatum &#8216;Piecrust&#8217;"},"content":{"rendered":"<p><b>Usos paisaj\u00edsticos generales: <\/b>Se utiliza principalmente como arbusto ornamental vibrante, seto formal o informal, o en plantaciones masivas para proporcionar color durante todo el a\u00f1o. Tambi\u00e9n funciona excepcionalmente bien como planta de contenedor para patios o espacios interiores luminosos. <\/p>\n<p><b>Notas sobre restauraci\u00f3n ecol\u00f3gica: <\/b>Al ser una especie ornamental no nativa del sudeste asi\u00e1tico, no se utiliza para restauraci\u00f3n ecol\u00f3gica.<\/p>\n<p><b>Descripci\u00f3n: <\/b>Arbusto perenne con hojas alargadas y el\u00edpticas. El follaje es variegado con toques de amarillo, naranja y rojo sobre una base verde oscura, caracterizado por sus distintivos bordes ondulados tipo &#8220;piecrust&#8221;. <\/p>\n<p><b>Dimensiones: <\/b>Altura 0,9 &#8211; 1,8 m; Ancho 0,6 &#8211; 1,2 m.<\/p>\n<p><b>Tasa de crecimiento:<\/b> moderada<\/p>\n<p><b>Distribuci\u00f3n nativa: <\/b>Indonesia, Malasia y Australia<\/p>\n<p><b>H\u00e1bitats nativos: <\/b>Bosques tropicales y matorrales abiertos<\/p>\n<p><b>Suelos:<\/b> Bien drenados<\/p>\n<p><b>Requisitos nutricionales:<\/b> moderados<\/p>\n<p><b>Tolerancia al agua salada:<\/b> baja<\/p>\n<p><b>Tolerancia al viento salado:<\/b> moderada<\/p>\n<p><b>Tolerancia a la sequ\u00eda:<\/b> moderada<\/p>\n<p><b>Requisitos de luz:<\/b> Pleno sol a sol parcial<\/p>\n<p><b>Color de la flor:<\/b> Blanco<\/p>\n<p><b>Caracter\u00edsticas de la flor: <\/b>Flores diminutas en forma de estrella producidas en racimos largos y colgantes<\/p>\n<p><b>Temporada de floraci\u00f3n:<\/b> Primavera a verano<\/p>\n<p><b>Fruto: <\/b>C\u00e1psulas peque\u00f1as e inconspicuas<\/p>\n<p><b>Fauna y ecolog\u00eda: <\/b>Proporciona refugio para peque\u00f1os animales de jard\u00edn y lagartijas. No es una fuente significativa de n\u00e9ctar para polinizadores. <\/p>\n<p><b>Notas de horticultura:<\/b> Se cultiva a partir de esquejes, acodo a\u00e9reo<\/p>\n<p><b>Comentarios:<\/b><\/p>\n","protected":false},"excerpt":{"rendered":"<p><img fetchpriority=\"high\" decoding=\"async\" class=\"alignnone size-medium wp-image-54744\" src=\"https:\/\/smartyplantsnursery.com\/wp-content\/uploads\/2023\/04\/Screenshot-2026-03-03-at-2.22.47-PM-300x185.webp\" alt=\"\" width=\"300\" height=\"185\"><\/p>\n<div class=\"container\">\n<div class=\"table-container\">\n<table>\n<thead>\n<tr>\n<th>Tama\u00f1o de la maceta<\/th>\n<th>Altura media plantada (desde la tierra hasta la parte superior de la planta)<\/th>\n<\/tr>\n<\/thead>\n<tbody>\n<tr>\n<td>3 galones\/10&#8243;<\/td>\n<td>1 &#8211; 2 pies<\/td>\n<\/tr>\n<\/tbody>\n<\/table>\n<\/div>\n<\/div>\n","protected":false},"featured_media":54618,"comment_status":"open","ping_status":"closed","template":"","meta":[],"product_brand":[],"product_cat":[336,304,311,310,317,315,302,361,309,313,326,316,334,335,323,332,303,307],"product_tag":[318],"class_list":{"0":"post-55098","1":"product","2":"type-product","3":"status-publish","4":"has-post-thumbnail","6":"product_cat-acodo-aereo","7":"product_cat-arbusto","8":"product_cat-baja","9":"product_cat-bien-drenado","10":"product_cat-contenedor","11":"product_cat-esquejes","12":"product_cat-exotica","13":"product_cat-moderada-es-4","14":"product_cat-moderada","15":"product_cat-moderada-es","16":"product_cat-moderada-es-2","17":"product_cat-pequena","18":"product_cat-planta-de-acento","19":"product_cat-pleno-sol","20":"product_cat-primavera","21":"product_cat-seto","22":"product_cat-sol-parcial","23":"product_cat-verano","24":"product_tag-blanco","25":"pa_pot-size-3-galones-10","28":"first","29":"instock","30":"taxable","31":"shipping-taxable","32":"purchasable","33":"product-type-variable"},"aioseo_notices":[],"_links":{"self":[{"href":"https:\/\/smartyplantsnursery.com\/es\/wp-json\/wp\/v2\/product\/55098","targetHints":{"allow":["GET"]}}],"collection":[{"href":"https:\/\/smartyplantsnursery.com\/es\/wp-json\/wp\/v2\/product"}],"about":[{"href":"https:\/\/smartyplantsnursery.com\/es\/wp-json\/wp\/v2\/types\/product"}],"replies":[{"embeddable":true,"href":"https:\/\/smartyplantsnursery.com\/es\/wp-json\/wp\/v2\/comments?post=55098"}],"wp:featuredmedia":[{"embeddable":true,"href":"https:\/\/smartyplantsnursery.com\/es\/wp-json\/wp\/v2\/media\/54618"}],"wp:attachment":[{"href":"https:\/\/smartyplantsnursery.com\/es\/wp-json\/wp\/v2\/media?parent=55098"}],"wp:term":[{"taxonomy":"product_brand","embeddable":true,"href":"https:\/\/smartyplantsnursery.com\/es\/wp-json\/wp\/v2\/product_brand?post=55098"},{"taxonomy":"product_cat","embeddable":true,"href":"https:\/\/smartyplantsnursery.com\/es\/wp-json\/wp\/v2\/product_cat?post=55098"},{"taxonomy":"product_tag","embeddable":true,"href":"https:\/\/smartyplantsnursery.com\/es\/wp-json\/wp\/v2\/product_tag?post=55098"}],"curies":[{"name":"wp","href":"https:\/\/api.w.org\/{rel}","templated":true}]}}