{"id":55104,"date":"2026-02-27T18:41:50","date_gmt":"2026-02-27T18:41:50","guid":{"rendered":"https:\/\/smartyplantsnursery.com\/product\/pala-de-cavar-fiskars-de-57-con-mango-largo\/"},"modified":"2026-02-27T18:41:50","modified_gmt":"2026-02-27T18:41:50","slug":"pala-de-cavar-fiskars-de-57-con-mango-largo","status":"publish","type":"product","link":"https:\/\/smartyplantsnursery.com\/es\/product\/pala-de-cavar-fiskars-de-57-con-mango-largo\/","title":{"rendered":"Pala de cavar Fiskars de 57&#8243; con mango largo"},"content":{"rendered":"<div class=\"sui-flex sui-flex-col sui-gap-2\">\n<p>Esta pala totalmente de acero es la herramienta perfecta para todas tus necesidades de excavaci\u00f3n intensiva. La hoja afilada corta la tierra dura con facilidad, y el escal\u00f3n sobredimensionado ofrece una plataforma c\u00f3moda para el pie para maximizar la fuerza al cavar. La construcci\u00f3n de acero soldado hace que esta pala sea pr\u00e1cticamente irrompible, y el recubrimiento en polvo evita el \u00f3xido y facilita mantener la pala limpia. Adem\u00e1s, incluye un mango acolchado con forma de l\u00e1grima para ayudar a reducir la fatiga de las manos. Garant\u00eda de por vida.    <\/p>\n<\/div>\n<div>\n<h3 class=\"sui-h3-bold sui-line-clamp-unset sui-font-normal sui-text-primary\">Caracter\u00edsticas destacadas<\/h3>\n<ul class=\"sui-w-full sui-list-disc sui-px-6 sui-flex sui-flex-col sui-gap-2 sui-mt-2\" data-testid=\"bullet-list\">\n<li data-testid=\"bullet-list-item\">Dimensiones montada: 8,97&#8243; de ancho x 3,25&#8243; de fondo x 57,29&#8243; de alto   <\/li>\n<li data-testid=\"bullet-list-item\">La hoja afilada y la amplia plataforma para el pie facilitan cavar incluso en la tierra m\u00e1s dura<\/li>\n<li data-testid=\"bullet-list-item\">La construcci\u00f3n soldada, totalmente de acero, ofrece una durabilidad prolongada<\/li>\n<li data-testid=\"bullet-list-item\">El dise\u00f1o de acero con recubrimiento en polvo evita el \u00f3xido y facilita limpiarla tras su uso<\/li>\n<li data-testid=\"bullet-list-item\">El mango acolchado y de dise\u00f1o ergon\u00f3mico ofrece un uso c\u00f3modo y un agarre excelente<\/li>\n<li data-testid=\"bullet-list-item\">Ideal para una gran variedad de tareas de excavaci\u00f3n<\/li>\n<li data-testid=\"bullet-list-item\">El acero con recubrimiento en polvo resiste el \u00f3xido y facilita la limpieza<\/li>\n<li data-testid=\"bullet-list-item\">Longitud: 57 1\/2&#8243;<\/li>\n<\/ul>\n<\/div>\n","protected":false},"excerpt":{"rendered":"<p>Esta pala totalmente de acero es la herramienta perfecta para todas tus necesidades de excavaci\u00f3n intensiva. La hoja afilada corta la tierra dura con facilidad, y el escal\u00f3n sobredimensionado ofrece una plataforma c\u00f3moda para el pie para maximizar la fuerza al cavar. La construcci\u00f3n de acero soldado hace que esta pala sea pr\u00e1cticamente irrompible, y [&hellip;]<\/p>\n","protected":false},"featured_media":54624,"comment_status":"open","ping_status":"closed","template":"","meta":[],"product_brand":[],"product_cat":[471],"product_tag":[],"class_list":{"0":"post-55104","1":"product","2":"type-product","3":"status-publish","4":"has-post-thumbnail","6":"product_cat-herramientas","9":"first","10":"instock","11":"taxable","12":"shipping-taxable","13":"purchasable","14":"product-type-simple"},"aioseo_notices":[],"_links":{"self":[{"href":"https:\/\/smartyplantsnursery.com\/es\/wp-json\/wp\/v2\/product\/55104","targetHints":{"allow":["GET"]}}],"collection":[{"href":"https:\/\/smartyplantsnursery.com\/es\/wp-json\/wp\/v2\/product"}],"about":[{"href":"https:\/\/smartyplantsnursery.com\/es\/wp-json\/wp\/v2\/types\/product"}],"replies":[{"embeddable":true,"href":"https:\/\/smartyplantsnursery.com\/es\/wp-json\/wp\/v2\/comments?post=55104"}],"wp:featuredmedia":[{"embeddable":true,"href":"https:\/\/smartyplantsnursery.com\/es\/wp-json\/wp\/v2\/media\/54624"}],"wp:attachment":[{"href":"https:\/\/smartyplantsnursery.com\/es\/wp-json\/wp\/v2\/media?parent=55104"}],"wp:term":[{"taxonomy":"product_brand","embeddable":true,"href":"https:\/\/smartyplantsnursery.com\/es\/wp-json\/wp\/v2\/product_brand?post=55104"},{"taxonomy":"product_cat","embeddable":true,"href":"https:\/\/smartyplantsnursery.com\/es\/wp-json\/wp\/v2\/product_cat?post=55104"},{"taxonomy":"product_tag","embeddable":true,"href":"https:\/\/smartyplantsnursery.com\/es\/wp-json\/wp\/v2\/product_tag?post=55104"}],"curies":[{"name":"wp","href":"https:\/\/api.w.org\/{rel}","templated":true}]}}