{"id":55107,"date":"2026-02-27T15:52:46","date_gmt":"2026-02-27T15:52:46","guid":{"rendered":"https:\/\/smartyplantsnursery.com\/product\/flor-de-manta-india-gaillardia-pulchella\/"},"modified":"2026-02-27T15:52:46","modified_gmt":"2026-02-27T15:52:46","slug":"flor-de-manta-india-gaillardia-pulchella","status":"publish","type":"product","link":"https:\/\/smartyplantsnursery.com\/es\/product\/flor-de-manta-india-gaillardia-pulchella\/","title":{"rendered":"Flor de manta india &#8211; Gaillardia pulchella"},"content":{"rendered":"<p><b>Usos generales en jardiner\u00eda: <\/b>Ideal para plantaciones en masa, praderas de flores silvestres, jardines costeros y jardines de mariposas. Su tolerancia a la sal la convierte en una opci\u00f3n de primera para propiedades frente a la playa donde otras flores no prosperan. <\/p>\n<p><b>Notas de restauraci\u00f3n ecol\u00f3gica: <\/b><b data-path-to-node=\"2,1,0\" data-index-in-node=\"0\"><\/b>Se usa con frecuencia en proyectos de estabilizaci\u00f3n de dunas y restauraci\u00f3n de cunetas. Es una especie pionera que destaca colonizando suelos arenosos alterados y evitando la erosi\u00f3n. <\/p>\n<p><b>Descripci\u00f3n: <\/b>Una flor silvestre anual o perenne de vida corta, con follaje peludo verde gris\u00e1ceo y llamativas flores tipo margarita<\/p>\n<p><b>Dimensiones:<\/b> Altura 1 &#8211; 2 pies; Extensi\u00f3n 1 &#8211; 2 pies.<\/p>\n<p><b>Tasa de crecimiento:<\/b> r\u00e1pida<\/p>\n<p><b>\u00c1rea de distribuci\u00f3n nativa: <\/b>Se encuentra en todo el sur de Estados Unidos, incluida toda Florida, y se extiende a partes de M\u00e9xico.<\/p>\n<p><b>H\u00e1bitats nativos: <\/b>Dunas costeras, praderas secas, pinares llanos y zonas abiertas alteradas.<\/p>\n<p><b>Suelos: <\/b>Arena, bien drenado<\/p>\n<p><b>Requisitos nutricionales:<\/b> bajos<\/p>\n<p><b>Tolerancia al agua salada:<\/b> De baja a moderada<\/p>\n<p><b>Tolerancia al viento salado:<\/b> alta<\/p>\n<p><b>Tolerancia a la sequ\u00eda:<\/b> alta<\/p>\n<p><b>Requisitos de luz:<\/b> pleno sol<\/p>\n<p><b>Color de la flor: <\/b>Centros rojos con puntas amarillas o naranjas.<\/p>\n<p><b>Caracter\u00edsticas de la flor: <\/b>Cap\u00edtulos de 2\u20133&#8243; de ancho con flores liguladas a menudo &#8220;dentadas&#8221; en los extremos, lo que les da un aspecto desflecado.<\/p>\n<p><b>Temporada de floraci\u00f3n:<\/b> Todo el a\u00f1o<\/p>\n<p><b>Fruto: <\/b>Aquenios (semillas) peque\u00f1os y secos, en un cap\u00edtulo de semillas con forma de globo<\/p>\n<p><b>Fauna y ecolog\u00eda: <\/b>Un motor de biodiversidad. <span class=\"citation-11\">Es una fuente principal de n\u00e9ctar para <\/span><span class=\"citation-11\">abejas y mariposas nativas<\/span><span class=\"citation-11 citation-end-11\">.<\/span> Sus semillas alimentan a peque\u00f1os p\u00e1jaros cantores como los jilgueros.<\/p>\n<p><b>Notas de horticultura:<\/b> Cultivada a partir de semillas<\/p>\n<p><b>Comentarios:<\/b><\/p>\n","protected":false},"excerpt":{"rendered":"<p><img decoding=\"async\" class=\"alignnone size-medium wp-image-31863\" src=\"https:\/\/smartyplantsnursery.com\/wp-content\/uploads\/2023\/04\/Screen-Shot-2023-04-22-at-11.28.02-PM-300x134.png\" alt=\"Compre con confianza en el vivero Smarty Plants.\" width=\"300\" height=\"134\"><\/p>\n<div class=\"container\">\n<div class=\"table-container\">\n<table>\n<thead>\n<tr>\n<th>Tama\u00f1o de la maceta<\/th>\n<th>Altura media plantada (desde la tierra hasta la parte superior de la planta)<\/th>\n<\/tr>\n<\/thead>\n<tbody>\n<tr>\n<td>1 gal\u00f3n\/6&#8243;<\/td>\n<td>0 &#8211; 1 ft.<\/td>\n<\/tr>\n<\/tbody>\n<\/table>\n<\/div>\n<\/div>\n","protected":false},"featured_media":54531,"comment_status":"open","ping_status":"closed","template":"","meta":[],"product_brand":[],"product_cat":[362,340,359,311,357,310,302,393,355,324,360,308,358,335,323,322,330,307],"product_tag":[319,351,350],"class_list":{"0":"post-55107","1":"product","2":"type-product","3":"status-publish","4":"has-post-thumbnail","6":"product_cat-alta-es-2","7":"product_cat-alta","8":"product_cat-arena","9":"product_cat-baja","10":"product_cat-baja-es-3","11":"product_cat-bien-drenado","12":"product_cat-exotica","13":"product_cat-flor-silvestre","14":"product_cat-invierno","15":"product_cat-llamativo","16":"product_cat-moderada-es-3","17":"product_cat-otono","18":"product_cat-plantas-para-mariposas-plantas-para-polinizadores","19":"product_cat-pleno-sol","20":"product_cat-primavera","21":"product_cat-rapido","22":"product_cat-semilla","23":"product_cat-verano","24":"product_tag-amarillo","25":"product_tag-naranja","26":"product_tag-rojo","27":"pa_pot-size-1-galon-6","30":"first","31":"instock","32":"taxable","33":"shipping-taxable","34":"purchasable","35":"product-type-variable"},"aioseo_notices":[],"_links":{"self":[{"href":"https:\/\/smartyplantsnursery.com\/es\/wp-json\/wp\/v2\/product\/55107","targetHints":{"allow":["GET"]}}],"collection":[{"href":"https:\/\/smartyplantsnursery.com\/es\/wp-json\/wp\/v2\/product"}],"about":[{"href":"https:\/\/smartyplantsnursery.com\/es\/wp-json\/wp\/v2\/types\/product"}],"replies":[{"embeddable":true,"href":"https:\/\/smartyplantsnursery.com\/es\/wp-json\/wp\/v2\/comments?post=55107"}],"wp:featuredmedia":[{"embeddable":true,"href":"https:\/\/smartyplantsnursery.com\/es\/wp-json\/wp\/v2\/media\/54531"}],"wp:attachment":[{"href":"https:\/\/smartyplantsnursery.com\/es\/wp-json\/wp\/v2\/media?parent=55107"}],"wp:term":[{"taxonomy":"product_brand","embeddable":true,"href":"https:\/\/smartyplantsnursery.com\/es\/wp-json\/wp\/v2\/product_brand?post=55107"},{"taxonomy":"product_cat","embeddable":true,"href":"https:\/\/smartyplantsnursery.com\/es\/wp-json\/wp\/v2\/product_cat?post=55107"},{"taxonomy":"product_tag","embeddable":true,"href":"https:\/\/smartyplantsnursery.com\/es\/wp-json\/wp\/v2\/product_tag?post=55107"}],"curies":[{"name":"wp","href":"https:\/\/api.w.org\/{rel}","templated":true}]}}