{"id":55110,"date":"2026-02-27T19:06:30","date_gmt":"2026-02-27T19:06:30","guid":{"rendered":"https:\/\/smartyplantsnursery.com\/product\/adelfa-nerium-oleander-dwarf\/"},"modified":"2026-02-27T19:06:30","modified_gmt":"2026-02-27T19:06:30","slug":"adelfa-nerium-oleander-dwarf","status":"publish","type":"product","link":"https:\/\/smartyplantsnursery.com\/es\/product\/adelfa-nerium-oleander-dwarf\/","title":{"rendered":"Adelfa &#8211; Nerium oleander &#8216;Dwarf&#8217;"},"content":{"rendered":"<p><b>Usos generales en paisajismo: <\/b>Excelente para setos bajos, plantaciones de base o como tapizante colorida para \u00e1reas grandes. Al mantenerse baja, es perfecta para plantar bajo ventanas o por senderos donde la visibilidad es importante. <\/p>\n<p><b>Notas de restauraci\u00f3n ecol\u00f3gica: <\/b>Aunque es resistente y sobrevive con recursos m\u00ednimos, no proporciona el h\u00e1bitat especializado ni las fuentes de alimento necesarias para la restauraci\u00f3n de ecosistemas locales.<\/p>\n<p><b>Descripci\u00f3n: <\/b>Arbusto perennifolio denso con forma redondeada natural. Las hojas son m\u00e1s estrechas y cortas que las variedades est\u00e1ndar, pero conservan la misma textura cori\u00e1cea de color verde oscuro. <\/p>\n<p><b>Dimensiones: <\/b>Altura 3-5 ft; Envergadura 3-5 ft<\/p>\n<p><b>Tasa de crecimiento:<\/b> moderada<\/p>\n<p><b>\u00c1rea de origen: <\/b>Derivada de especies nativas del Mediterr\u00e1neo y Asia<\/p>\n<p><b>H\u00e1bitats naturales: <\/b>Adaptada a suelos secos y rocosos y a acantilados costeros<\/p>\n<p><b>Suelos:<\/b> Bien drenados, arena<\/p>\n<p><b>Requisitos nutricionales:<\/b> bajos<\/p>\n<p><b>Tolerancia al agua salada:<\/b> baja<\/p>\n<p><b>Tolerancia al viento salado:<\/b> alta<\/p>\n<p><b>Tolerancia a la sequ\u00eda:<\/b> alta<\/p>\n<p><b>Requisitos de luz:<\/b> Pleno sol<\/p>\n<p><b>Color de la flor:<\/b> Rosa<\/p>\n<p><b>Caracter\u00edsticas de la flor: <\/b><span class=\"citation-79 citation-end-79\">Flores simples de 5 p\u00e9talos producidas en racimos.<\/span> Las flores son ligeramente m\u00e1s peque\u00f1as que las de la &#8216;Calypso&#8217; de tama\u00f1o est\u00e1ndar<\/p>\n<p><b>Temporada de floraci\u00f3n:<\/b> Todo el a\u00f1o<\/p>\n<p><b>Fruto: <\/b>Vainas de semillas largas<\/p>\n<p><b>Fauna y ecolog\u00eda: <\/b>T\u00f3xica para aves, mam\u00edferos y humanos.<\/p>\n<p><b>Notas de horticultura:<\/b> Se cultiva a partir de esquejes<\/p>\n<p><b>Comentarios:<\/b><\/p>\n","protected":false},"excerpt":{"rendered":"<p><img decoding=\"async\" class=\"alignnone size-medium wp-image-31863\" src=\"https:\/\/smartyplantsnursery.com\/wp-content\/uploads\/2023\/04\/Screen-Shot-2023-04-22-at-11.28.02-PM-300x134.png\" alt=\"Compre con confianza en el vivero Smarty Plants.\" width=\"300\" height=\"134\"><\/p>\n<div class=\"container\">\n<div class=\"table-container\">\n<table>\n<thead>\n<tr>\n<th>Tama\u00f1o de la maceta<\/th>\n<th>Altura media plantada (desde la tierra hasta la parte superior de la planta)<\/th>\n<\/tr>\n<\/thead>\n<tbody>\n<tr>\n<td>3 galones\/10&#8243;<\/td>\n<td>1 &#8211; 2 pies<\/td>\n<\/tr>\n<\/tbody>\n<\/table>\n<\/div>\n<\/div>\n","protected":false},"featured_media":54642,"comment_status":"open","ping_status":"closed","template":"","meta":[],"product_brand":[],"product_cat":[340,362,304,359,311,357,310,321,315,302,355,326,308,335,323,372,332,307],"product_tag":[352],"class_list":{"0":"post-55110","1":"product","2":"type-product","3":"status-publish","4":"has-post-thumbnail","6":"product_cat-alta","7":"product_cat-alta-es-2","8":"product_cat-arbusto","9":"product_cat-arena","10":"product_cat-baja","11":"product_cat-baja-es-3","12":"product_cat-bien-drenado","13":"product_cat-cobertura-del-suelo","14":"product_cat-esquejes","15":"product_cat-exotica","16":"product_cat-invierno","17":"product_cat-moderada-es-2","18":"product_cat-otono","19":"product_cat-pleno-sol","20":"product_cat-primavera","21":"product_cat-racimo","22":"product_cat-seto","23":"product_cat-verano","24":"product_tag-rosa","25":"pa_pot-size-3-galones-10","28":"first","29":"instock","30":"taxable","31":"shipping-taxable","32":"purchasable","33":"product-type-variable"},"aioseo_notices":[],"_links":{"self":[{"href":"https:\/\/smartyplantsnursery.com\/es\/wp-json\/wp\/v2\/product\/55110","targetHints":{"allow":["GET"]}}],"collection":[{"href":"https:\/\/smartyplantsnursery.com\/es\/wp-json\/wp\/v2\/product"}],"about":[{"href":"https:\/\/smartyplantsnursery.com\/es\/wp-json\/wp\/v2\/types\/product"}],"replies":[{"embeddable":true,"href":"https:\/\/smartyplantsnursery.com\/es\/wp-json\/wp\/v2\/comments?post=55110"}],"wp:featuredmedia":[{"embeddable":true,"href":"https:\/\/smartyplantsnursery.com\/es\/wp-json\/wp\/v2\/media\/54642"}],"wp:attachment":[{"href":"https:\/\/smartyplantsnursery.com\/es\/wp-json\/wp\/v2\/media?parent=55110"}],"wp:term":[{"taxonomy":"product_brand","embeddable":true,"href":"https:\/\/smartyplantsnursery.com\/es\/wp-json\/wp\/v2\/product_brand?post=55110"},{"taxonomy":"product_cat","embeddable":true,"href":"https:\/\/smartyplantsnursery.com\/es\/wp-json\/wp\/v2\/product_cat?post=55110"},{"taxonomy":"product_tag","embeddable":true,"href":"https:\/\/smartyplantsnursery.com\/es\/wp-json\/wp\/v2\/product_tag?post=55110"}],"curies":[{"name":"wp","href":"https:\/\/api.w.org\/{rel}","templated":true}]}}