{"id":55111,"date":"2026-02-27T16:02:03","date_gmt":"2026-02-27T16:02:03","guid":{"rendered":"https:\/\/smartyplantsnursery.com\/product\/vigoro-bold-blooms-abono-para-plantas-con-flor-para-toda-la-temporada-159-kg-15-30-15\/"},"modified":"2026-02-27T16:02:03","modified_gmt":"2026-02-27T16:02:03","slug":"vigoro-bold-blooms-abono-para-plantas-con-flor-para-toda-la-temporada-159-kg-15-30-15","status":"publish","type":"product","link":"https:\/\/smartyplantsnursery.com\/es\/product\/vigoro-bold-blooms-abono-para-plantas-con-flor-para-toda-la-temporada-159-kg-15-30-15\/","title":{"rendered":"Vigoro Bold Blooms Abono para plantas con flor para toda la temporada 1,59 kg (15-30-15)"},"content":{"rendered":"<div class=\"sui-flex sui-flex-col sui-gap-2\">\n<p>Vigoro Bold Blooms Abono para plantas con flor es ideal para plantas anuales, perennes, rosales y otras plantas con flor. Contiene nitr\u00f3geno de liberaci\u00f3n lenta para una nutrici\u00f3n prolongada, a la vez que favorece un follaje frondoso y el m\u00e1ximo n\u00famero de flores. An\u00e1lisis del fertilizante 15-30-15.  <\/p>\n<\/div>\n<div>\n<h3 class=\"sui-h3-bold sui-line-clamp-unset sui-font-normal sui-text-primary\">Aspectos destacados<\/h3>\n<ul class=\"sui-w-full sui-list-disc sui-px-6 sui-flex sui-flex-col sui-gap-2 sui-mt-2\" data-testid=\"bullet-list\">\n<li data-testid=\"bullet-list-item\">Creado para proporcionar a las plantas un follaje completo y el m\u00e1ximo de flores<\/li>\n<li data-testid=\"bullet-list-item\">Perfecto para plantas con flor, incluidos los rosales<\/li>\n<li data-testid=\"bullet-list-item\">Formulado con nitr\u00f3geno de liberaci\u00f3n lenta para una nutrici\u00f3n prolongada<\/li>\n<li data-testid=\"bullet-list-item\">Funciona a la primera o te devolvemos el dinero<\/li>\n<li data-testid=\"bullet-list-item\">Riega a fondo y de manera uniforme despu\u00e9s de esparcir el abono<\/li>\n<li data-testid=\"bullet-list-item\">Se puede aplicar durante toda la temporada<\/li>\n<li data-testid=\"bullet-list-item\">Nutre hasta 2 meses<\/li>\n<li data-testid=\"bullet-list-item\">Se puede usar en: azalea, narcisos, gardenia, geranios, hibisco, hortensias, filodendros, poinsettias, rododendro<\/li>\n<li data-testid=\"bullet-list-item\">N-P-K: 15-30-15<\/li>\n<\/ul>\n<\/div>\n","protected":false},"excerpt":{"rendered":"<p>Vigoro Bold Blooms Abono para plantas con flor es ideal para plantas anuales, perennes, rosales y otras plantas con flor. Contiene nitr\u00f3geno de liberaci\u00f3n lenta para una nutrici\u00f3n prolongada, a la vez que favorece un follaje frondoso y el m\u00e1ximo n\u00famero de flores. An\u00e1lisis del fertilizante 15-30-15. Aspectos destacados Creado para proporcionar a las plantas [&hellip;]<\/p>\n","protected":false},"featured_media":54545,"comment_status":"open","ping_status":"closed","template":"","meta":[],"product_brand":[],"product_cat":[470],"product_tag":[],"class_list":{"0":"post-55111","1":"product","2":"type-product","3":"status-publish","4":"has-post-thumbnail","6":"product_cat-fertilizante","9":"first","10":"instock","11":"taxable","12":"shipping-taxable","13":"purchasable","14":"product-type-variable"},"aioseo_notices":[],"_links":{"self":[{"href":"https:\/\/smartyplantsnursery.com\/es\/wp-json\/wp\/v2\/product\/55111","targetHints":{"allow":["GET"]}}],"collection":[{"href":"https:\/\/smartyplantsnursery.com\/es\/wp-json\/wp\/v2\/product"}],"about":[{"href":"https:\/\/smartyplantsnursery.com\/es\/wp-json\/wp\/v2\/types\/product"}],"replies":[{"embeddable":true,"href":"https:\/\/smartyplantsnursery.com\/es\/wp-json\/wp\/v2\/comments?post=55111"}],"wp:featuredmedia":[{"embeddable":true,"href":"https:\/\/smartyplantsnursery.com\/es\/wp-json\/wp\/v2\/media\/54545"}],"wp:attachment":[{"href":"https:\/\/smartyplantsnursery.com\/es\/wp-json\/wp\/v2\/media?parent=55111"}],"wp:term":[{"taxonomy":"product_brand","embeddable":true,"href":"https:\/\/smartyplantsnursery.com\/es\/wp-json\/wp\/v2\/product_brand?post=55111"},{"taxonomy":"product_cat","embeddable":true,"href":"https:\/\/smartyplantsnursery.com\/es\/wp-json\/wp\/v2\/product_cat?post=55111"},{"taxonomy":"product_tag","embeddable":true,"href":"https:\/\/smartyplantsnursery.com\/es\/wp-json\/wp\/v2\/product_tag?post=55111"}],"curies":[{"name":"wp","href":"https:\/\/api.w.org\/{rel}","templated":true}]}}