{"id":55116,"date":"2026-02-28T17:06:00","date_gmt":"2026-02-28T17:06:00","guid":{"rendered":"https:\/\/smartyplantsnursery.com\/product\/chumbera-opuntia\/"},"modified":"2026-02-28T17:06:00","modified_gmt":"2026-02-28T17:06:00","slug":"chumbera-opuntia","status":"publish","type":"product","link":"https:\/\/smartyplantsnursery.com\/es\/product\/chumbera-opuntia\/","title":{"rendered":"Chumbera &#8211; Opuntia"},"content":{"rendered":"<p><b>Usos generales en paisajismo: <\/b><span class=\"citation-121\">Excelente para <\/span><span class=\"citation-121\">xerojardiner\u00eda<\/span><span class=\"citation-121 citation-end-121\">, rocallas y paisajes costeros.<\/span> <span class=\"citation-120\">Debido a sus espinas, sirve como una eficaz <\/span><span class=\"citation-120\">barrera de seguridad<\/span><span class=\"citation-120 citation-end-120\"> o &#8220;valla viva&#8221;.<\/span> <span class=\"citation-119 citation-end-119\">Se utiliza a menudo como un llamativo punto focal en parterres de bajo mantenimiento.<\/span><\/p>\n<p><b>Notas de restauraci\u00f3n ecol\u00f3gica: <\/b>Un componente vital para la estabilizaci\u00f3n de dunas y la restauraci\u00f3n de praderas secas. <span class=\"citation-118 citation-end-118\">Proporciona un h\u00e1bitat y alimento cr\u00edticos en entornos donde pocas plantas pueden sobrevivir.<\/span><\/p>\n<p><b>Descripci\u00f3n: <\/b><span class=\"citation-117\">Una suculenta perenne caracterizada por segmentos verdes carnosos y aplanados llamados <\/span><span class=\"citation-117\">cladodios<\/span><span class=\"citation-117 citation-end-117\"> (palas).<\/span> <span class=\"citation-116\">Estas palas est\u00e1n cubiertas de grandes espinas y cerdas con p\u00faas m\u00e1s peque\u00f1as e irritantes llamadas <\/span><span class=\"citation-116\">gloquidios<\/span><span class=\"citation-116 citation-end-116\">.<\/span><\/p>\n<p><b>Dimensiones: <\/b>Altura 2 &#8211; 3 ft; Anchura 4 &#8211; 6 ft<\/p>\n<p><b>Tasa de crecimiento:<\/b> moderada<\/p>\n<p><b>\u00c1rea nativa: <\/b>Se encuentra en toda Am\u00e9rica, incluyendo la mayor parte de los Estados Unidos y toda Florida.<\/p>\n<p><b>H\u00e1bitats nativos: <\/b><span class=\"citation-115 citation-end-115\">Dunas costeras arenosas, pinares llanos secos y matorrales.<\/span><\/p>\n<p><b>Suelos:<\/b> Bien drenados, arena<\/p>\n<p><b>Requisitos nutricionales:<\/b> bajos<\/p>\n<p><b>Tolerancia al agua salada:<\/b> moderada<\/p>\n<p><b>Tolerancia al viento salado:<\/b> alta<\/p>\n<p><b>Tolerancia a la sequ\u00eda:<\/b> alta<\/p>\n<p><b>Requisitos de luz:<\/b> pleno sol<\/p>\n<p><b>Color de la flor: <\/b>Amarillo brillante, a menudo con el centro rojo o naranja<\/p>\n<p><b>Caracter\u00edsticas de la flor: <\/b>Flores cerosas grandes en forma de copa que aparecen a lo largo de los bordes superiores de las palas.<\/p>\n<p><b>Temporada de floraci\u00f3n:<\/b> Desde finales de primavera hasta verano<\/p>\n<p><b>Fruto: <\/b><span class=\"citation-110\">Una baya roja o p\u00farpura, carnosa y comestible, conocida como <\/span><span class=\"citation-110\">&#8220;higo chumbo&#8221;<\/span><span class=\"citation-110 citation-end-110\"> o fruto de la chumbera.<\/span><\/p>\n<p><b>Fauna y ecolog\u00eda: <\/b><span class=\"citation-109\">Una planta de gran valor para los <\/span><span class=\"citation-109\">polinizadores<\/span><span class=\"citation-109 citation-end-109\">, especialmente las abejas nativas.<\/span> <span class=\"citation-108\">Los frutos son una fuente de alimento muy apreciada por las <\/span><span class=\"citation-108\">tortugas gopher<\/span><span class=\"citation-108 citation-end-108\">, iguanas y diversos p\u00e1jaros cantores.<\/span><\/p>\n<p><b>Notas de horticultura:<\/b> Se cultiva a partir de esquejes<\/p>\n<p><b>Comentarios:<\/b><\/p>\n","protected":false},"excerpt":{"rendered":"<p><img decoding=\"async\" class=\"alignnone size-medium wp-image-31863\" src=\"https:\/\/smartyplantsnursery.com\/wp-content\/uploads\/2023\/04\/Screen-Shot-2023-04-22-at-11.28.02-PM-300x134.png\" alt=\"Compre con confianza en el vivero Smarty Plants.\" width=\"300\" height=\"134\"><\/p>\n<div class=\"container\">\n<div class=\"table-container\">\n<table>\n<thead>\n<tr>\n<th>Tama\u00f1o de la maceta<\/th>\n<th>Altura media plantada (desde la tierra hasta la parte superior de la planta)<\/th>\n<\/tr>\n<\/thead>\n<tbody>\n<tr>\n<td>1 gal\u00f3n\/6&#8243;<\/td>\n<td>0,3 &#8211; 0,6 m<\/td>\n<\/tr>\n<tr>\n<td>3 galones\/10&#8243;<\/td>\n<td>2 &#8211; 3 pies<\/td>\n<\/tr>\n<\/tbody>\n<\/table>\n<\/div>\n","protected":false},"featured_media":54660,"comment_status":"open","ping_status":"closed","template":"","meta":[],"product_brand":[],"product_cat":[362,340,359,357,310,384,315,302,368,326,360,314,335,323,339,307,342],"product_tag":[319,351,350],"class_list":{"0":"post-55116","1":"product","2":"type-product","3":"status-publish","4":"has-post-thumbnail","6":"product_cat-alta-es-2","7":"product_cat-alta","8":"product_cat-arena","9":"product_cat-baja-es-3","10":"product_cat-bien-drenado","11":"product_cat-costero","12":"product_cat-esquejes","13":"product_cat-exotica","14":"product_cat-grande","15":"product_cat-moderada-es-2","16":"product_cat-moderada-es-3","17":"product_cat-planta-de-especimen","18":"product_cat-pleno-sol","19":"product_cat-primavera","20":"product_cat-suculenta","21":"product_cat-verano","22":"product_cat-xerojardin","23":"product_tag-amarillo","24":"product_tag-naranja","25":"product_tag-rojo","26":"pa_pot-size-1-galon-6","27":"pa_pot-size-3-galones-10","30":"first","31":"instock","32":"taxable","33":"shipping-taxable","34":"purchasable","35":"product-type-variable"},"aioseo_notices":[],"_links":{"self":[{"href":"https:\/\/smartyplantsnursery.com\/es\/wp-json\/wp\/v2\/product\/55116","targetHints":{"allow":["GET"]}}],"collection":[{"href":"https:\/\/smartyplantsnursery.com\/es\/wp-json\/wp\/v2\/product"}],"about":[{"href":"https:\/\/smartyplantsnursery.com\/es\/wp-json\/wp\/v2\/types\/product"}],"replies":[{"embeddable":true,"href":"https:\/\/smartyplantsnursery.com\/es\/wp-json\/wp\/v2\/comments?post=55116"}],"wp:featuredmedia":[{"embeddable":true,"href":"https:\/\/smartyplantsnursery.com\/es\/wp-json\/wp\/v2\/media\/54660"}],"wp:attachment":[{"href":"https:\/\/smartyplantsnursery.com\/es\/wp-json\/wp\/v2\/media?parent=55116"}],"wp:term":[{"taxonomy":"product_brand","embeddable":true,"href":"https:\/\/smartyplantsnursery.com\/es\/wp-json\/wp\/v2\/product_brand?post=55116"},{"taxonomy":"product_cat","embeddable":true,"href":"https:\/\/smartyplantsnursery.com\/es\/wp-json\/wp\/v2\/product_cat?post=55116"},{"taxonomy":"product_tag","embeddable":true,"href":"https:\/\/smartyplantsnursery.com\/es\/wp-json\/wp\/v2\/product_tag?post=55116"}],"curies":[{"name":"wp","href":"https:\/\/api.w.org\/{rel}","templated":true}]}}