{"id":55117,"date":"2026-02-27T16:23:44","date_gmt":"2026-02-27T16:23:44","guid":{"rendered":"https:\/\/smartyplantsnursery.com\/product\/vigoro-05-pies%c2%b3-piedra-de-rio-para-paisajismo-en-bolsa\/"},"modified":"2026-02-27T16:23:44","modified_gmt":"2026-02-27T16:23:44","slug":"vigoro-05-pies%c2%b3-piedra-de-rio-para-paisajismo-en-bolsa","status":"publish","type":"product","link":"https:\/\/smartyplantsnursery.com\/es\/product\/vigoro-05-pies%c2%b3-piedra-de-rio-para-paisajismo-en-bolsa\/","title":{"rendered":"Vigoro 0,5 pies\u00b3 Piedra de R\u00edo para Paisajismo en Bolsa"},"content":{"rendered":"<p>Mejora el aspecto de tu jard\u00edn con las Piedras de R\u00edo Vigoro de 0,5 pies\u00b3. Utiliza las piedras para paisajismo alrededor de \u00e1rboles, arbustos, terrazas o caminos de entrada para realzar tu jard\u00edn. Estas piedras ayudan a controlar la erosi\u00f3n para proteger tu paisaje y su aspecto de piedra natural resiste la decoloraci\u00f3n para una belleza duradera. Otros beneficios de las piedras de r\u00edo incluyen resistencia a plagas de madera, lavado y arrastre por el viento. Esta bolsa individual de piedra de tama\u00f1o peque\u00f1o cubrir\u00e1 0,18 m\u00b2 a una profundidad de 7,6 cm.        <\/p>\n<ul class=\"sui-w-full sui-list-disc sui-px-6 sui-flex sui-flex-col sui-gap-2 sui-mt-2\" data-testid=\"bullet-list\">\n<li data-testid=\"bullet-list-item\">Utiliza la piedra de r\u00edo de colores variados para paisajismo alrededor de \u00e1rboles, arbustos, terrazas o caminos de entrada para realzar tu jard\u00edn<\/li>\n<li data-testid=\"bullet-list-item\">Controla la erosi\u00f3n para ayudar a proteger tu paisaje<\/li>\n<li data-testid=\"bullet-list-item\">Multicolor resiste la decoloraci\u00f3n para una belleza duradera<\/li>\n<li data-testid=\"bullet-list-item\">El aspecto de piedra natural ofrece versatilidad de dise\u00f1o<\/li>\n<li data-testid=\"bullet-list-item\">Retiene la humedad<\/li>\n<li data-testid=\"bullet-list-item\">Resiste plagas de madera como termitas y hormigas<\/li>\n<li data-testid=\"bullet-list-item\">Cubre hasta 0,09 m\u00b2 <\/li>\n<li data-testid=\"bullet-list-item\">Piedra para Paisajismo en Bolsa de 22,7 kg<\/li>\n<\/ul>\n","protected":false},"excerpt":{"rendered":"<p>Mejora el aspecto de tu jard\u00edn con las Piedras de R\u00edo Vigoro de 0,5 pies\u00b3. Utiliza las piedras para paisajismo alrededor de \u00e1rboles, arbustos, terrazas o caminos de entrada para realzar tu jard\u00edn. Estas piedras ayudan a controlar la erosi\u00f3n para proteger tu paisaje y su aspecto de piedra natural resiste la decoloraci\u00f3n para una [&hellip;]<\/p>\n","protected":false},"featured_media":54550,"comment_status":"open","ping_status":"closed","template":"","meta":[],"product_brand":[],"product_cat":[474],"product_tag":[],"class_list":{"0":"post-55117","1":"product","2":"type-product","3":"status-publish","4":"has-post-thumbnail","6":"product_cat-roca-3","9":"first","10":"instock","11":"taxable","12":"shipping-taxable","13":"purchasable","14":"product-type-variable"},"aioseo_notices":[],"_links":{"self":[{"href":"https:\/\/smartyplantsnursery.com\/es\/wp-json\/wp\/v2\/product\/55117","targetHints":{"allow":["GET"]}}],"collection":[{"href":"https:\/\/smartyplantsnursery.com\/es\/wp-json\/wp\/v2\/product"}],"about":[{"href":"https:\/\/smartyplantsnursery.com\/es\/wp-json\/wp\/v2\/types\/product"}],"replies":[{"embeddable":true,"href":"https:\/\/smartyplantsnursery.com\/es\/wp-json\/wp\/v2\/comments?post=55117"}],"wp:featuredmedia":[{"embeddable":true,"href":"https:\/\/smartyplantsnursery.com\/es\/wp-json\/wp\/v2\/media\/54550"}],"wp:attachment":[{"href":"https:\/\/smartyplantsnursery.com\/es\/wp-json\/wp\/v2\/media?parent=55117"}],"wp:term":[{"taxonomy":"product_brand","embeddable":true,"href":"https:\/\/smartyplantsnursery.com\/es\/wp-json\/wp\/v2\/product_brand?post=55117"},{"taxonomy":"product_cat","embeddable":true,"href":"https:\/\/smartyplantsnursery.com\/es\/wp-json\/wp\/v2\/product_cat?post=55117"},{"taxonomy":"product_tag","embeddable":true,"href":"https:\/\/smartyplantsnursery.com\/es\/wp-json\/wp\/v2\/product_tag?post=55117"}],"curies":[{"name":"wp","href":"https:\/\/api.w.org\/{rel}","templated":true}]}}