{"id":55126,"date":"2026-03-03T20:32:10","date_gmt":"2026-03-03T20:32:10","guid":{"rendered":"https:\/\/smartyplantsnursery.com\/product\/bromelia-aechmea-blanchetiana-orange\/"},"modified":"2026-03-03T20:32:10","modified_gmt":"2026-03-03T20:32:10","slug":"bromelia-aechmea-blanchetiana-orange","status":"publish","type":"product","link":"https:\/\/smartyplantsnursery.com\/es\/product\/bromelia-aechmea-blanchetiana-orange\/","title":{"rendered":"Bromelia &#8211; Aechmea blanchetiana &#8216;Orange&#8217;"},"content":{"rendered":"<p><b>Usos paisaj\u00edsticos generales: <\/b><span class=\"citation-32 citation-end-32\">Plantaci\u00f3n en masa para tapicer\u00eda de gran impacto, punto focal espectacular en rocallas o como ejemplar en macetas grandes. <\/span>Excelente para el paisajismo cortafuegos y borduras tropicales de bajo mantenimiento.<\/p>\n<p><b>Notas sobre restauraci\u00f3n ecol\u00f3gica: <\/b>Uso limitado en restauraci\u00f3n pura al ser una selecci\u00f3n cultivada, pero proporciona valiosas &#8220;fitotelmata&#8221; (dep\u00f3sitos de agua) que sirven de apoyo a la microfauna en islas de calor urbanas.<\/p>\n<p><b>Descripci\u00f3n: <\/b>Bromelia ep\u00edfita o terrestre de gran tama\u00f1o que forma rosetas. Las hojas son r\u00edgidas, acorreadas y serradas con peque\u00f1as espinas. El follaje se vuelve naranja intenso con mucha luz.  <\/p>\n<p><b>Dimensiones: <\/b>Altura 0,9 &#8211; 1,5 m; Anchura 0,9 &#8211; 1,2 m<\/p>\n<p><b>Tasa de crecimiento:<\/b> moderada<\/p>\n<p><b>Distribuci\u00f3n nativa:<\/b> Brasil<\/p>\n<p><b>H\u00e1bitats nativos: <\/b>Dunas costeras (restinga) y m\u00e1rgenes de bosques con abundante luz.<\/p>\n<p><b>Suelos:<\/b> Bien drenados, arena<\/p>\n<p><b>Requisitos nutricionales:<\/b> bajos<\/p>\n<p><b>Tolerancia al agua salada:<\/b> baja<\/p>\n<p><b>Tolerancia al viento salado:<\/b> alta<\/p>\n<p><b>Tolerancia a la sequ\u00eda:<\/b> alta<\/p>\n<p><b>Requisitos de luz:<\/b> pleno sol<\/p>\n<p><b>Color de la flor: <\/b>Br\u00e1cteas rojas y amarillas con peque\u00f1as flores de color p\u00farpura\/azul.<\/p>\n<p><b>Caracter\u00edsticas de la flor: <\/b>Una inflorescencia ramificada masiva (espiga floral) que se eleva 0,6 &#8211; 0,9 m por encima del follaje.<\/p>\n<p><b>Temporada de floraci\u00f3n:<\/b> Primavera a verano<\/p>\n<p><b>Fruto: <\/b>Peque\u00f1os globos similares a bayas tras el marchitamiento de las flores.<\/p>\n<p><b>Vida silvestre y ecolog\u00eda: <\/b>El tanque central recoge el agua de lluvia, creando un ecosistema en miniatura para ranas e insectos beneficiosos. Los colibr\u00edes se sienten atra\u00eddos por las altas espigas florales. <\/p>\n<p><b>Notas hort\u00edcolas: <\/b>Cultivada a partir de hijuelos, semillas o cultivo de tejidos<\/p>\n<p><b>Comentarios:<\/b><\/p>\n","protected":false},"excerpt":{"rendered":"<p><img fetchpriority=\"high\" decoding=\"async\" class=\"alignnone size-medium wp-image-54744\" src=\"https:\/\/smartyplantsnursery.com\/wp-content\/uploads\/2023\/04\/Screenshot-2026-03-03-at-2.22.47-PM-300x185.png\" alt=\"\" width=\"300\" height=\"185\"><\/p>\n<div class=\"container\">\n<div class=\"table-container\">\n<table>\n<thead>\n<tr>\n<th>Tama\u00f1o de la maceta<\/th>\n<th>Altura media plantada (desde la tierra hasta la parte superior de la planta)<\/th>\n<\/tr>\n<\/thead>\n<tbody>\n<tr>\n<td>3 galones\/10&#8243;<\/td>\n<td>1 &#8211; 2 pies<\/td>\n<\/tr>\n<tr>\n<td>7 galones\/14&#8243;<\/td>\n<td>0,6 &#8211; 0,9 m<\/td>\n<\/tr>\n<\/tbody>\n<\/table>\n<\/div>\n<\/div>\n","protected":false},"featured_media":54762,"comment_status":"open","ping_status":"closed","template":"","meta":[],"product_brand":[],"product_cat":[340,362,359,311,357,310,375,321,317,399,363,302,326,314,335,323,330,347,307],"product_tag":[319,350],"class_list":{"0":"post-55126","1":"product","2":"type-product","3":"status-publish","4":"has-post-thumbnail","6":"product_cat-alta","7":"product_cat-alta-es-2","8":"product_cat-arena","9":"product_cat-baja","10":"product_cat-baja-es-3","11":"product_cat-bien-drenado","12":"product_cat-borde","13":"product_cat-cobertura-del-suelo","14":"product_cat-contenedor","15":"product_cat-cultivo-de-tejidos","16":"product_cat-espiga","17":"product_cat-exotica","18":"product_cat-moderada-es-2","19":"product_cat-planta-de-especimen","20":"product_cat-pleno-sol","21":"product_cat-primavera","22":"product_cat-semilla","23":"product_cat-vastago","24":"product_cat-verano","25":"product_tag-amarillo","26":"product_tag-rojo","27":"pa_pot-size-3-galones-10","28":"pa_pot-size-7-galones-14","31":"first","32":"instock","33":"taxable","34":"shipping-taxable","35":"purchasable","36":"product-type-variable"},"aioseo_notices":[],"_links":{"self":[{"href":"https:\/\/smartyplantsnursery.com\/es\/wp-json\/wp\/v2\/product\/55126","targetHints":{"allow":["GET"]}}],"collection":[{"href":"https:\/\/smartyplantsnursery.com\/es\/wp-json\/wp\/v2\/product"}],"about":[{"href":"https:\/\/smartyplantsnursery.com\/es\/wp-json\/wp\/v2\/types\/product"}],"replies":[{"embeddable":true,"href":"https:\/\/smartyplantsnursery.com\/es\/wp-json\/wp\/v2\/comments?post=55126"}],"wp:featuredmedia":[{"embeddable":true,"href":"https:\/\/smartyplantsnursery.com\/es\/wp-json\/wp\/v2\/media\/54762"}],"wp:attachment":[{"href":"https:\/\/smartyplantsnursery.com\/es\/wp-json\/wp\/v2\/media?parent=55126"}],"wp:term":[{"taxonomy":"product_brand","embeddable":true,"href":"https:\/\/smartyplantsnursery.com\/es\/wp-json\/wp\/v2\/product_brand?post=55126"},{"taxonomy":"product_cat","embeddable":true,"href":"https:\/\/smartyplantsnursery.com\/es\/wp-json\/wp\/v2\/product_cat?post=55126"},{"taxonomy":"product_tag","embeddable":true,"href":"https:\/\/smartyplantsnursery.com\/es\/wp-json\/wp\/v2\/product_tag?post=55126"}],"curies":[{"name":"wp","href":"https:\/\/api.w.org\/{rel}","templated":true}]}}