{"id":55127,"date":"2026-03-02T14:57:21","date_gmt":"2026-03-02T14:57:21","guid":{"rendered":"https:\/\/smartyplantsnursery.com\/product\/salvia-tropical-salvia-escarlata-salvia-de-sangre-salvia-coccinea\/"},"modified":"2026-03-02T14:57:21","modified_gmt":"2026-03-02T14:57:21","slug":"salvia-tropical-salvia-escarlata-salvia-de-sangre-salvia-coccinea","status":"publish","type":"product","link":"https:\/\/smartyplantsnursery.com\/es\/product\/salvia-tropical-salvia-escarlata-salvia-de-sangre-salvia-coccinea\/","title":{"rendered":"Salvia tropical, salvia escarlata, salvia de sangre &#8211; Salvia coccinea"},"content":{"rendered":"<p><b>Usos generales en el paisaje:<\/b> Jardines de flores silvestres.<\/p>\n<p><b>Descripci\u00f3n:<\/b> Hierba silvestre herb\u00e1cea de tama\u00f1o mediano a grande.<\/p>\n<p><b>Dimensiones:<\/b> Aproximadamente 2-4 pies de altura. Por lo general, m\u00e1s alta que ancha. <\/p>\n<p><b>Tasa de crecimiento:<\/b> r\u00e1pida.<\/p>\n<p><b>Distribuci\u00f3n:<\/b> Generalmente se considera nativa del sureste de Estados Unidos y de la Am\u00e9rica tropical; ahora se cultiva ampliamente y se ha naturalizado en los tr\u00f3picos y subtr\u00f3picos.<\/p>\n<p><b>H\u00e1bitats:<\/b> Bosques de frondosas y zonas alteradas, incluso a lo largo de la costa.<\/p>\n<p><b>Suelos:<\/b> Suelos arenosos h\u00famedos y bien drenados, con una capa superior rica en humus.<\/p>\n<p><b>Requisitos nutricionales:<\/b> Moderado; puede crecer en suelos pobres en nutrientes, pero necesita algo de contenido org\u00e1nico para prosperar.<\/p>\n<p><b>Tolerancia al agua salada:<\/b> Baja; no tolera las inundaciones a largo plazo con agua salada o salobre.<\/p>\n<p><b>Tolerancia al viento salado:<\/b> Alta; puede tolerar cantidades moderadas de viento salado sin da\u00f1os significativos.<\/p>\n<p><b>Tolerancia a la sequ\u00eda:<\/b> Alta; no requiere agua suplementaria una vez establecida.<\/p>\n<p><b>Requisitos de luz:<\/b> De pleno sol a semisombra.<\/p>\n<p><b>Color de la flor:<\/b> Rojo.<\/p>\n<p><b>Caracter\u00edsticas de la flor:<\/b> vistosa.<\/p>\n<p><b>Temporada de floraci\u00f3n:<\/b> Todo el a\u00f1o; pico en primavera.<\/p>\n<p><b>Fruto:<\/b> N\u00facula poco llamativa.<\/p>\n<p><b>Fauna y ecolog\u00eda:<\/b> Planta nectar\u00edfera para mariposas y colibr\u00edes. Aporta n\u00e9ctar, semillas e insectos a otras aves. <\/p>\n<p><b>Notas de horticultura:<\/b> Se puede cultivar a partir de semillas.<\/p>\n","protected":false},"excerpt":{"rendered":"<p><img decoding=\"async\" class=\"alignnone size-medium wp-image-31863\" src=\"https:\/\/smartyplantsnursery.com\/wp-content\/uploads\/2023\/04\/Screen-Shot-2023-04-22-at-11.28.02-PM-300x134.png\" alt=\"Compre con confianza en el vivero Smarty Plants.\" width=\"300\" height=\"134\"><\/p>\n<div class=\"container\">\n<div class=\"table-container\">\n<table>\n<thead>\n<tr>\n<th>Tama\u00f1o de la maceta<\/th>\n<th>Altura media plantada (desde la tierra hasta la parte superior de la planta)<\/th>\n<\/tr>\n<\/thead>\n<tbody>\n<tr>\n<td>1 gal\u00f3n\/6&#8243;<\/td>\n<td>0 &#8211; 1 ft.<\/td>\n<\/tr>\n<\/tbody>\n<\/table>\n<\/div>\n","protected":false},"featured_media":54713,"comment_status":"open","ping_status":"closed","template":"","meta":[],"product_brand":[59,60],"product_cat":[362,340,359,311,346,310,393,355,324,309,341,308,358,335,323,322,330,303,307],"product_tag":[350],"class_list":{"0":"post-55127","1":"product","2":"type-product","3":"status-publish","4":"has-post-thumbnail","6":"product_brand-fann","7":"product_brand-fnps","8":"product_cat-alta-es-2","9":"product_cat-alta","10":"product_cat-arena","11":"product_cat-baja","12":"product_cat-bajo-mantenimiento","13":"product_cat-bien-drenado","14":"product_cat-flor-silvestre","15":"product_cat-invierno","16":"product_cat-llamativo","17":"product_cat-moderada","18":"product_cat-nativo","19":"product_cat-otono","20":"product_cat-plantas-para-mariposas-plantas-para-polinizadores","21":"product_cat-pleno-sol","22":"product_cat-primavera","23":"product_cat-rapido","24":"product_cat-semilla","25":"product_cat-sol-parcial","26":"product_cat-verano","27":"product_tag-rojo","28":"pa_pot-size-1-galon-6","31":"first","32":"instock","33":"taxable","34":"shipping-taxable","35":"purchasable","36":"product-type-variable"},"aioseo_notices":[],"_links":{"self":[{"href":"https:\/\/smartyplantsnursery.com\/es\/wp-json\/wp\/v2\/product\/55127","targetHints":{"allow":["GET"]}}],"collection":[{"href":"https:\/\/smartyplantsnursery.com\/es\/wp-json\/wp\/v2\/product"}],"about":[{"href":"https:\/\/smartyplantsnursery.com\/es\/wp-json\/wp\/v2\/types\/product"}],"replies":[{"embeddable":true,"href":"https:\/\/smartyplantsnursery.com\/es\/wp-json\/wp\/v2\/comments?post=55127"}],"wp:featuredmedia":[{"embeddable":true,"href":"https:\/\/smartyplantsnursery.com\/es\/wp-json\/wp\/v2\/media\/54713"}],"wp:attachment":[{"href":"https:\/\/smartyplantsnursery.com\/es\/wp-json\/wp\/v2\/media?parent=55127"}],"wp:term":[{"taxonomy":"product_brand","embeddable":true,"href":"https:\/\/smartyplantsnursery.com\/es\/wp-json\/wp\/v2\/product_brand?post=55127"},{"taxonomy":"product_cat","embeddable":true,"href":"https:\/\/smartyplantsnursery.com\/es\/wp-json\/wp\/v2\/product_cat?post=55127"},{"taxonomy":"product_tag","embeddable":true,"href":"https:\/\/smartyplantsnursery.com\/es\/wp-json\/wp\/v2\/product_tag?post=55127"}],"curies":[{"name":"wp","href":"https:\/\/api.w.org\/{rel}","templated":true}]}}