{"id":55134,"date":"2026-03-03T21:10:59","date_gmt":"2026-03-03T21:10:59","guid":{"rendered":"https:\/\/smartyplantsnursery.com\/product\/higuera-estranguladora-higuera-dorada-ficus-aurea\/"},"modified":"2026-03-03T21:10:59","modified_gmt":"2026-03-03T21:10:59","slug":"higuera-estranguladora-higuera-dorada-ficus-aurea","status":"publish","type":"product","link":"https:\/\/smartyplantsnursery.com\/es\/product\/higuera-estranguladora-higuera-dorada-ficus-aurea\/","title":{"rendered":"Higuera estranguladora, higuera dorada &#8211; Ficus aurea"},"content":{"rendered":"<p><b>Usos generales en paisajismo:<\/b> \u00c1rbol ejemplar en paisajes residenciales y comerciales, donde haya espacio suficiente.<\/p>\n<p><b>Notas de restauraci\u00f3n ecol\u00f3gica:<\/b> Un importante \u00e1rbol grande de dosel en hammocks.<\/p>\n<p><b>Descripci\u00f3n:<\/b> \u00c1rbol grande con una copa ampliamente redondeada formada por muchas ramas robustas que a menudo nacen cerca del suelo. Las ra\u00edces a\u00e9reas prominentes forman troncos secundarios. Troncos principales grandes, de hasta 3 pies o m\u00e1s de di\u00e1metro. Corteza normalmente gris, lisa. Hojas gruesas y cori\u00e1ceas, verde oscuro por el haz y m\u00e1s p\u00e1lidas por el env\u00e9s, normalmente de 3-5 pulgadas de largo. Semicaducifolio, con las hojas renov\u00e1ndose r\u00e1pidamente a finales de invierno o principios de primavera.     <\/p>\n<p><b>Dimensiones:<\/b> Normalmente 40-60 pies de altura; hasta 76 pies en el sur de Florida. A menudo tan ancho como alto. <\/p>\n<p><b>Tasa de crecimiento:<\/b> r\u00e1pida.<\/p>\n<p><b>Distribuci\u00f3n:<\/b> Keys del condado de Monroe hacia el norte hasta los condados de Brevard, Osceola, Polk, Hillsborough y Pinellas; Antillas, sur de M\u00e9xico y Centroam\u00e9rica.<\/p>\n<p><b>H\u00e1bitats:<\/b> Hammocks; tambi\u00e9n pantanos, donde crecer\u00e1 de forma semi-ep\u00edfita sobre cipreses (Taxodium) o palmas de repollo (Sabal palmetto).<\/p>\n<p><b>Suelos:<\/b> Suelos arenosos o calizos h\u00famedos, bien drenados a moderadamente bien drenados, con capa superior hum\u00edfera; semi-ep\u00edfito en pantanos.<\/p>\n<p><b>Requisitos nutricionales:<\/b> Moderado; puede crecer en suelos pobres en nutrientes, pero necesita algo de contenido org\u00e1nico para prosperar.<\/p>\n<p><b>Tolerancia al agua salada:<\/b> Moderada; tolera agua salobre o inundaciones ocasionales por agua salada.<\/p>\n<p><b>Tolerancia al viento salado:<\/b> Alta; puede tolerar cantidades moderadas de viento salado sin da\u00f1os significativos.<\/p>\n<p><b>Tolerancia a la sequ\u00eda:<\/b> Alta; no requiere agua suplementaria una vez establecida.<\/p>\n<p><b>Requisitos de luz:<\/b> Pleno sol.<\/p>\n<p><b>Color de la flor:<\/b> N\/D; las flores se desarrollan dentro de los higos.<\/p>\n<p><b>Caracter\u00edsticas de la flor:<\/b> poco llamativas.<\/p>\n<p><b>Temporada de floraci\u00f3n:<\/b> Todo el a\u00f1o; pico en primavera-verano.<\/p>\n<p><b>Fruto:<\/b> Higos rojos o amarillos sin ped\u00fanculo, blandos al madurar. Todo el a\u00f1o.<\/p>\n<p><b>Fauna y ecolog\u00eda:<\/b> La higuera estranguladora a menudo comienza su vida como ep\u00edfita y m\u00e1s tarde env\u00eda ra\u00edces hacia el suelo. Se dispersa principalmente por aves, que consumen los higos. Con mayor frecuencia se establece en la palma de repollo (<i>Sabal palmetto<\/i>). Aporta una cantidad importante de alimento y refugio para la fauna. Es la planta hospedadora larvaria de las mariposas ruddy daggerwing (<i>Marpesia petreus<\/i>) y de las polillas esfinge del higo (<i>Pachylia ficus<\/i>). Las moscas blancas del higo se alimentan de las hojas y las ramillas. La poliniza una avispa espec\u00edfica del hospedador (<i>Pegoscapus mexicanus<\/i>). Los ampelis americanos y muchas otras aves comen los frutos. Sustenta una gran comunidad de insectos, que sirven de alimento a aves insect\u00edvoras.        <\/p>\n<p><b>Notas de horticultura:<\/b> Se cultiva f\u00e1cilmente a partir de semillas. Aplasta los higos sobre papel, deja que se sequen y luego cepilla las semillas peque\u00f1as sobre el sustrato en un recipiente. No cubras las semillas con sustrato. Empieza en semisombra ligera o a pleno sol.  <\/p>\n<p><b>Comentarios:<\/b> A diferencia de algunas higueras no aut\u00f3ctonas, la higuera estranguladora soporta vientos fuertes y rara vez se vuelca en huracanes o tormentas tropicales. Las ra\u00edces pueden ser invasivas, especialmente cerca de fuentes de agua como fosas s\u00e9pticas y campos de drenaje. Se establece con facilidad en el jard\u00edn, especialmente en grietas de superficies de piedra. A diferencia de su pariente aut\u00f3ctono, la higuera de hoja corta (Ficus citrifolia), tiene abundantes ra\u00edces a\u00e9reas.   <\/p>\n","protected":false},"excerpt":{"rendered":"<p><img fetchpriority=\"high\" decoding=\"async\" class=\"alignnone size-medium wp-image-54744\" src=\"https:\/\/smartyplantsnursery.com\/wp-content\/uploads\/2023\/04\/Screenshot-2026-03-03-at-2.22.47-PM-300x185.png\" alt=\"\" width=\"300\" height=\"185\"><\/p>\n<div class=\"container\">\n<div class=\"table-container\">\n<table>\n<thead>\n<tr>\n<th>Tama\u00f1o de la maceta<\/th>\n<th>Altura media plantada (desde la tierra hasta la parte superior de la planta)<\/th>\n<th>Calibre<\/th>\n<\/tr>\n<\/thead>\n<tbody>\n<tr>\n<td>3 galones\/10&#8243;<\/td>\n<td>1 &#8211; 2 pies<\/td>\n<td><\/td>\n<\/tr>\n<tr>\n<td>25 galones\/21&#8243;<\/td>\n<td>8 &#8211; 10 pies<\/td>\n<td>1,5 &#8211; 2 pulg.<\/td>\n<\/tr>\n<tr>\n<td>45 galones\/28&#8243;<\/td>\n<td>3 &#8211; 4,2 m<\/td>\n<td>5 &#8211; 7,6 cm<\/td>\n<\/tr>\n<tr>\n<td>100 galones\/36&#8243;<\/td>\n<td>4,3 &#8211; 4,9 m<\/td>\n<td>10 &#8211; 12,7 cm<\/td>\n<\/tr>\n<\/tbody>\n<\/table>\n<\/div>\n","protected":false},"featured_media":54770,"comment_status":"open","ping_status":"closed","template":"","meta":[],"product_brand":[59,60],"product_cat":[362,340,344,359,310,365,355,309,360,341,308,314,335,323,322,330,307],"product_tag":[],"class_list":{"0":"post-55134","1":"product","2":"type-product","3":"status-publish","4":"has-post-thumbnail","6":"product_brand-fann","7":"product_brand-fnps","8":"product_cat-alta-es-2","9":"product_cat-alta","10":"product_cat-arbol","11":"product_cat-arena","12":"product_cat-bien-drenado","13":"product_cat-inconspicuo","14":"product_cat-invierno","15":"product_cat-moderada","16":"product_cat-moderada-es-3","17":"product_cat-nativo","18":"product_cat-otono","19":"product_cat-planta-de-especimen","20":"product_cat-pleno-sol","21":"product_cat-primavera","22":"product_cat-rapido","23":"product_cat-semilla","24":"product_cat-verano","25":"pa_pot-size-100-galones-36","26":"pa_pot-size-25-galones-21","27":"pa_pot-size-3-galones-10","28":"pa_pot-size-45-galones-28","31":"first","32":"instock","33":"taxable","34":"shipping-taxable","35":"purchasable","36":"product-type-variable"},"aioseo_notices":[],"_links":{"self":[{"href":"https:\/\/smartyplantsnursery.com\/es\/wp-json\/wp\/v2\/product\/55134","targetHints":{"allow":["GET"]}}],"collection":[{"href":"https:\/\/smartyplantsnursery.com\/es\/wp-json\/wp\/v2\/product"}],"about":[{"href":"https:\/\/smartyplantsnursery.com\/es\/wp-json\/wp\/v2\/types\/product"}],"replies":[{"embeddable":true,"href":"https:\/\/smartyplantsnursery.com\/es\/wp-json\/wp\/v2\/comments?post=55134"}],"wp:featuredmedia":[{"embeddable":true,"href":"https:\/\/smartyplantsnursery.com\/es\/wp-json\/wp\/v2\/media\/54770"}],"wp:attachment":[{"href":"https:\/\/smartyplantsnursery.com\/es\/wp-json\/wp\/v2\/media?parent=55134"}],"wp:term":[{"taxonomy":"product_brand","embeddable":true,"href":"https:\/\/smartyplantsnursery.com\/es\/wp-json\/wp\/v2\/product_brand?post=55134"},{"taxonomy":"product_cat","embeddable":true,"href":"https:\/\/smartyplantsnursery.com\/es\/wp-json\/wp\/v2\/product_cat?post=55134"},{"taxonomy":"product_tag","embeddable":true,"href":"https:\/\/smartyplantsnursery.com\/es\/wp-json\/wp\/v2\/product_tag?post=55134"}],"curies":[{"name":"wp","href":"https:\/\/api.w.org\/{rel}","templated":true}]}}