{"id":55159,"date":"2026-03-04T17:10:52","date_gmt":"2026-03-04T17:10:52","guid":{"rendered":"https:\/\/smartyplantsnursery.com\/product\/trasplantador-de-jardin-husky-de-acero-inoxidable-con-mango-de-doble-inyeccion-de-157-cm\/"},"modified":"2026-03-04T17:10:52","modified_gmt":"2026-03-04T17:10:52","slug":"trasplantador-de-jardin-husky-de-acero-inoxidable-con-mango-de-doble-inyeccion-de-157-cm","status":"publish","type":"product","link":"https:\/\/smartyplantsnursery.com\/es\/product\/trasplantador-de-jardin-husky-de-acero-inoxidable-con-mango-de-doble-inyeccion-de-157-cm\/","title":{"rendered":"Trasplantador de jard\u00edn Husky de acero inoxidable con mango de doble inyecci\u00f3n de 15,7 cm"},"content":{"rendered":"<div class=\"sui-flex sui-flex-col sui-gap-2\">\n<p>El trasplantador de mano Husky es la herramienta perfecta para tus necesidades de jardiner\u00eda. Con un cabezal de acero inoxidable duradero y resistente al \u00f3xido y un agarre c\u00f3modo de dise\u00f1o ergon\u00f3mico, esta herramienta est\u00e1 pensada para ofrecer un uso prolongado y durabilidad. Es ideal para plantar, cavar y recoger tierra, tanto para paisajistas profesionales como para aficionados a la jardiner\u00eda.   <\/p>\n<\/div>\n<div>\n<h3 class=\"sui-h3-bold sui-line-clamp-unset sui-font-normal sui-text-primary\">Caracter\u00edsticas destacadas<\/h3>\n<ul class=\"sui-w-full sui-list-disc sui-px-6 sui-flex sui-flex-col sui-gap-2 sui-mt-2\" data-testid=\"bullet-list\">\n<li data-testid=\"bullet-list-item\">Agujero para colgar moldeado en el extremo del mango para facilitar su almacenamiento<\/li>\n<li data-testid=\"bullet-list-item\">Los mangos de TPR de doble inyecci\u00f3n, antideslizantes y ergon\u00f3micos, son extremadamente c\u00f3modos y est\u00e1n dise\u00f1ados para un uso prolongado<\/li>\n<li data-testid=\"bullet-list-item\">El agujero para colgar moldeado en el extremo del mango es ideal para guardarlo despu\u00e9s de su uso<\/li>\n<li data-testid=\"bullet-list-item\">El cabezal de acero inoxidable es ligero, duradero y resistente al \u00f3xido<\/li>\n<\/ul>\n<\/div>\n","protected":false},"excerpt":{"rendered":"<p>El trasplantador de mano Husky es la herramienta perfecta para tus necesidades de jardiner\u00eda. Con un cabezal de acero inoxidable duradero y resistente al \u00f3xido y un agarre c\u00f3modo de dise\u00f1o ergon\u00f3mico, esta herramienta est\u00e1 pensada para ofrecer un uso prolongado y durabilidad. Es ideal para plantar, cavar y recoger tierra, tanto para paisajistas profesionales [&hellip;]<\/p>\n","protected":false},"featured_media":54840,"comment_status":"open","ping_status":"closed","template":"","meta":[],"product_brand":[],"product_cat":[471],"product_tag":[],"class_list":{"0":"post-55159","1":"product","2":"type-product","3":"status-publish","4":"has-post-thumbnail","6":"product_cat-herramientas","9":"first","10":"instock","11":"taxable","12":"shipping-taxable","13":"purchasable","14":"product-type-simple"},"aioseo_notices":[],"_links":{"self":[{"href":"https:\/\/smartyplantsnursery.com\/es\/wp-json\/wp\/v2\/product\/55159","targetHints":{"allow":["GET"]}}],"collection":[{"href":"https:\/\/smartyplantsnursery.com\/es\/wp-json\/wp\/v2\/product"}],"about":[{"href":"https:\/\/smartyplantsnursery.com\/es\/wp-json\/wp\/v2\/types\/product"}],"replies":[{"embeddable":true,"href":"https:\/\/smartyplantsnursery.com\/es\/wp-json\/wp\/v2\/comments?post=55159"}],"wp:featuredmedia":[{"embeddable":true,"href":"https:\/\/smartyplantsnursery.com\/es\/wp-json\/wp\/v2\/media\/54840"}],"wp:attachment":[{"href":"https:\/\/smartyplantsnursery.com\/es\/wp-json\/wp\/v2\/media?parent=55159"}],"wp:term":[{"taxonomy":"product_brand","embeddable":true,"href":"https:\/\/smartyplantsnursery.com\/es\/wp-json\/wp\/v2\/product_brand?post=55159"},{"taxonomy":"product_cat","embeddable":true,"href":"https:\/\/smartyplantsnursery.com\/es\/wp-json\/wp\/v2\/product_cat?post=55159"},{"taxonomy":"product_tag","embeddable":true,"href":"https:\/\/smartyplantsnursery.com\/es\/wp-json\/wp\/v2\/product_tag?post=55159"}],"curies":[{"name":"wp","href":"https:\/\/api.w.org\/{rel}","templated":true}]}}