{"id":55160,"date":"2026-03-04T14:13:12","date_gmt":"2026-03-04T14:13:12","guid":{"rendered":"https:\/\/smartyplantsnursery.com\/product\/hierba-de-la-niebla-turca-hierba-del-cabo-hierba-de-rana-phyla-nodiflora\/"},"modified":"2026-03-04T14:13:12","modified_gmt":"2026-03-04T14:13:12","slug":"hierba-de-la-niebla-turca-hierba-del-cabo-hierba-de-rana-phyla-nodiflora","status":"publish","type":"product","link":"https:\/\/smartyplantsnursery.com\/es\/product\/hierba-de-la-niebla-turca-hierba-del-cabo-hierba-de-rana-phyla-nodiflora\/","title":{"rendered":"Hierba de la niebla turca, Hierba del Cabo, Hierba de rana &#8211; Phyla nodiflora"},"content":{"rendered":"<p><b>Usos generales en el paisaje:<\/b> Se recomienda principalmente para paisajes naturales y restauraciones de h\u00e1bitats. Tambi\u00e9n para jardines de mariposas y jardines acu\u00e1ticos y a lo largo de bordes de estanques y lagos.<\/p>\n<p><b>Descripci\u00f3n:<\/b> Peque\u00f1a planta herb\u00e1cea silvestre rastrera.<\/p>\n<p><b>Dimensiones:<\/b> Aproximadamente 2,5-7,5 cm de altura; hasta 15 cm cuando est\u00e1 en flor. Se extiende formando parches grandes abiertos o densos. <\/p>\n<p><b>Tasa de crecimiento:<\/b> r\u00e1pida.<\/p>\n<p><b>Distribuci\u00f3n:<\/b> Extendida en Estados Unidos hacia el sur hasta las Cayos del Condado de Monroe; Antillas, M\u00e9xico, Am\u00e9rica Central y Am\u00e9rica del Sur.<\/p>\n<p><b>H\u00e1bitats:<\/b> Praderas h\u00famedas y \u00e1reas alteradas h\u00famedas.<\/p>\n<p><b>Suelos:<\/b> Suelos h\u00famedos a mojados, bien drenados a mal drenados, arenosos, calizos u org\u00e1nicos, sin humus.<\/p>\n<p><b>Requisitos nutricionales:<\/b> Bajos; crece en suelos pobres en nutrientes.<\/p>\n<p><b>Tolerancia al agua salada:<\/b> Baja; no tolera las inundaciones a largo plazo con agua salada o salobre.<\/p>\n<p><b>Tolerancia al viento salino:<\/b> Moderada; tolera viento salino significativo sin da\u00f1os, pero normalmente est\u00e1 algo protegida.<\/p>\n<p><b>Tolerancia a la sequ\u00eda:<\/b> Moderada; generalmente requiere suelos h\u00famedos, pero es tolerante a cortos per\u00edodos de sequ\u00eda una vez establecido.<\/p>\n<p><b>Requisitos de luz:<\/b> Pleno sol.<\/p>\n<p><b>Color de la flor:<\/b> Flores blancas con br\u00e1cteas moradas.<\/p>\n<p><b>Caracter\u00edsticas de la flor:<\/b> Semillamativa.<\/p>\n<p><b>Temporada de floraci\u00f3n:<\/b> Todo el a\u00f1o.<\/p>\n<p><b>Fruto:<\/b> Un agregado discreto de 4 nuececillas.<\/p>\n<p><b>Fauna y ecolog\u00eda:<\/b> <b>Planta hospedera de larvas<\/b> para las mariposas junonia com\u00fan (<i>Junonia coenia<\/i>), medialuna fa\u00f3n (<i>Phyciodes phaon<\/i>) y pavo real blanco (<i>Anartia jatrophae<\/i>). <b>Planta nectar\u00edfera<\/b> para azufrada barrada (<i>Eurema daira<\/i>), ceraunus azul (<i>Hemiargus ceraunus<\/i>), saltarina de campo (<i>Atalopedes campestris<\/i>), sedosa gris (<i>Strymon melinus<\/i>), met\u00e1lica peque\u00f1a (<i>Calephelis virginiensis<\/i>), azul de Miami ( <i>Cyclargus thomasi bethunebakeri<\/i>), saltarina de Palatka (<i>Euphyes pilatka<\/i>), medialuna fa\u00f3n, reina (<i>Danaus gilippus<\/i>), saltarina oscura (<i>Nastra lherminier<\/i>), saltarina ajedrezada tropical (<i>Pyrgus oileus<\/i>) y otras mariposas. Atrae abejas nativas y otros insectos beneficiosos. <\/p>\n<p><b>Notas hort\u00edcolas:<\/b> Se cultiva f\u00e1cilmente a partir de esquejes.<\/p>\n","protected":false},"excerpt":{"rendered":"<p><img fetchpriority=\"high\" decoding=\"async\" src=\"https:\/\/smartyplantsnursery.com\/wp-content\/uploads\/2023\/04\/Screenshot-2026-03-03-at-2.22.47-PM-300x185.png\" alt=\"\" width=\"300\" height=\"185\" class=\"alignnone size-medium wp-image-54744\"><\/p>\n<div class=\"container\">\n<div class=\"table-container\">\n<table>\n<thead>\n<tr>\n<th>Tama\u00f1o de la maceta<\/th>\n<th>Altura media plantada (desde la tierra hasta la parte superior de la planta)<\/th>\n<\/tr>\n<\/thead>\n<tbody>\n<tr>\n<td>1 gal\u00f3n\/6&#8243;<\/td>\n<td>0 &#8211; 15 cm<\/td>\n<\/tr>\n<\/tbody>\n<\/table>\n<\/div>\n","protected":false},"featured_media":54794,"comment_status":"open","ping_status":"closed","template":"","meta":[],"product_brand":[59,60],"product_cat":[359,357,311,346,310,321,315,393,355,324,354,313,361,341,308,358,335,323,322,307],"product_tag":[],"class_list":{"0":"post-55160","1":"product","2":"type-product","3":"status-publish","4":"has-post-thumbnail","6":"product_brand-fann","7":"product_brand-fnps","8":"product_cat-arena","9":"product_cat-baja-es-3","10":"product_cat-baja","11":"product_cat-bajo-mantenimiento","12":"product_cat-bien-drenado","13":"product_cat-cobertura-del-suelo","14":"product_cat-esquejes","15":"product_cat-flor-silvestre","16":"product_cat-invierno","17":"product_cat-llamativo","18":"product_cat-mal-drenado","19":"product_cat-moderada-es","20":"product_cat-moderada-es-4","21":"product_cat-nativo","22":"product_cat-otono","23":"product_cat-plantas-para-mariposas-plantas-para-polinizadores","24":"product_cat-pleno-sol","25":"product_cat-primavera","26":"product_cat-rapido","27":"product_cat-verano","28":"pa_pot-size-1-galon-6","31":"first","32":"instock","33":"taxable","34":"shipping-taxable","35":"purchasable","36":"product-type-variable"},"aioseo_notices":[],"_links":{"self":[{"href":"https:\/\/smartyplantsnursery.com\/es\/wp-json\/wp\/v2\/product\/55160","targetHints":{"allow":["GET"]}}],"collection":[{"href":"https:\/\/smartyplantsnursery.com\/es\/wp-json\/wp\/v2\/product"}],"about":[{"href":"https:\/\/smartyplantsnursery.com\/es\/wp-json\/wp\/v2\/types\/product"}],"replies":[{"embeddable":true,"href":"https:\/\/smartyplantsnursery.com\/es\/wp-json\/wp\/v2\/comments?post=55160"}],"wp:featuredmedia":[{"embeddable":true,"href":"https:\/\/smartyplantsnursery.com\/es\/wp-json\/wp\/v2\/media\/54794"}],"wp:attachment":[{"href":"https:\/\/smartyplantsnursery.com\/es\/wp-json\/wp\/v2\/media?parent=55160"}],"wp:term":[{"taxonomy":"product_brand","embeddable":true,"href":"https:\/\/smartyplantsnursery.com\/es\/wp-json\/wp\/v2\/product_brand?post=55160"},{"taxonomy":"product_cat","embeddable":true,"href":"https:\/\/smartyplantsnursery.com\/es\/wp-json\/wp\/v2\/product_cat?post=55160"},{"taxonomy":"product_tag","embeddable":true,"href":"https:\/\/smartyplantsnursery.com\/es\/wp-json\/wp\/v2\/product_tag?post=55160"}],"curies":[{"name":"wp","href":"https:\/\/api.w.org\/{rel}","templated":true}]}}