{"id":55164,"date":"2026-03-04T14:28:09","date_gmt":"2026-03-04T14:28:09","guid":{"rendered":"https:\/\/smartyplantsnursery.com\/product\/vigoro-19-kg-picas-de-fertilizante-para-arboles-frutales-de-frutos-secos-y-citricos-todo-el-ano-16-4-8-15-unidades\/"},"modified":"2026-03-04T14:28:09","modified_gmt":"2026-03-04T14:28:09","slug":"vigoro-19-kg-picas-de-fertilizante-para-arboles-frutales-de-frutos-secos-y-citricos-todo-el-ano-16-4-8-15-unidades","status":"publish","type":"product","link":"https:\/\/smartyplantsnursery.com\/es\/product\/vigoro-19-kg-picas-de-fertilizante-para-arboles-frutales-de-frutos-secos-y-citricos-todo-el-ano-16-4-8-15-unidades\/","title":{"rendered":"Vigoro 1,9 kg Picas de Fertilizante para \u00c1rboles Frutales, de Frutos Secos y C\u00edtricos Todo el A\u00f1o (16-4-8) (15 unidades)"},"content":{"rendered":"<p>Las Picas de Fertilizante para Frutales, Frutos Secos y C\u00edtricos Vigoro son la forma f\u00e1cil de fomentar altos rendimientos y \u00e1rboles frutales, de frutos secos y c\u00edtricos fuertes. Nuestra f\u00f3rmula contiene muchos micronutrientes esenciales que alimentan las plantas durante toda la temporada, entregando los nutrientes directamente a la zona radicular. Simplemente mide el di\u00e1metro de la l\u00ednea de goteo y \u00fasalo como gu\u00eda para determinar el n\u00famero de picas necesarias por planta. Aplica dos veces al a\u00f1o (primavera y oto\u00f1o) cuando el suelo est\u00e9 blando y h\u00famedo. Si el suelo est\u00e1 seco o duro, humedece antes de instalar las picas.    <\/p>\n<h3 class=\"sui-h3-bold sui-line-clamp-unset sui-font-normal sui-text-primary\">Caracter\u00edsticas destacadas<\/h3>\n<ul class=\"sui-w-full sui-list-disc sui-px-6 sui-flex sui-flex-col sui-gap-2 sui-mt-2\" data-testid=\"bullet-list\">\n<li data-testid=\"bullet-list-item\">Las Picas de Fertilizante para Frutales, Frutos Secos y C\u00edtricos Vigoro promueven un crecimiento vigoroso y altos rendimientos<\/li>\n<li data-testid=\"bullet-list-item\">Estas picas de fertilizante alimentan para ayudar a promover una mejor tolerancia al estr\u00e9s y resistencia a enfermedades<\/li>\n<li data-testid=\"bullet-list-item\">Aplica en primavera y oto\u00f1o cuando el suelo est\u00e9 blando y h\u00famedo para alimentar las plantas durante toda la temporada<\/li>\n<li data-testid=\"bullet-list-item\">Incluye 15 picas de fertilizante<\/li>\n<li data-testid=\"bullet-list-item\">Las Picas de Fertilizante para Frutales, Frutos Secos y C\u00edtricos Vigoro funcionan a la primera, o te devolvemos tu dineroIncluye 15 picas de fertilizante<\/li>\n<\/ul>\n","protected":false},"excerpt":{"rendered":"<p>Las Picas de Fertilizante para Frutales, Frutos Secos y C\u00edtricos Vigoro son la forma f\u00e1cil de fomentar altos rendimientos y \u00e1rboles frutales, de frutos secos y c\u00edtricos fuertes. Nuestra f\u00f3rmula contiene muchos micronutrientes esenciales que alimentan las plantas durante toda la temporada, entregando los nutrientes directamente a la zona radicular. Simplemente mide el di\u00e1metro de [&hellip;]<\/p>\n","protected":false},"featured_media":54801,"comment_status":"open","ping_status":"closed","template":"","meta":[],"product_brand":[],"product_cat":[470],"product_tag":[],"class_list":{"0":"post-55164","1":"product","2":"type-product","3":"status-publish","4":"has-post-thumbnail","6":"product_cat-fertilizante","9":"first","10":"instock","11":"taxable","12":"shipping-taxable","13":"purchasable","14":"product-type-variable"},"aioseo_notices":[],"_links":{"self":[{"href":"https:\/\/smartyplantsnursery.com\/es\/wp-json\/wp\/v2\/product\/55164","targetHints":{"allow":["GET"]}}],"collection":[{"href":"https:\/\/smartyplantsnursery.com\/es\/wp-json\/wp\/v2\/product"}],"about":[{"href":"https:\/\/smartyplantsnursery.com\/es\/wp-json\/wp\/v2\/types\/product"}],"replies":[{"embeddable":true,"href":"https:\/\/smartyplantsnursery.com\/es\/wp-json\/wp\/v2\/comments?post=55164"}],"wp:featuredmedia":[{"embeddable":true,"href":"https:\/\/smartyplantsnursery.com\/es\/wp-json\/wp\/v2\/media\/54801"}],"wp:attachment":[{"href":"https:\/\/smartyplantsnursery.com\/es\/wp-json\/wp\/v2\/media?parent=55164"}],"wp:term":[{"taxonomy":"product_brand","embeddable":true,"href":"https:\/\/smartyplantsnursery.com\/es\/wp-json\/wp\/v2\/product_brand?post=55164"},{"taxonomy":"product_cat","embeddable":true,"href":"https:\/\/smartyplantsnursery.com\/es\/wp-json\/wp\/v2\/product_cat?post=55164"},{"taxonomy":"product_tag","embeddable":true,"href":"https:\/\/smartyplantsnursery.com\/es\/wp-json\/wp\/v2\/product_tag?post=55164"}],"curies":[{"name":"wp","href":"https:\/\/api.w.org\/{rel}","templated":true}]}}